{"id":1191,"date":"2016-04-19T14:49:32","date_gmt":"2016-04-19T12:49:32","guid":{"rendered":"http:\/\/johannes-schuetzen.de\/?page_id=1191"},"modified":"2021-10-27T22:50:26","modified_gmt":"2021-10-27T20:50:26","slug":"koenigshaeuser-1990-1999","status":"publish","type":"page","link":"https:\/\/johannes-schuetzen.de\/?page_id=1191","title":{"rendered":"K\u00f6nigsh\u00e4user 1990 &#8211; 1999"},"content":{"rendered":"\n<figure class=\"wp-block-table is-style-regular\"><table><tbody><tr><td>1999<\/td><td>Ferdinand B\u00f6ddecker \u2020<\/td><td><a title=\"J\u00e4gerzug der Einigkeit\" href=\"http:\/\/www.johannes-schuetzen.de\/?page_id=90\">J\u00e4gerzug der Einigkeit<\/a><\/td><td><a title=\"K\u00f6nigshaus 1999\" href=\"http:\/\/www.johannes-schuetzen.de\/?page_id=334\">mehr&#8230;<\/a><\/td><\/tr><tr><td>1998<\/td><td>Peter R\u00fcbner<\/td><td><a title=\"B\u00fcrgerwehr\" href=\"http:\/\/www.johannes-schuetzen.de\/?page_id=82\">B\u00fcrgerwehr<\/a><\/td><td><a title=\"K\u00f6nigshaus 1998\" href=\"http:\/\/www.johannes-schuetzen.de\/?page_id=336\">mehr&#8230;<\/a><\/td><\/tr><tr><td>1997<\/td><td>Leo Mertens \u2020<\/td><td><a title=\"Obercl\u00f6rath\" href=\"http:\/\/www.johannes-schuetzen.de\/?page_id=100\">Obercl\u00f6rath<\/a><\/td><td><a title=\"K\u00f6nigshaus 1997\" href=\"http:\/\/www.johannes-schuetzen.de\/?page_id=338\">mehr&#8230;<\/a><\/td><\/tr><tr><td>1996<\/td><td>Heinz Linden<\/td><td>Blaue Jonges<\/td><td><a title=\"K\u00f6nigshaus 1996\" href=\"http:\/\/www.johannes-schuetzen.de\/?page_id=341\">mehr&#8230;<\/a><\/td><\/tr><tr><td>1995<\/td><td>Hans-Albert M\u00fcller<\/td><td>Mediziner<\/td><td><a title=\"K\u00f6nigshaus 1995\" href=\"http:\/\/www.johannes-schuetzen.de\/?page_id=343\">mehr&#8230;<\/a><\/td><\/tr><tr><td>1994<\/td><td>Willi Huppertz \u2020<\/td><td><a title=\"B\u00fcrgerwehr\" href=\"http:\/\/www.johannes-schuetzen.de\/?page_id=82\">B\u00fcrgerwehr<\/a><\/td><td><a title=\"K\u00f6nigshaus 1994\" href=\"http:\/\/www.johannes-schuetzen.de\/?page_id=345\">mehr&#8230;<\/a><\/td><\/tr><tr><td>1993<\/td><td>Karl-Heinz Thivessen<\/td><td>Blaue Jonges<\/td><td><a title=\"K\u00f6nigshaus 1993\" href=\"http:\/\/www.johannes-schuetzen.de\/?page_id=348\">mehr&#8230;<\/a><\/td><\/tr><tr><td>1992<\/td><td>Olaf Teckenburg<\/td><td>Fidele Jonges<\/td><td><a title=\"K\u00f6nigshaus 1992\" href=\"http:\/\/www.johannes-schuetzen.de\/?page_id=350\">mehr&#8230;<\/a><\/td><\/tr><tr><td>1991<\/td><td>Leo Mertens \u2020<\/td><td><a title=\"Obercl\u00f6rath\" href=\"http:\/\/www.johannes-schuetzen.de\/?page_id=100\">Obercl\u00f6rath<\/a><\/td><td><a title=\"K\u00f6nigshaus 1991\" href=\"http:\/\/www.johannes-schuetzen.de\/?page_id=352\">mehr&#8230;<\/a><\/td><\/tr><tr><td>1990<\/td><td>Dieter Heldt<\/td><td>Blaue Jonges<\/td><td><a title=\"K\u00f6nigshaus 1990\" href=\"http:\/\/www.johannes-schuetzen.de\/?page_id=354\">mehr&#8230;<\/a><\/td><\/tr><\/tbody><\/table><\/figure>\n","protected":false},"excerpt":{"rendered":"<p>1999 Ferdinand B\u00f6ddecker \u2020 J\u00e4gerzug der Einigkeit mehr&#8230; 1998 Peter R\u00fcbner B\u00fcrgerwehr mehr&#8230; 1997 Leo Mertens \u2020 Obercl\u00f6rath mehr&#8230; 1996 Heinz Linden Blaue Jonges mehr&#8230; 1995 Hans-Albert M\u00fcller Mediziner mehr&#8230; 1994 Willi Huppertz \u2020 B\u00fcrgerwehr mehr&#8230; 1993 Karl-Heinz Thivessen Blaue Jonges mehr&#8230; 1992 Olaf Teckenburg Fidele Jonges mehr&#8230; 1991 Leo Mertens \u2020 Obercl\u00f6rath mehr&#8230; 1990<\/p><\/div>\n<div class=\"blog-btn\"><a href=\"https:\/\/johannes-schuetzen.de\/?page_id=1191\" class=\"home-blog-btn\">Weiterlesen<\/a><\/p>\n","protected":false},"author":1,"featured_media":0,"parent":1176,"menu_order":0,"comment_status":"closed","ping_status":"closed","template":"","meta":{"footnotes":""},"class_list":["post-1191","page","type-page","status-publish","hentry"],"_links":{"self":[{"href":"https:\/\/johannes-schuetzen.de\/index.php?rest_route=\/wp\/v2\/pages\/1191","targetHints":{"allow":["GET"]}}],"collection":[{"href":"https:\/\/johannes-schuetzen.de\/index.php?rest_route=\/wp\/v2\/pages"}],"about":[{"href":"https:\/\/johannes-schuetzen.de\/index.php?rest_route=\/wp\/v2\/types\/page"}],"author":[{"embeddable":true,"href":"https:\/\/johannes-schuetzen.de\/index.php?rest_route=\/wp\/v2\/users\/1"}],"replies":[{"embeddable":true,"href":"https:\/\/johannes-schuetzen.de\/index.php?rest_route=%2Fwp%2Fv2%2Fcomments&post=1191"}],"version-history":[{"count":6,"href":"https:\/\/johannes-schuetzen.de\/index.php?rest_route=\/wp\/v2\/pages\/1191\/revisions"}],"predecessor-version":[{"id":2573,"href":"https:\/\/johannes-schuetzen.de\/index.php?rest_route=\/wp\/v2\/pages\/1191\/revisions\/2573"}],"up":[{"embeddable":true,"href":"https:\/\/johannes-schuetzen.de\/index.php?rest_route=\/wp\/v2\/pages\/1176"}],"wp:attachment":[{"href":"https:\/\/johannes-schuetzen.de\/index.php?rest_route=%2Fwp%2Fv2%2Fmedia&parent=1191"}],"curies":[{"name":"wp","href":"https:\/\/api.w.org\/{rel}","templated":true}]}}