{"id":120,"date":"2013-08-29T09:14:39","date_gmt":"2013-08-29T07:14:39","guid":{"rendered":"http:\/\/www.johannes-schuetzen.de\/?page_id=120"},"modified":"2023-06-14T21:12:52","modified_gmt":"2023-06-14T19:12:52","slug":"heitere-paenz","status":"publish","type":"page","link":"https:\/\/johannes-schuetzen.de\/?page_id=120","title":{"rendered":"Heitere P\u00e4nz"},"content":{"rendered":"\n<p><\/p>\n\n\n<div class=\"wp-block-image\">\n<figure class=\"aligncenter size-large\"><img  title=\"\" loading=\"lazy\" decoding=\"async\" width=\"1024\" height=\"768\" src=\"https:\/\/johannes-schuetzen.de\/wp-content\/uploads\/2023\/06\/Heitere-Paenz-2023-1024x768.jpg\"  alt=\"Heitere-Paenz-2023-1024x768 Heitere P\u00e4nz\"  class=\"wp-image-2819\" srcset=\"https:\/\/johannes-schuetzen.de\/wp-content\/uploads\/2023\/06\/Heitere-Paenz-2023-1024x768.jpg 1024w, https:\/\/johannes-schuetzen.de\/wp-content\/uploads\/2023\/06\/Heitere-Paenz-2023-550x413.jpg 550w, https:\/\/johannes-schuetzen.de\/wp-content\/uploads\/2023\/06\/Heitere-Paenz-2023-150x113.jpg 150w, https:\/\/johannes-schuetzen.de\/wp-content\/uploads\/2023\/06\/Heitere-Paenz-2023-768x576.jpg 768w, https:\/\/johannes-schuetzen.de\/wp-content\/uploads\/2023\/06\/Heitere-Paenz-2023-1536x1152.jpg 1536w, https:\/\/johannes-schuetzen.de\/wp-content\/uploads\/2023\/06\/Heitere-Paenz-2023-2048x1536.jpg 2048w\" sizes=\"auto, (max-width: 1024px) 100vw, 1024px\" \/><figcaption class=\"wp-element-caption\">Obere Reihe von links nach rechts:\u00a0<br>Max Paule\u00dfen, Till Paule\u00dfen , Paul Recken, Lucas Fl\u00f6ren, Benjamin Thees<br>Untere Reihe von links:\u00a0<br>Leo Bayertz, Andre Draack, Timo Berger, Ben Sieben, Wim Paule\u00dfen, Leon Draack, Bastian Draack, Julian Sieben<\/figcaption><\/figure>\n<\/div>\n\n\n<p>Im Jahr&nbsp;2000 wurde diese Sch\u00fctzengruppe als Kindergruppe der St. Johannes Sch\u00fctzengesellschaft 1662&nbsp;Cl\u00f6rath \u2013 Vennheide e.V. gegr\u00fcndet. Als Gruppenname wurde \u201eHeitere P\u00e4nz\u201c gew\u00e4hlt, da dieser Name bereits von 1984 bis 1996 f\u00fcr eine gelungene Nachwuchsarbeit der St. Johannes Sch\u00fctzen gestanden hat (siehe \u201eDe Heitere\u201c und \u201eHerzbuben\u201c).<\/p>\n\n\n\n<p>Zurzeit besteht die Gruppe aus&nbsp;zehn Jungsch\u00fctzen. Seit Bestehen erlangten f\u00fcnf Gruppenmitglieder die Sch\u00fclerprinzenw\u00fcrde der St. Johannes Sch\u00fctzengesellschaft 1662 Cl\u00f6rath \u2013 Vennheide e.V. Dies waren:<\/p>\n\n\n\n<ul class=\"wp-block-list\">\n<li>2005 Paul Schulzke<\/li>\n\n\n\n<li>2006 Mike Kamman<\/li>\n\n\n\n<li>2011 Jan-Peter K\u00f6ttelwesch<\/li>\n\n\n\n<li>2013 Paul K\u00f6ttelwesch<\/li>\n\n\n\n<li>2022 Matheus Cremers<\/li>\n\n\n\n<li>2023 Till Paule\u00dfen<\/li>\n<\/ul>\n\n\n\n<p>Bis ins Jahr 2011 wuchs die Gruppe auf 15 m\u00e4nnliche Nachwuchssch\u00fctzen an. Nach den Sch\u00fctzenfesten 2011 und 2022 entstanden aus dieser Gruppe weitere Nachwuchsgruppen.<\/p>\n\n\n\n<p>Seit Gr\u00fcndung der Gruppe im Jahr 2000 werden die Kinder von Markus Berger betreut. Unterst\u00fctzung erh\u00e4lt er nunmehr durch Simone Paule\u00dfen.<\/p>\n","protected":false},"excerpt":{"rendered":"<p>Im Jahr&nbsp;2000 wurde diese Sch\u00fctzengruppe als Kindergruppe der St. Johannes Sch\u00fctzengesellschaft 1662&nbsp;Cl\u00f6rath \u2013 Vennheide e.V. gegr\u00fcndet. Als Gruppenname wurde \u201eHeitere P\u00e4nz\u201c gew\u00e4hlt, da dieser Name bereits von 1984 bis 1996 f\u00fcr eine gelungene Nachwuchsarbeit der St. Johannes Sch\u00fctzen gestanden hat (siehe \u201eDe Heitere\u201c und \u201eHerzbuben\u201c). Zurzeit besteht die Gruppe aus&nbsp;zehn Jungsch\u00fctzen. Seit Bestehen erlangten f\u00fcnf<\/p><\/div>\n<div class=\"blog-btn\"><a href=\"https:\/\/johannes-schuetzen.de\/?page_id=120\" class=\"home-blog-btn\">Weiterlesen<\/a><\/p>\n","protected":false},"author":1,"featured_media":0,"parent":498,"menu_order":0,"comment_status":"closed","ping_status":"closed","template":"","meta":{"footnotes":""},"class_list":["post-120","page","type-page","status-publish","hentry"],"_links":{"self":[{"href":"https:\/\/johannes-schuetzen.de\/index.php?rest_route=\/wp\/v2\/pages\/120","targetHints":{"allow":["GET"]}}],"collection":[{"href":"https:\/\/johannes-schuetzen.de\/index.php?rest_route=\/wp\/v2\/pages"}],"about":[{"href":"https:\/\/johannes-schuetzen.de\/index.php?rest_route=\/wp\/v2\/types\/page"}],"author":[{"embeddable":true,"href":"https:\/\/johannes-schuetzen.de\/index.php?rest_route=\/wp\/v2\/users\/1"}],"replies":[{"embeddable":true,"href":"https:\/\/johannes-schuetzen.de\/index.php?rest_route=%2Fwp%2Fv2%2Fcomments&post=120"}],"version-history":[{"count":7,"href":"https:\/\/johannes-schuetzen.de\/index.php?rest_route=\/wp\/v2\/pages\/120\/revisions"}],"predecessor-version":[{"id":2822,"href":"https:\/\/johannes-schuetzen.de\/index.php?rest_route=\/wp\/v2\/pages\/120\/revisions\/2822"}],"up":[{"embeddable":true,"href":"https:\/\/johannes-schuetzen.de\/index.php?rest_route=\/wp\/v2\/pages\/498"}],"wp:attachment":[{"href":"https:\/\/johannes-schuetzen.de\/index.php?rest_route=%2Fwp%2Fv2%2Fmedia&parent=120"}],"curies":[{"name":"wp","href":"https:\/\/api.w.org\/{rel}","templated":true}]}}