{"id":1266,"date":"2016-04-20T17:29:00","date_gmt":"2016-04-20T15:29:00","guid":{"rendered":"http:\/\/johannes-schuetzen.de\/?page_id=1266"},"modified":"2021-11-02T17:30:46","modified_gmt":"2021-11-02T16:30:46","slug":"archiv-2015","status":"publish","type":"page","link":"https:\/\/johannes-schuetzen.de\/?page_id=1266","title":{"rendered":"Archiv 2015"},"content":{"rendered":"\n<p>25. November 2015 | 00.00 Uhr<\/p>\n\n\n\n<h1 class=\"wp-block-heading\">Jahresversammlung<br>Cl\u00f6rather Sch\u00fctzen best\u00e4tigen Vorstand<\/h1>\n\n\n\n<p>Willich. ANRATH (djm) Wiederwahlen und zwei Neuwahlen &#8211; die Jahresversammlung der St. Johannes Sch\u00fctzengesellschaft Cl\u00f6rath-Vennheide verlief harmonisch. In ihren \u00c4mtern best\u00e4tigt wurden Gesch\u00e4ftsf\u00fchrer Klaus Will, 1. Kassierer Klaus Dieter Altmayer, 2. Schriftf\u00fchrer Christian Maritzen, 2. Beisitzer Paul Frelih. Zum neuen Kassenpr\u00fcfer bestimmten die Sch\u00fctzen Ulrich Maritzen, und stellvertretender Jungsch\u00fctzenmeister ist Roger Demers. Die Versammlung best\u00e4tigte zudem die Offiziere des Regimentes: General Burkhard Meifert, General-Adjutant Roger Demers, Major Andreas Teschen, Major-Adjutant Pascal Dix und Regimentsspie\u00df Daniel Ricken.<\/p>\n\n\n\n<p>Zufrieden sind die Sch\u00fctzen mit der Kinder- und Jugendarbeit: Von 136 aktiven Sch\u00fctzen sind 53 Mitglieder unter 21 Jahren. Au\u00dferdem verabschiedeten sie die bisherige K\u00f6nigin Simone Lier &#8211; das Sch\u00fctzensilber wandert jetzt erst einmal f\u00fcr l\u00e4ngere Zeit in den Tresor, weil es f\u00fcr das Sch\u00fctzenfest 2016 keinen K\u00f6nig gibt.<\/p>\n\n\n\n<p>Quelle: RP<\/p>\n\n\n\n<hr class=\"wp-block-separator\"\/>\n\n\n\n<hr class=\"wp-block-separator\"\/>\n\n\n\n<p>28. Oktober 2015 | 00.00 Uhr<\/p>\n\n\n\n<h1 class=\"wp-block-heading\">Sch\u00fctzen &#8211; Cl\u00f6rather schie\u00dfen die Besten aus<\/h1>\n\n\n\n<p>Willich. ANRATH (djm) Mit 211 Ringen war die Gruppe &#8222;de Kavaliere&#8220; unangefochtener Sieger im Gruppen-Wettbewerb: Mit dem Hermann-Adrian- Ged\u00e4chtnispokalschie\u00dfen beendeten die Sch\u00fctzen der St. Johannes Sch\u00fctzengesellschaft Cl\u00f6rath-Vennheide ihr Sch\u00fctzenjahr. Zweiter Sieger wurden die &#8222;Brave Jonges&#8220; mit 173 Ringen, auf Platz drei landete die Gruppe &#8222;Obercl\u00f6rath&#8220;. Bei den Einzelsch\u00fctzen siegte Annette Hegger (76 Ringe) vor Dennis Gerlofsma (74 Ringe) und Marcus Sch\u00fcrmann (73 Ringe).<\/p>\n\n\n\n<p>Bester Jungsch\u00fctze war Manuel Brons (66 Ringe), gefolgt von Antonia Schumacher (48 Ringe) und Niclas Berger (39 Ringe). Den Alterspokal f\u00fcr Sch\u00fctzen \u00fcber 55 Jahre erh\u00e4lt Axel Kr\u00fcger (51 Ringe), Platz zwei belegt Willi Adrian (44 Ringe) und Platz drei Norbert Strathmann (34 Ringe).<\/p>\n\n\n\n<p>Quelle: RP<\/p>\n\n\n\n<hr class=\"wp-block-separator\"\/>\n\n\n\n<hr class=\"wp-block-separator\"\/>\n\n\n\n<p>26. Oktober 2015<\/p>\n\n\n\n<h1 class=\"wp-block-heading\">\u201eDe Kavaliere\u201c sind die Besten<\/h1>\n\n\n\n<p>Cl\u00f6rath. J\u00fcngst fand von der St. Johannes Sch\u00fctzengesellschaft 1662 Cl\u00f6rath-Vennheide das j\u00e4hrliche Hermann Adrian Ged\u00e4chtnispokalschiessen statt. Die Gruppe \u201eDe Kavaliere\u201c errang den Pokal mit insgesamt 211 Ringen. Beste Einzelsch\u00fctzin wurde Annette Hegger, bester Sch\u00fctze Annette Hegger. Der Alterspokal ging an Axel Kr\u00fcger. Von Alexander Ruth<\/p>\n\n\n\n<p>Quelle: Willicher Nachrichten \/ StadtSpiegel<\/p>\n\n\n\n<hr class=\"wp-block-separator\"\/>\n\n\n\n<hr class=\"wp-block-separator\"\/>\n\n\n\n<p>10. Juni 2015 | 00.00 Uhr<\/p>\n\n\n\n<h1 class=\"wp-block-heading\">Vogelschuss-Cl\u00f6rather haben (noch) keinen K\u00f6nig<\/h1>\n\n\n\n<p>Willich. ANRATH (djm) Es war eine etwas \u00fcberraschende Wendung, aber die Sch\u00fctzen der St. Johannes Sch\u00fctzengesellschaft 1662 Cl\u00f6rath-Vennheide lassen sich nicht unterkriegen: Der Schlusspunkt des Sch\u00fctzenfestes, der traditionelle Vogelschuss f\u00fcr den N\u00e4chstjahres-K\u00f6nig, endete am Montagabend ergebnislos. Einer ernsthaften Kandidatin kamen w\u00e4hrend des Schie\u00dfens dann doch Bedenken, und sie verzichtete auf ihre Bewerbung.<\/p>\n\n\n\n<p>Das verdaute der Vorstand aber schon am Abend und machte neue Pl\u00e4ne: &#8222;Wir werden jetzt mit allen Gruppen sprechen und sehen, ob sich ein Bewerber f\u00fcr die K\u00f6nigsw\u00fcrde findet&#8220;, so Sprecher Christian Maritzen. Dann soll der Vogelschuss zu einem sp\u00e4teren Zeitpunkt nachgeholt werden &#8211; ein Verfahren, das auch schon bei anderen Sch\u00fctzenvereinen \u00fcblich ist. Sollte sich tats\u00e4chlich kein Bewerber oder keine Bewerberin finden, werde der Vorstand eben beim n\u00e4chsten Sch\u00fctzenfest an der Spitze stehen, so die L\u00f6sung f\u00fcr den schlimmsten Fall.<\/p>\n\n\n\n<p>Quelle: RP<\/p>\n\n\n\n<hr class=\"wp-block-separator\"\/>\n\n\n\n<hr class=\"wp-block-separator\"\/>\n\n\n\n<p>8. Juni 2015 | 00.00 Uhr<\/p>\n\n\n\n<h1 class=\"wp-block-heading\">Ein sonniges Fest in Cl\u00f6rath<\/h1>\n\n\n\n<figure class=\"wp-block-image alignnone\"><img  title=\"\" decoding=\"async\" src=\"https:\/\/johannes-schuetzen.de\/wp-content\/uploads\/2016\/04\/RP-2015-06-08.jpg\"  alt=\"RP-2015-06-08 Archiv 2015\" \/><figcaption><em>Viele Zuschauer und Besucher aus Gastvereinen hatte die K\u00f6nigsparade mit Gro\u00dfem Zapfenstreich am gestrigen Sonntagvormittag. FOTO: Achim H\u00fcskes<\/em><\/figcaption><\/figure>\n\n\n\n<p><strong>Stadt Willich. Paraden, Ball, Party und Traditionen &#8211; in Cl\u00f6rath-Vennheide wird seit Donnerstag Sch\u00fctzenfest gefeiert.<\/strong> <strong>Heute ist ab 20.30 Uhr Ausklang mit der K\u00f6nigskr\u00f6nung im Zelt auf der Schie\u00dfanlage. Von Nadia Joppen<\/strong><\/p>\n\n\n\n<p>&#8222;Es ist toll: So viele Leute, die einem helfen, der Verein steht hinter uns, die Gastbruderschaften &#8211; ich kann das jetzt noch gar nicht alles fassen&#8220;, so lautete die erste Reaktion von K\u00f6nigin Simone Lier, der zweiten Sch\u00fctzenk\u00f6nigin der St. Johannes Sch\u00fctzengesellschaft 1662 Cl\u00f6rath-Vennheide \u00fcberhaupt. Noch bis heute Abend f\u00fchrt sie mit den Ministerinnen Susanne Berger und Bianca Dix sowie K\u00f6nigsoffizierin Jennifer Kruthoff das Sch\u00fctzenregiment in der Honschaft.<\/p>\n\n\n\n<p>Das Fest der Gesellschaft verlief sehr erfolgreich &#8211; beginnend am Donnerstag mit den Vogelsch\u00fcssen des Nachwuchses: Es waren \u00fcber 50 Kinder und Jugendliche im Wettbewerb, &#8222;eine so gro\u00dfe Gruppe ist nicht selbstverst\u00e4ndlich f\u00fcr einen doch eher kleinen Verein wie uns&#8220;, meinte Christian Maritzen, der Sprecher der Gesellschaft. Allerdings sah er auch noch erhebliches &#8222;Nachwuchs-Gewinnungspotenzial&#8220; im noch nicht sch\u00fctzentauglichen Alter, speziell bei den &#8222;Herzbuben&#8220;. Das Ergebnis am Donnerstag: Sch\u00fclerprinz ist Nico Karsch (245. Schuss) mit den Ministern Nils Karsch und Jonas Engels sowie Prinzenoffizier Tobias Engels aus der Gruppe &#8222;Jut Jelonge Juschfotte&#8220;. Jugendprinzessin ist Melanie Altmayer (260. Schuss) mit den Ministerinnen Miriam Schmitz und Johanna Esters sowie Prinzessinnen-Offizier Samantha Wirtz &#8211; aus der Gruppe der &#8222;Cl\u00f6rather Lilien&#8220;.<\/p>\n\n\n\n<p>Am Freitagabend luden die Sch\u00fctzen wieder zur traditionellen Zeltparty &#8222;Cl\u00f6rath brennt&#8220; und hatten sich nach mehreren Jahren mit Live-Band wieder f\u00fcr einen DJ entschieden &#8211; eine gute Wahl, so Maritzen: &#8222;DJ Norbert war eine gute Empfehlung: Die Stimmung war super und das Zelt mit Licht und Konfetti-Bomben gut gestaltet. Das kann sich rumsprechen und noch mehr Leute ins Zelt holen&#8220; &#8211; das \u00fcbrigens erst um 2 Uhr am Donnerstagmorgen schloss.<\/p>\n\n\n\n<p>Der Samstag war dann mit Kranzniederlegung am Missionskreuz und der Festmesse in der St. Johannes Pfarrkirche Anrath erst feierlich. Maritzen war aber froh, dass auch die Messe wieder gut besucht war. Danach ging es zum K\u00f6niginnen-Galaball mit der Band &#8222;Klangstadt&#8220; ins Zelt.<\/p>\n\n\n\n<p>Viele Zuschauer und Besucher aus Gastvereinen hatte die K\u00f6nigsparade mit Gro\u00dfem Zapfenstreich am Sonntagvormittag: Marcus Herold, der Pr\u00e4sident der Sch\u00fctzengesellschaft, dankte den Anwohnern auf der Vennheide f\u00fcr die sch\u00f6n geschm\u00fcckte Stra\u00dfe &#8211; Sch\u00fctzen und G\u00e4ste zeigten eine reibungslose Parade vor K\u00f6nigin Simone: Kavaliere (15. Zug-Jubil\u00e4um), J\u00e4gerzug der Einigkeit (20 Jahre), muntere Jonges, heitere P\u00e4nz &#8230; liefen auf der Stra\u00dfe im einwandfreien Stechschritt oder gr\u00fc\u00dften &#8211; wie im Falle der Musketiergruppe &#8222;Cl\u00f6rather Lilien&#8220; &#8211; die K\u00f6nigin schwungvoll mit geschwenktem Hut. Auch der feierliche Gro\u00dfe Zapfenstreich am Ende wurde von den Musikeinheiten einwandfrei gespielt und mit Applaus der Zuschauer gew\u00fcrdigt.<\/p>\n\n\n\n<p>Einen besonderen Gag hatte sich das Musikkorps 78 BSW einfallen lassen: Beim abschlie\u00dfenden Vorbeiziehen an den Zuschauern spielten sie einen verjazzten Sch\u00fctzenmarsch &#8211; zur Begeisterung aller.<\/p>\n\n\n\n<p>Danach ging es zum Fr\u00fchschoppen in das Festzelt. Guido G\u00f6rtz, der stellvertretende B\u00fcrgermeister, \u00fcberreichte dem K\u00f6nigshaus einen Gru\u00df der Stadt und freute sich, dass in immer mehr Sch\u00fctzengesellschaften auch Frauen als K\u00f6niginnen das Regiment anf\u00fchren, &#8222;das machen die Frauen sehr gut&#8220;, betonte er.<\/p>\n\n\n\n<p>Quelle: RP<\/p>\n\n\n\n<hr class=\"wp-block-separator\"\/>\n\n\n\n<hr class=\"wp-block-separator\"\/>\n\n\n\n<p>8. Juni 2015<\/p>\n\n\n\n<h1 class=\"wp-block-heading\">Viele emotionale Momente<\/h1>\n\n\n\n<figure class=\"wp-block-image alignnone\"><img  title=\"\" decoding=\"async\" src=\"https:\/\/johannes-schuetzen.de\/wp-content\/uploads\/2016\/04\/WillicherNachrichten2016-06-08.jpg\"  alt=\"WillicherNachrichten2016-06-08 Archiv 2015\" \/><figcaption><em>Die j\u00fcngeren Musketiere der \u201eCl\u00f6rather Linien\u201c gr\u00fc\u00dfen K\u00f6nigin Simone Lier (3.v.l.) mit K\u00f6nigsoffizier Jennifer Kruthoff, Ministerin Susanne Berger und Bianc<\/em>a Dix (verdeckt) von der ersten Musketier-Generation. FOTO: Kunze<\/figcaption><\/figure>\n\n\n\n<p><strong>Cl\u00f6rath-Vennheide. Emotional war der Moment, als die Cl\u00f6rath-Vennheider Sch\u00fctzenk\u00f6nigin Simone Lier am Sonntagabend mit Begleiter Marco Gotzes ihre Ehrent\u00e4nze beendet hatte. Von der Redaktion<\/strong><\/p>\n\n\n\n<p>Monarchin konnte kaum sprechen, als sie die K\u00f6nigin des Jahres 1985 in die Arme schloss und gestand: \u201eWir haben zusammen viel durchgemacht und du bist die beste Mutti, die man sich w\u00fcnschen kann!\u201c Aber nicht nur Simone I. hatte Tr\u00e4nen in Augen und Stimme, auch viele der umstehenden gestandenen Sch\u00fctzen mussten das ein oder andere Tr\u00f6pfchen wegblinzeln. Manche erinnerten sich gar, dass der bereits verstorbene Vater der amtierenden K\u00f6nigin, Manfred Lier, mit seiner Roswita vor 30 Jahren ebenfalls seine K\u00f6nigst\u00e4nze auf dieser Tanzfl\u00e4che absolviert und im Rahmen des Sch\u00fctzesfestes sogar geheiratet hatte. Vielleicht zur kleinen Wiedergutmachung hatte das Schicksal Simone I. Lier mit den Musketieren und dem Wachzug De Heitere zuverl\u00e4ssige Freunde und \u2013 im Gegensatz zum Jahr 1985 \u2013 hervorragendes Wetter an die Seite gestellt.<\/p>\n\n\n\n<p>Der Festzug durch die Felder der Honschaften lie\u00df den Schrittz\u00e4hler von Marco Gotzes \u00fcbrigens auf unglaubliche 16.342 Schritte hochschnellen. Ein Ergebnis, das Sch\u00fctzenpr\u00e4sident Marcus Herold spontan zweifeln lie\u00df: \u201eSoviel sind wir im Leben nicht gelaufen!\u201c Man einigte sich schlie\u00dflich auf leichte Messungenauigkeiten. Ein Ergebnis, das Michael Breuer aber kaum Schrecken konnte. Der Sch\u00fctze war wie immer aus M\u00fcnchen angereist, um in der Heimat feiern zu k\u00f6nnen. N\u00e4chstes Jahr will er 10.722 Kilometer aus China anreisen. Frisch aus dem gerade erreichten Hafen der Ehe erschien am Samstabend au\u00dferdem Robert Delvos mit Gattin Petra im Festzelt, was die Sch\u00fctzen mit Begeisterung und Gratulationen quittierten, zumal der frischgebackene Ehemann auch noch Geburtstag hatte.<\/p>\n\n\n\n<p>Verdienste ganz handfester Art hatten sich Klaus-Dieter Will und Heinz-Peter K\u00f6ttelwesch erworben, wof\u00fcr sie mit dem Silbernen Verdienstkreuz des Bundes ausgezeichnet wurden. \u00dcber den Vereinsorden in Gold freute sich Marcus Sch\u00fcrmann, mit Silber ehrte Pr\u00e4sident Herold Markus Berger und Paul Frelih. Die Stufe in Bronze tragen nun auch Manuel Brons, Valerie und Niclas Hardt, Melanie Altmayer und Lothar Snellen.<\/p>\n\n\n\n<p>Den letzten \u201eOrden\u201c des Festes lieferte allerdings die B\u00fcrgerwehr auf den K\u00f6nigsthron. Mitglied Michael Paschen hatten beim K\u00f6nigsschie\u00dfen den Schwanz des Vogels heruntergeschossen und der angehenden Monarchin durch die Konkurrenz einige Aufregung beschert. Seither fehlte ihr diese Troph\u00e4e, die nun im Triumpfzug abgeliefert wurde. Im Gegentzug ernannte Simone I. den Sch\u00fctzenbruder zum \u201eRitter des Schweifes\u201c.<\/p>\n\n\n\n<p>Quelle: Willicher Nachrichten \/ StadtSpiegel<\/p>\n\n\n\n<hr class=\"wp-block-separator\"\/>\n\n\n\n<hr class=\"wp-block-separator\"\/>\n\n\n\n<p>3. Juni 2015<\/p>\n\n\n\n<h2 class=\"wp-block-heading\">Vier Musketiere<\/h2>\n\n\n\n<figure class=\"wp-block-image alignnone\"><img  title=\"\" decoding=\"async\" src=\"https:\/\/johannes-schuetzen.de\/wp-content\/uploads\/2016\/04\/WillicherNachrichten2016-06-03.jpg\"  alt=\"WillicherNachrichten2016-06-03 Archiv 2015\" \/><figcaption><em>\u201eEine f\u00fcr alle\u201c: K\u00f6nigin Simone Lier (2.v.r.) mit Ministerinnen und K\u00f6nigsoffizierin. FOTO: privat<\/em><\/figcaption><\/figure>\n\n\n\n<p><strong>Anrath (MK). Traditionell ist es die Sch\u00fctzenjugend, die den Auftakt zum Cl\u00f6rath-Vennheider Festreigen bestreitet. Morgen ab 15 Uhr werden die neuen Sch\u00fcler- und Jugendprinzen auf der Schie\u00dfanlage Meier ermittelt. Am Freitag wird dann zun\u00e4chst die Zeltmaie aufgerichtet und dann erst einmal z\u00fcnftig gefeiert. \u201eCl\u00f6rath brennt!\u201c hei\u00dft es, wenn DJ Norbert wieder zur non-stop-Party im Sch\u00fctzenzelt auflegt. Von Lutz Sch\u00fctz<\/strong><\/p>\n\n\n\n<p>Deshalb gehen die Sch\u00fctzen auch den Samstag etwas langsamer an. Erst um 14.30 Uhr sammelt General Burkhard Meifert seine Truppen auf dem Hof der Familie Thees. Von dort geht es zum Missionskreuz, wo die St. Johannes-Sch\u00fctzengesellschaft ihrer Verstorbenen gedenkt (15.45 Uhr). Danach \u00fcberschreiten die Sch\u00fctzen die Grenzen ihrer f\u00fcnf Honschaften Schaag, Hagwinkel, Cl\u00f6rath-Vennheide, B\u00f6kel und Gisgesheide, um in der Anrather Pfarrkirche St. Johannes Baptist um 17 Uhr die Festmesse zu feiern. Anschlie\u00dfend geht es zur Tanzveranstaltung mit der Band Klangstadt zur\u00fcck nach Cl\u00f6rath ins Festzelt.<\/p>\n\n\n\n<p>Den Sonntag beginnen die Sch\u00fctzengruppen an der K\u00f6nigsburg. Von hier aus marschiert das Regiment dann zur Vennheide, wo vor der Trib\u00fcne mit dem K\u00f6nigshaus um Simone I. Lier erst eine schwungvolle Parade und dann der ehrw\u00fcrdige Zapfenstreich abgehalten werden. Zur St\u00e4rkung begibt man sich dann ins Festzelt, wo der K\u00f6nigsgalaball mit der Gruppe Klangstadt ein freudvolles Beisammensein mit Tanz und Musik.<\/p>\n\n\n\n<p>Am B\u00f6kel treffen sich die Sch\u00fctzen dann am Montagmittag. An der Schie\u00dfanlage Meier f\u00fchr der Regimentsspie\u00df um 16.30 Uhr einen Appell durch und mustert seine Sch\u00fctzen nach den ersten Festtagen, bevor um 17 Uhr auf den K\u00f6nigsvogel geschossen und die Majest\u00e4ten des kommenden Jahres ermittelt werden. Der neue W\u00fcrdentr\u00e4ger wird dann gegen<\/p>\n\n\n\n<p>20.30 Uhr im Zelt an der Schie\u00dfanlage gekr\u00f6nt.<\/p>\n\n\n\n<p>Quelle: Willicher Nachrichten \/ StadtSpiegel<\/p>\n\n\n\n<hr class=\"wp-block-separator\"\/>\n\n\n\n<hr class=\"wp-block-separator\"\/>\n\n\n\n<p>3. Juni 2015<\/p>\n\n\n\n<h1 class=\"wp-block-heading\">Cl\u00f6rath brennt beim Sch\u00fctzenfest<\/h1>\n\n\n\n<figure class=\"wp-block-image alignnone\"><img  title=\"\" decoding=\"async\" src=\"https:\/\/johannes-schuetzen.de\/wp-content\/uploads\/2016\/04\/WillicherNachrichten2016-06-03.jpg\"  alt=\"WillicherNachrichten2016-06-03 Archiv 2015\" \/><figcaption><em>Musketier und Monarchin nebst Gefolge: K\u00f6nigin Simone I. Lier mit Ministerinnen Bianca \u201eBibi\u201c Dix, Susanne \u201eSusi\u201c Berger und K\u00f6nigsoffizier Jenni Kruthoff. FOTO: Privat<\/em><\/figcaption><\/figure>\n\n\n\n<p><strong>Cl\u00f6rath-Vennheide (mk). Am kommenden Wochenende warten verschiedene H\u00f6hepunkte auf die Cl\u00f6rath-Vennheider Bev\u00f6lkerung. Von Kellys Gr<\/strong>ammatikou<\/p>\n\n\n\n<p>Am kommenden Wochenende warten verschiedene H\u00f6hepunkte auf die Cl\u00f6rath-Vennheider Bev\u00f6lkerung. Mit besonderer Herzlichkeit wird in den f\u00fcnf Honschaften das Sch\u00fctzenfest begangen, das mit K\u00f6nigin Simone I. Lier wieder einmal eine Monarchin an der Spitze der Sch\u00fctzengesellschaft aufweisen kann.<\/p>\n\n\n\n<p>Nach dem musikalischen Festauftakt am Freitagabend treten die Sch\u00fctzen ab Samstag in Uniform auf. Von der Kranzniederlegung am Missionskreuz (15.45 Uhr) geht es zur Festmesse in der Pfarrkirche St. Johannes um 17 Uhr. Abends bestreitet die Band \u201eKlangstadt\u201c die Tanzveranstaltung im Zelt.<\/p>\n\n\n\n<p>Am Sonntag um 9.30 Uhr beginnt die K\u00f6nigsparade mit Gro\u00dfem Zapfenstreich auf der Vennheide. Anschlie\u00dfend geht es beim musikalischen Fr\u00fchschoppen gem\u00fctlich zu. Um 19 Uhr steht die zweite Parade mit vielen Gastvereinen auf der Vennheide an, bevor die Sch\u00fctzen beim K\u00f6nigsgalaball ihre K\u00f6nigin Simone I. ausgiebig feiern. Seit 1999 ist die Kauffrau f\u00fcr Einkauf und Logistik nun schon bei den Sch\u00fctzen und seit sechs Jahren Zugf\u00fchrerin ihrer Musketiere. An der Seite der 34-j\u00e4hrigen K\u00f6nigin stehen mit Bianca \u201eBibi\u201c Dix und Susanne \u201eSusi\u201c Berger zwei erfahrene Ministerinnen und ebenso K\u00f6nigsoffizier Jenni Kruthoff. Alle vier stammen aus der \u00e4ltesten Cl\u00f6rath-Vennheider Frauengruppe, den Musketieren mit ihren charakteristischen blauen M\u00e4nteln. Nach dem Regimentsappell am Montag wird um 17 Uhr der K\u00f6nig des kommenden Jahres an der Schie\u00dfanlage Meier ermittelt. Im Festzelt steht dann ab 20.30 Uhr die prachtvolle K\u00f6nigskr\u00f6nung an.<\/p>\n\n\n\n<p>\u201eCl\u00f6rath brennt!\u201c \u2013 unter diesem Motto l\u00e4uft seit Jahren der brandhei\u00dfe Auftakt zum Sch\u00fctzenfest in Cl\u00f6rath-Vennheide. \u201eParty non-stop\u201c verspricht Gesellschaftspr\u00e4sident Marcus Herold und freut sich schon auf den Auftritt von DJ Norbert am Freitag nach dem Setzen der Festmaie. Der Pofi-DJ ist im ganzen westen der Republik unterwegs und legt unter anderem auch in der Neusser Skihalle, dem Duisburger Deltapark und dem E-Dry in Geldern auf. Unter 50.000 Titeln w\u00e4hlt der Unterhaltungsk\u00fcnstler aus, was Spa\u00df macht, damit die Party-Stimmung durchg\u00e4ngig erhalten bleibt. Der geb\u00fcrtige Venloer ist seit 32 Jahren im Gesch\u00e4ft und hat ein legend\u00e4res Gesp\u00fcr f\u00fcr den richtigen Beat entwickelt. Ab 20 Uhr \u00f6ffnet das Festzelt in Cl\u00f6rath seine Pforten. Der Eintritt ist wie in den Vorjahren frei. Ausreichende Parkgelegenheiten stehen zur Verf\u00fcgung.<\/p>\n\n\n\n<p>Quelle: Willicher Nachrichten \/ Report Anzeigenblatt<\/p>\n\n\n\n<hr class=\"wp-block-separator\"\/>\n\n\n\n<hr class=\"wp-block-separator\"\/>\n\n\n\n<p>13. Mai 2015<\/p>\n\n\n\n<h1 class=\"wp-block-heading\">\u201eDe Heitere\u201c gewinnen Snellen-Pokal<\/h1>\n\n\n\n<figure class=\"wp-block-image alignnone\"><img  title=\"\" decoding=\"async\" src=\"https:\/\/johannes-schuetzen.de\/wp-content\/uploads\/2016\/04\/WillicherNachrichten2016-05-13.jpg\"  alt=\"WillicherNachrichten2016-05-13 Archiv 2015\" \/><figcaption><em>Foto: privat<\/em><\/figcaption><\/figure>\n\n\n\n<p>Am vergangenen Sonntag fand in Cl\u00f6rath-Vennheide der allj\u00e4hrliche Auftakt zum Sch\u00fctzenfest statt. Traditionell beginnt die Sch\u00fctzenfestsaison der St. Johannes Sch\u00fctzengesellschaft 1662 Cl\u00f6rath-Vennheide e.V. mit dem Jakob Snellen Ged\u00e4chtnispokalschie\u00dfen und dem Setzen des Sch\u00fctzenbaumes. So fanden sich auch in diesem Jahr ab 9 Uhr die Sch\u00fctzen im Landgasthaus \u201eAm Kapellchen\u201c ein, um den Pokal im sportlichen Wettkampf zu erringen.<\/p>\n\n\n\n<p>Diesj\u00e4hriger Gewinner wurde die Gruppe \u201eDe Heitere\u201c mit 217 Ringen, gefolgt von der K\u00f6nigsgruppe \u201eMusketiere\u201c mit 198 und der Gruppe \u201eMuntere Jonges mit 193 Ringen. Bester Einzelsch\u00fctze im Seniorenbereich wurde Heinz-Peter K\u00f6ttelwesch mit 74 Ringen, bester Jungsch\u00fctze wurde Manuel Brons mit 75 Ringen. Der Sonderpokal f\u00fcr den besten \u201eAlters-Sch\u00fctzen\u201c ging mit 65 Ringen an Norbert Strathmann.<\/p>\n\n\n\n<p>Am Mittag wurde dann der St. Johannes Sch\u00fctzenbaum durch das amtierende K\u00f6nigshaus gesetzt, das in diesem Jahr durch die Gruppe \u201eMusketiere\u201c gestellt wird. An der Spitze befindet sich K\u00f6nigin Simone Lier mit den Ministerinnen Bianca Dix und Susanne Berger sowie der K\u00f6nigsoffizierin Jennifer Kruthoff. Durch das Setzen des Baumes wurde das Sch\u00fctzenfest 2015 eingel\u00e4utet, das in diesem Jahr vom 4. bis zum 8. Juni stattfindet.<br>Von Lutz Sch\u00fctz<\/p>\n\n\n\n<p>Quelle: Willicher Nachrichten \/ Report Anzeigenblatt<\/p>\n\n\n\n<hr class=\"wp-block-separator\"\/>\n\n\n\n<hr class=\"wp-block-separator\"\/>\n\n\n\n<p>24. April 2015<\/p>\n\n\n\n<h1 class=\"wp-block-heading\">Willicher Sch\u00fctzen stellen beide Bezirksprinzen<\/h1>\n\n\n\n<figure class=\"wp-block-image alignnone\"><img  title=\"\" decoding=\"async\" src=\"https:\/\/johannes-schuetzen.de\/wp-content\/uploads\/2016\/04\/WillicherNachrichten2016-04-24.jpg\"  alt=\"WillicherNachrichten2016-04-24 Archiv 2015\" \/><figcaption>C<em>hristian Tenberg, Bezirksjungsch\u00fctzenmeister, Niclas Hardt, neuer Bezirksprinz, Pascal K\u00f6nig, neuer Bezirkssch\u00fclerprinz, und Mike Kunze, Bezirksbundesmeister (von links). FOTO: privat<\/em><\/figcaption><\/figure>\n\n\n\n<p><strong>Stadt Willich. Der Bezirksjungsch\u00fctzentag des Bezirkes Krefeld-Willich Meerbusch richtete dieses Jahr die historischen Sch\u00fctzenbruderschaften von H\u00fcls in der Klaus-Lauterbach Halle aus. Von Lutz Sch\u00fctz<\/strong><\/p>\n\n\n\n<p>Der Nachmittag begann mit dem Pokalschie\u00dfen der Sch\u00fcler- und Jugendsch\u00fctzen. Hierbei rangen 15 Anw\u00e4rter um das beste Trefferbild.<\/p>\n\n\n\n<p>Zum sp\u00e4ten Nachmittag kam es dann zum H\u00f6hepunkt \u2013 dem Bezirksprinzen- und Bezirkssch\u00fclerprinzenschie\u00dfen. Der Wettkampf wurde parallel auf Holzvogel ausgeschossen. Bei insgesamt drei Anw\u00e4rtern auf die Bezirkssch\u00fclerprinzenehre setzte sich Pascal K\u00f6nig aus der Sebastianus Bruderschaft Schiefbahn mit dem 105. Schuss durch.<\/p>\n\n\n\n<p>Bei dem Bezirksprinzenschie\u00dfen traten f\u00fcnf Anw\u00e4rter an. Mit dem 116. Schuss fiel der Vogel bei Niclas Hardt aus der Sch\u00fctzengesellschaft Cl\u00f6rath-Vennheide.<\/p>\n\n\n\n<p>Ein Jux-Schie\u00dfen rundete den gesamten Wettkampf ab, an dem alle Besucher teilnehmen konnten. Kleine Pr\u00e4sente gaben einen gro\u00dfen Anreiz.<\/p>\n\n\n\n<p>Anschlie\u00dfend luden die H\u00fclser Sch\u00fctzen zur Fr\u00fchlingsdisco ein.<\/p>\n\n\n\n<p>Quelle: Willicher Nachrichten \/ Report Anzeigenblatt<\/p>\n","protected":false},"excerpt":{"rendered":"<p>25. November 2015 | 00.00 Uhr JahresversammlungCl\u00f6rather Sch\u00fctzen best\u00e4tigen Vorstand Willich. ANRATH (djm) Wiederwahlen und zwei Neuwahlen &#8211; die Jahresversammlung der St. Johannes Sch\u00fctzengesellschaft Cl\u00f6rath-Vennheide verlief harmonisch. In ihren \u00c4mtern best\u00e4tigt wurden Gesch\u00e4ftsf\u00fchrer Klaus Will, 1. Kassierer Klaus Dieter Altmayer, 2. Schriftf\u00fchrer Christian Maritzen, 2. Beisitzer Paul Frelih. Zum neuen Kassenpr\u00fcfer bestimmten die Sch\u00fctzen Ulrich<\/p><\/div>\n<div class=\"blog-btn\"><a href=\"https:\/\/johannes-schuetzen.de\/?page_id=1266\" class=\"home-blog-btn\">Weiterlesen<\/a><\/p>\n","protected":false},"author":1,"featured_media":0,"parent":1184,"menu_order":0,"comment_status":"closed","ping_status":"closed","template":"","meta":{"footnotes":""},"class_list":["post-1266","page","type-page","status-publish","hentry"],"_links":{"self":[{"href":"https:\/\/johannes-schuetzen.de\/index.php?rest_route=\/wp\/v2\/pages\/1266","targetHints":{"allow":["GET"]}}],"collection":[{"href":"https:\/\/johannes-schuetzen.de\/index.php?rest_route=\/wp\/v2\/pages"}],"about":[{"href":"https:\/\/johannes-schuetzen.de\/index.php?rest_route=\/wp\/v2\/types\/page"}],"author":[{"embeddable":true,"href":"https:\/\/johannes-schuetzen.de\/index.php?rest_route=\/wp\/v2\/users\/1"}],"replies":[{"embeddable":true,"href":"https:\/\/johannes-schuetzen.de\/index.php?rest_route=%2Fwp%2Fv2%2Fcomments&post=1266"}],"version-history":[{"count":25,"href":"https:\/\/johannes-schuetzen.de\/index.php?rest_route=\/wp\/v2\/pages\/1266\/revisions"}],"predecessor-version":[{"id":2618,"href":"https:\/\/johannes-schuetzen.de\/index.php?rest_route=\/wp\/v2\/pages\/1266\/revisions\/2618"}],"up":[{"embeddable":true,"href":"https:\/\/johannes-schuetzen.de\/index.php?rest_route=\/wp\/v2\/pages\/1184"}],"wp:attachment":[{"href":"https:\/\/johannes-schuetzen.de\/index.php?rest_route=%2Fwp%2Fv2%2Fmedia&parent=1266"}],"curies":[{"name":"wp","href":"https:\/\/api.w.org\/{rel}","templated":true}]}}