{"id":1314,"date":"2016-04-21T13:57:47","date_gmt":"2016-04-21T11:57:47","guid":{"rendered":"http:\/\/johannes-schuetzen.de\/?page_id=1314"},"modified":"2021-11-02T16:53:46","modified_gmt":"2021-11-02T15:53:46","slug":"archiv-2007","status":"publish","type":"page","link":"https:\/\/johannes-schuetzen.de\/?page_id=1314","title":{"rendered":"Archiv 2007"},"content":{"rendered":"\n<p>5. Juni 2007 &#8211; 00:00 Uhr<\/p>\n\n\n\n<h1 class=\"wp-block-heading\">Sch\u00fctzenfest: Stolz auf K\u00f6nig Willi<\/h1>\n\n\n\n<p>In Cl\u00f6rath-Vennheide wird ab morgen bis n\u00e4chsten Dienstag gro\u00df gefeiert.<\/p>\n\n\n\n<p><strong>Anrath. Willi Huppertz d\u00fcrfte es kaum noch abwarten k\u00f6nnen: Den Beginn des Sch\u00fctzenfestes der St. Johannes Sch\u00fctzengesellschaft Cl\u00f6rath-Vennheide, das vom 7. bis 12. Juni gefeiert wird. Schlie\u00dflich ist er K\u00f6nig und d\u00fcrfte sich mit seinen Ministern Bernd Hohnen und Peter Borger am meisten auf die hohen Tage freuen.<\/strong><\/p>\n\n\n\n<p>In Cl\u00f6rath-Vennheide wird sicher eines der kleinsten Sch\u00fctzenfeste in der Stadt Willich gefeiert. Allerdings ist die St. Johannes Sch\u00fctzengesellschaft 1662 stolz auf ihre lange Tradition. Und stolz sind die rund 100 Mitglieder auch auf K\u00f6nig Willi: Der tr\u00e4gt n\u00e4mlich in diesem Jahr nicht nur das Silber in Cl\u00f6rath-Vennheide, sondern ist auch Bezirksk\u00f6nig. Nach \u00fcberstandener Krankheit freut er sich besonders auf seine zweite &#8222;Amtszeit&#8220; als K\u00f6nig von Cl\u00f6rath.<\/p>\n\n\n\n<p>Und so wird gefeiert: Los geht es an Fronleichnam um 15 Uhr, wenn auf der Schie\u00dfanlage Meier, Reiherweg 5, die Sch\u00fcler- und Jugendprinzen ermittelt werden. Tags darauf ab 20.30 Uhr werden die Zeltmaien gesetzt. Am Samstag um 15.45 Uhr ist eine Kranzniederlegung am Missionskreuz. Dann folgt eine Festmesse in St. Johannes, anschlie\u00dfend ist ab 20 Uhr Tanz im Zelt.<\/p>\n\n\n\n<p>Am Sonntag, 10. Juni, ist ab 10 Uhr die K\u00f6nigsparade mit Gro\u00dfem Zapfenstreich vor der Ehrentrib\u00fcne Vennheide. Es folgt ab 11 Uhr der musikalische Fr\u00fchschoppen im Festzelt. Abends um 19 Uhr ist erneut Parade mit Hofstaat und Ehreng\u00e4sten, danach K\u00f6nigsgalaball.<\/p>\n\n\n\n<p>Der H\u00f6hepunkt des Sch\u00fctzenfestes ist traditionell der Gro\u00dfe Dorfabend am Montag ab 20 Uhr. F\u00fcr das Programm aus eigenen Kr\u00e4ften sorgen Jugend, Sch\u00fctzen und Tanzgruppen. Da Willi Huppertz wegen seines K\u00f6nigsamtes in diesem Jahr die Organisation nicht \u00fcbernehmen kann, sind Andreas Teschen und Ren\u00e9 Peters in die Bresche gesprungen.<\/p>\n\n\n\n<p>Das Fest endet am Dienstag, 12. Juni, 16.30 Uhr, mit dem Vogelschuss, am Abend im Festzelt folgt die K\u00f6nigskr\u00f6nung. An allen Tagen spielt die Soundfactory Coverband im Zelt.<\/p>\n\n\n\n<p>Quelle: WZ<\/p>\n\n\n\n<hr class=\"wp-block-separator\"\/>\n\n\n\n<hr class=\"wp-block-separator\"\/>\n\n\n\n<p>14. Mai 2007<\/p>\n\n\n\n<h1 class=\"wp-block-heading\">Ossum-B\u00f6singhoven: Historischer Umzug zum besonderen Sch\u00fctzen-Fest<\/h1>\n\n\n\n<p>Von Raphael Beesen<\/p>\n\n\n\n<p><strong>St. Pankratius-Bruderschaft in B\u00f6singhoven und Ossum feiert 250. Geburtstag. Ein H\u00f6hepunkt: Mit einem Umzug in historischen Trachten erinnerte die Bruderschaft an ihr Entstehen im Jahr 1757 &#8211; w\u00e4hrend des Siebenj\u00e4hrigen Krieges.<\/strong><\/p>\n\n\n\n<p>Ossum-B\u00f6singhoven. Das Wochenende stand in Ossum-B\u00f6singhoven ganz im Zeichen der Feierlichkeiten zum 250-j\u00e4hrigen Bestehen der Sch\u00fctzenbruderschaft St. Pankratius. Insbesondere der Samstag hatte es in sich, denn hier hatten die Ossum-B\u00f6singhovener insgesamt elf Bruderschaften zum Bezirksk\u00f6nigsschie\u00dfen auf den Festplatz geladen.<\/p>\n\n\n\n<p>Den ganzen Nachmittag schossen die Sch\u00fctzenk\u00f6nige aus dem Bezirksverband Krefeld auf den h\u00f6lzernen Vogel, w\u00e4hrend sich das gespannte Publikum mit Kaffee und Kuchen versorgte.<\/p>\n\n\n\n<p>Auch Daniel Peters, der amtierende Sch\u00fctzenk\u00f6nig von St. Pankratius, gab sein Bestes, doch als treffsicher erwies sich ein anderer. Mit dem 173. Schuss gelang es Willi Huppertz, Sch\u00fctzenk\u00f6nig der St. Johannes Bruderschaft aus Cl\u00f6rath-Vennheide, den Vogel von der Stange zu schie\u00dfen.<\/p>\n\n\n\n<p>Der Samstagabend wurde vor allem dazu genutzt, auf der B\u00fchne des Festzeltes die Jubilare der Bruderschaft zu ehren. Ein ganz besonderes Jubil\u00e4um feierte dabei Theo Haslach, denn das Ehrenmitglied der Bruderschaft und fr\u00fchere Mitglied der Fahnenkompanie ist bereits seit 60 Jahren Sch\u00fctze.<\/p>\n\n\n\n<p>Gro\u00dfe Aufmerksamkeit wurde auch der Kompanie Schill gewidmet, die in der Nachkriegszeit als eine der ersten mithalf, dass die Bruderschaft wieder zu einer Gemeinschaft zusammenwuchs. Sie feiert in diesem Jahr ihr 50-j\u00e4hriges Bestehen.<\/p>\n\n\n\n<p>Um dies geb\u00fchrend und vor allem mit der richtigen Musik zu feiern, hatten die Damen der Schill\u2019schen Kompanie das Fanfarencorps aus D\u00fcsseldorf-Hamm engagiert.<\/p>\n\n\n\n<p>Am Sonntagmorgen dann wurde im Anschluss an die Festmesse das h\u00f6lzerne Wegekreuz mit Jesuskorpus offiziell eingeweiht. Vom Pfarrzentrum aus zogen die 13 Kompanien danach zu Marschmusik erneut ins Festzelt, in dem B\u00fcrgermeister Dieter Spindler wenig sp\u00e4ter auch von st\u00e4dtischer Seite der Bruderschaft gratulierte.<\/p>\n\n\n\n<p>Dabei stellte Spindler vor allem die Bedeutung der Bruderschaft f\u00fcr die Identit\u00e4ts- und Heimatgef\u00fchle heraus und erinnerte noch einmal an das Jahr 2005, in dem Ossum-B\u00f6singhoven den Kreiswettbewerb &#8222;Unser Dorf hat Zukunft&#8220; aufgrund seiner intakten d\u00f6rflichen Struktur gewann. Auch die Jugend, die ja das Bindeglied zwischen den Generationen sei, engagiere sich in der Bruderschaft.<\/p>\n\n\n\n<p>F\u00fcr Sonntagnachmittag hatte die Bruderschaft St. Pankratius noch etwas Au\u00dfergew\u00f6hnliches auf die Beine gestellt: Aus jeder Kompanie schl\u00fcpften zwei bis drei Mann in historische Trachten, etwa die eines Schreiners oder Dachdeckers, Pferde und Traktoren zogen mit. Mit diesem Umzug erinnerte die Bruderschaft an ihr Entstehen im Jahr 1757 &#8211; w\u00e4hrend des Siebenj\u00e4hrigen Krieges.<\/p>\n\n\n\n<p>Harald Ziebarth, der Gesch\u00e4ftsf\u00fchrer der St. Pankratius Sch\u00fctzenbruderschaft, war am Ende mit dem Fest und den Wetterverh\u00e4ltnissen sehr zufrieden.<\/p>\n\n\n\n<p>Der Geburtstag sei ein besonderes Ereignis und eine Herausforderung gewesen, zumal das regul\u00e4r alle drei Jahre stattfindende normale Sch\u00fctzenfest gerade erst ein Jahr zur\u00fccklag.<\/p>\n\n\n\n<p>Quelle: WZ<\/p>\n","protected":false},"excerpt":{"rendered":"<p>5. Juni 2007 &#8211; 00:00 Uhr Sch\u00fctzenfest: Stolz auf K\u00f6nig Willi In Cl\u00f6rath-Vennheide wird ab morgen bis n\u00e4chsten Dienstag gro\u00df gefeiert. Anrath. Willi Huppertz d\u00fcrfte es kaum noch abwarten k\u00f6nnen: Den Beginn des Sch\u00fctzenfestes der St. Johannes Sch\u00fctzengesellschaft Cl\u00f6rath-Vennheide, das vom 7. bis 12. Juni gefeiert wird. Schlie\u00dflich ist er K\u00f6nig und d\u00fcrfte sich mit<\/p><\/div>\n<div class=\"blog-btn\"><a href=\"https:\/\/johannes-schuetzen.de\/?page_id=1314\" class=\"home-blog-btn\">Weiterlesen<\/a><\/p>\n","protected":false},"author":1,"featured_media":0,"parent":1184,"menu_order":0,"comment_status":"closed","ping_status":"closed","template":"","meta":{"footnotes":""},"class_list":["post-1314","page","type-page","status-publish","hentry"],"_links":{"self":[{"href":"https:\/\/johannes-schuetzen.de\/index.php?rest_route=\/wp\/v2\/pages\/1314","targetHints":{"allow":["GET"]}}],"collection":[{"href":"https:\/\/johannes-schuetzen.de\/index.php?rest_route=\/wp\/v2\/pages"}],"about":[{"href":"https:\/\/johannes-schuetzen.de\/index.php?rest_route=\/wp\/v2\/types\/page"}],"author":[{"embeddable":true,"href":"https:\/\/johannes-schuetzen.de\/index.php?rest_route=\/wp\/v2\/users\/1"}],"replies":[{"embeddable":true,"href":"https:\/\/johannes-schuetzen.de\/index.php?rest_route=%2Fwp%2Fv2%2Fcomments&post=1314"}],"version-history":[{"count":7,"href":"https:\/\/johannes-schuetzen.de\/index.php?rest_route=\/wp\/v2\/pages\/1314\/revisions"}],"predecessor-version":[{"id":2600,"href":"https:\/\/johannes-schuetzen.de\/index.php?rest_route=\/wp\/v2\/pages\/1314\/revisions\/2600"}],"up":[{"embeddable":true,"href":"https:\/\/johannes-schuetzen.de\/index.php?rest_route=\/wp\/v2\/pages\/1184"}],"wp:attachment":[{"href":"https:\/\/johannes-schuetzen.de\/index.php?rest_route=%2Fwp%2Fv2%2Fmedia&parent=1314"}],"curies":[{"name":"wp","href":"https:\/\/api.w.org\/{rel}","templated":true}]}}