{"id":1333,"date":"2016-04-21T15:15:33","date_gmt":"2016-04-21T13:15:33","guid":{"rendered":"http:\/\/johannes-schuetzen.de\/?page_id=1333"},"modified":"2021-11-02T17:00:38","modified_gmt":"2021-11-02T16:00:38","slug":"archiv-2010","status":"publish","type":"page","link":"https:\/\/johannes-schuetzen.de\/?page_id=1333","title":{"rendered":"Archiv 2010"},"content":{"rendered":"\n<p>6. Juni 2010 &#8211; 17:09 Uhr<\/p>\n\n\n\n<h2 class=\"wp-block-heading\">Anrath: Feiertage in Cl\u00f6rath-Vennheide<\/h2>\n\n\n\n<figure class=\"wp-block-image alignnone\"><img  title=\"\" decoding=\"async\" src=\"https:\/\/johannes-schuetzen.de\/wp-content\/uploads\/2016\/04\/WZ-2010-06-06.jpg\"  alt=\"WZ-2010-06-06 Archiv 2010\" \/><figcaption>Pr\u00e4chtiges Wetter, pr\u00e4chtige Roben und beste Laune: Hier marschieren K\u00f6nig Marcus Herold und die Ministerpaare am Festzug in Cl\u00f6rath-Vennheide vorbei. Und um den Nachwuchs muss man sich in der Gemeinschaft offenbar auch keine Sorgen machen. FOTO: Friedhelm Reimann<\/figcaption><\/figure>\n\n\n\n<p>Von Rudolf Barnholt<\/p>\n\n\n\n<p>Tradition: Die St. Johannes-Sch\u00fctzengesellschaft feiert ihre Paraden und Abende immer mit vielen G\u00e4sten. Die Rock-Pop-Fete kam gut an.<br>Anrath. &#8222;Die R\u00fcben stehen pr\u00e4chtig und wir feiern mitten im Feld.&#8220; Josef Heyes, B\u00fcrgermeister und Bauernsohn, f\u00fchlte sich wohl auf dem Sch\u00fctzenfest in Cl\u00f6rath-Vennheide. Aber nicht nur er: Die Veranstaltungen waren bis jetzt sehr gut besucht, alles lief harmonisch ab.<\/p>\n\n\n\n<p>Nachfolger f\u00fcr Pr\u00e4sident Teckenburg wird gesucht<\/p>\n\n\n\n<p>Sie hei\u00dft &#8222;Stadtgefl\u00fcster&#8220;, war aber schon von weitem zu h\u00f6ren, die Band, die am Samstag und Sonntagabend im Festzelt f\u00fcr Stimmung sorgte. Die St. Johannes-Sch\u00fctzengesellschaft 1662 Cl\u00f6rath-Vennheide ist mit knapp 140 Aktiven eine \u00fcberschaubare Gemeinschaft &#8211; und eine, die von anderen Gesellschaften beziehungsweise Bruderschaften gern besucht wird. Kein Wunder also, dass wieder ein stattliches Regiment zustande gekommen war.<\/p>\n\n\n\n<p>Pr\u00e4sident Manfred Teckenburg (47) verriet, dass er im November nicht mehr f\u00fcr dieses Amt kandidieren werde, ein Nachfolger werde gesucht. Am Sonntag lobte er \u00f6ffentlich den neuen General Burkhard Meifert: &#8222;Er hat einen super Job abgeliefert, von Lampenfieber keine Spur.&#8220;<\/p>\n\n\n\n<p>Ein H\u00e4rtetest war die Parade am Sonntagvormittag vor allem f\u00fcr diejenigen, die auf der Trib\u00fcne standen. W\u00e4hrend K\u00f6nig Marcus Herold, seine Minister Stefan Schumacher und Carsten Herold sowie K\u00f6nigsoffizier Markus Berger die Strapaze \u00fcberstanden, machte Majoradjutant Martin Demers schlapp, kippte um. Er war zum Gl\u00fcck bald wieder auf den Beinen.<\/p>\n\n\n\n<p>Cl\u00f6rath brennt &#8211; Gaudi ohne Randale<\/p>\n\n\n\n<p>K\u00f6nig Marcus Herold strahlte mit der Sonne um die Wette: Am Freitag war die Rock-Pop-Fete &#8222;Cl\u00f6rath brennt&#8220; mit der Formation Seven Fools gut besucht, es gab keinerlei Randale &#8211; es sieht so aus, als ob dieses Event zur Tradition werden k\u00f6nnte.<\/p>\n\n\n\n<p>&#8222;Er hat einen super Job abgeliefert, von Lampenfieber keine Spur.&#8220;<br>Pr\u00e4sident Manfred Teckenburg \u00fcber den neuen General Burkhard Meifert<\/p>\n\n\n\n<p>Gestern hatte sich der gerade mal 34 Jahre alte K\u00f6nig bei der Parade &#8222;Alte Kameraden&#8220; gew\u00fcnscht, es spielten Gut Schlag Krefeld und der Musikverein Vynen aus Xanten auf. Applaus heimsten die Fahnenschwenkerinnen der Willicher St. Sebastianer ein. Worauf Pr\u00e4sident Manfred Teckenburg stolz ist: &#8222;Der Zug Lustige Bengels hatte vor f\u00fcnf Jahren mit f\u00fcnf Jungs zum ersten Mal am Sch\u00fctzenfest teilgenommen. Jetzt marschieren dort schon 15 junge M\u00e4nner mit.&#8220;<\/p>\n\n\n\n<p>Bereits an Fronleichnam waren die Sch\u00fclerprinzessin Sina Kaul sowie der neue Sch\u00fclerprinz ermittelt worden. Er hei\u00dft Sebastian Manns. Ob er morgen um 16.30 Uhr bereit sein wird, auf den K\u00f6nigsvogel zu schie\u00dfen? Heute steht lediglich ein Punkt auf der Tagesordnung in Cl\u00f6rath-Vennheide: Um 20 Uhr wird der Dorfabend im Zelt gefeiert. Zuerst werden Sch\u00fctzen Sketche vortragen, anschlie\u00dfend wird DJ Andy von der Skihalle Neuss f\u00fcr H\u00fcttengaudi im Festzelt sorgen.<\/p>\n\n\n\n<p>Quelle: WZ<\/p>\n\n\n\n<hr class=\"wp-block-separator\"\/>\n\n\n\n<hr class=\"wp-block-separator\"\/>\n\n\n\n<p>1. Juni 2010 &#8211; 17:26 Uhr<\/p>\n\n\n\n<h1 class=\"wp-block-heading\">Anrath: Am Dienstag wird der Vogel abgeschossen<\/h1>\n\n\n\n<figure class=\"wp-block-image alignnone is-style-default\"><img  title=\"\" decoding=\"async\" src=\"https:\/\/johannes-schuetzen.de\/wp-content\/uploads\/2016\/04\/WZ-2010-06-01.jpg\"  alt=\"WZ-2010-06-01 Archiv 2010\" \/><figcaption>Das K\u00f6nigshaus 2010: Anna Stein, Burkhard Meifert, Alexandra und Markus Berger, Melanie Breuer, Carsten Herold, K\u00f6nig Marcus Herold, Jeanette Herold, Andrea Ditzen und Stefan Schumacher (v.l.).<\/figcaption><\/figure>\n\n\n\n<p>Von Rudolf Barnholt<\/p>\n\n\n\n<p>Zum Sch\u00fctzenfest in Cl\u00f6rath-Vennheide werden auch \u201eBrandstifter\u201c erwartet.<\/p>\n\n\n\n<p><strong>Anrath. Am Wochenende wird in Cl\u00f6rath-Vennheide Sch\u00fctzenest gefeiert. Los geht\u2019s aber schon am Donnerstag: Ab 15 Uhr treffen sich die Sch\u00fctzen zum Kinder- und Jugendvogelschuss an der Schie\u00dfanlage Meier, Reierweg 5. Am Freitag hei\u00dft es &#8222;Cl\u00f6rath brennt&#8220;: Die Band Seven Fools wird dann den &#8222;Brandstifter&#8220; geben. Karten gibt es unter anderem bei Ford Breuer.<\/strong><\/p>\n\n\n\n<p>Minister Stefan Schumacher ist erst seit zwei Jahren aktiver Sch\u00fctze.<\/p>\n\n\n\n<p>Am Samstag steht Tanz im Festzelt an, es spielt die Band Stadtgefl\u00fcster. Die erste Parade steht am Sonntag um 10 Uhr auf dem Programm. Mit dem 360. Schuss hatte sich im vergangenen Jahr Marcus Herold die K\u00f6nigsw\u00fcrde der St. Johannes Sch\u00fctzengesellschaft f\u00fcr 2010 gesichert. Der 34-j\u00e4hrige Polizeibeamte hat Ehefrau und K\u00f6nigin Jeanette an seiner Seite. Das Paar hat drei T\u00f6chter, von denen zwei jetzt erstmals als kleine Musketiere mitmachen.<\/p>\n\n\n\n<p>Minister Carsten Herold ist der Bruder des K\u00f6nigs. Ebenso wie sein Bruder geh\u00f6rt der Elektrotechnikermeister der Sch\u00fctzengesellschaft seit 1987 an, auch er war bereits Sch\u00fclerprinz. Seine Freundin und Ministerin ist die K\u00f6nigin des Vorjahres, Melanie Breuer.<\/p>\n\n\n\n<p>Der andere Minister hei\u00dft Stefan Schumacher, seine Andrea war im vergangenen Jahr Mitglied des K\u00f6nigshauses. Der Speditionskaufmann ist erst seit zwei Jahren im Sch\u00fctzenwesen aktiv. Als K\u00f6nigsoffizierspaar erg\u00e4nzen Markus Berger und seine Frau Alexandra das K\u00f6nigshaus.<\/p>\n\n\n\n<p>Der Sch\u00fctzenfest-Montag ist schlie\u00dflich vom traditionellen Dorfabend im Festzelt gepr\u00e4gt. F\u00fcr alpenl\u00e4ndische Stimmung wird dann DJ Andy aus der Skihalle Neuss sorgen. Am Dienstag steht dann ab 16.30 Uhr der K\u00f6nigsvogelschuss auf dem Programm.<\/p>\n\n\n\n<p>Quelle: WZ<\/p>\n","protected":false},"excerpt":{"rendered":"<p>6. Juni 2010 &#8211; 17:09 Uhr Anrath: Feiertage in Cl\u00f6rath-Vennheide Von Rudolf Barnholt Tradition: Die St. Johannes-Sch\u00fctzengesellschaft feiert ihre Paraden und Abende immer mit vielen G\u00e4sten. Die Rock-Pop-Fete kam gut an.Anrath. &#8222;Die R\u00fcben stehen pr\u00e4chtig und wir feiern mitten im Feld.&#8220; Josef Heyes, B\u00fcrgermeister und Bauernsohn, f\u00fchlte sich wohl auf dem Sch\u00fctzenfest in Cl\u00f6rath-Vennheide. Aber<\/p><\/div>\n<div class=\"blog-btn\"><a href=\"https:\/\/johannes-schuetzen.de\/?page_id=1333\" class=\"home-blog-btn\">Weiterlesen<\/a><\/p>\n","protected":false},"author":1,"featured_media":0,"parent":1184,"menu_order":0,"comment_status":"closed","ping_status":"closed","template":"","meta":{"footnotes":""},"class_list":["post-1333","page","type-page","status-publish","hentry"],"_links":{"self":[{"href":"https:\/\/johannes-schuetzen.de\/index.php?rest_route=\/wp\/v2\/pages\/1333","targetHints":{"allow":["GET"]}}],"collection":[{"href":"https:\/\/johannes-schuetzen.de\/index.php?rest_route=\/wp\/v2\/pages"}],"about":[{"href":"https:\/\/johannes-schuetzen.de\/index.php?rest_route=\/wp\/v2\/types\/page"}],"author":[{"embeddable":true,"href":"https:\/\/johannes-schuetzen.de\/index.php?rest_route=\/wp\/v2\/users\/1"}],"replies":[{"embeddable":true,"href":"https:\/\/johannes-schuetzen.de\/index.php?rest_route=%2Fwp%2Fv2%2Fcomments&post=1333"}],"version-history":[{"count":6,"href":"https:\/\/johannes-schuetzen.de\/index.php?rest_route=\/wp\/v2\/pages\/1333\/revisions"}],"predecessor-version":[{"id":2606,"href":"https:\/\/johannes-schuetzen.de\/index.php?rest_route=\/wp\/v2\/pages\/1333\/revisions\/2606"}],"up":[{"embeddable":true,"href":"https:\/\/johannes-schuetzen.de\/index.php?rest_route=\/wp\/v2\/pages\/1184"}],"wp:attachment":[{"href":"https:\/\/johannes-schuetzen.de\/index.php?rest_route=%2Fwp%2Fv2%2Fmedia&parent=1333"}],"curies":[{"name":"wp","href":"https:\/\/api.w.org\/{rel}","templated":true}]}}