{"id":1352,"date":"2016-04-21T17:31:42","date_gmt":"2016-04-21T15:31:42","guid":{"rendered":"http:\/\/johannes-schuetzen.de\/?page_id=1352"},"modified":"2021-11-02T17:19:04","modified_gmt":"2021-11-02T16:19:04","slug":"archiv-2012","status":"publish","type":"page","link":"https:\/\/johannes-schuetzen.de\/?page_id=1352","title":{"rendered":"Archiv 2012"},"content":{"rendered":"\n<p>10. Juni 2012 &#8211; 18:46 Uhr<\/p>\n\n\n\n<h1 class=\"wp-block-heading\">Johannes-Sch\u00fctzen feiern 350-j\u00e4hriges Bestehen: Kein Deutschland-Spiel im Zelt<\/h1>\n\n\n\n<figure class=\"wp-block-image alignnone\"><img  title=\"\" decoding=\"async\" src=\"https:\/\/johannes-schuetzen.de\/wp-content\/uploads\/2016\/04\/WZ-2012-06-10.jpg\"  alt=\"WZ-2012-06-10 Archiv 2012\" \/><figcaption>Am K\u00f6nigshaus und dem Gefolge zog die Parade vorbei. FOTO: Kurt L\u00fcbke<\/figcaption><\/figure>\n\n\n\n<p>Von Rudolf Barnholt<\/p>\n\n\n\n<p>In Cl\u00f6rath-Vennheide feiern die Johannes-Sch\u00fctzen 350-j\u00e4hriges Bestehen. Rund 500 zogen durch die Honschaft.<\/p>\n\n\n\n<p><strong>Anrath. Pr\u00e4sident Marcus Herold hatte sich die Entscheidung nicht leicht gemacht: Das Spiel Deutschland gegen Portugal am Samstagabend sollte nicht im Zelt \u00fcbertragen werden.<\/strong><\/p>\n\n\n\n<p>Sein Argument: \u201eEine Fu\u00dfballeuropameisterschaft gibt es alle vier Jahre, die St. Johannes Sch\u00fctzengesellschaft 1662 Cl\u00f6rath-Vennheide wird nur einmal 350 Jahre alt.\u201c Die Band \u201eCalifornia Blue\u201c spielte zum Tanz auf, das Zelt war jedoch bei weitem nicht so gut besucht wie sonst.<\/p>\n\n\n\n<p>Am Freitagabend hatte DJ Andy von der Skihalle Neuss bei \u201eCl\u00f6rath brennt\u201c vor knapp 500 meist jungen G\u00e4sten aufgelegt. Der stellvertretende B\u00fcrgermeister Dieter Lambertz geh\u00f6rte am Samstag zu denen, die sich bewusst f\u00fcr das Sch\u00fctzenzelt entschieden hatten. Und er machte 200 Euro f\u00fcr die Jugendabteilung locker. Aber auch zahlreiche Repr\u00e4sentanten anderer Bruderschaften hatten auf die Fu\u00dfball\u00fcbertragung verzichtet.<\/p>\n\n\n\n<p>Sch\u00fctzenk\u00f6nig Axel Kr\u00fcger hatte dieses Amt bereits im Jahre 2004 innegehabt. \u201eEs ist sch\u00f6ner als beim ersten Mal, nicht zuletzt deshalb, weil ich mittlerweile sehr viel mehr Leute kenne\u201c, sagte der K\u00f6nig, der mit Ehefrau Petra regiert. Als 1. Minister steht ihnen Paul Frelih zur Seite, der Sch\u00fctzenk\u00f6nig des Vorjahres, als 2. Minister k\u00fcmmert sich Karl-Heinz Thivessen um den K\u00f6nig.<\/p>\n\n\n\n<p>Zum ersten Mal war eine K\u00f6nigsoffizierin dabei<\/p>\n\n\n\n<p>Zum 350-j\u00e4hrigen Jubil\u00e4um gibt sich die Sch\u00fctzengesellschaft nach allen Seiten offen: Dass ein K\u00f6nig und zwei Minister durch eine K\u00f6nigsoffizierin erg\u00e4nzt werden, hat es bislang noch nicht gegeben: Susanne Berger macht sonst bei den Musketieren mit.<\/p>\n\n\n\n<p>Zum ersten Mal mit dabei: Die Kindergruppe \u201eJot jelunge Juschfotte\u201c. Die acht Kinder im Alter zwischen acht und zw\u00f6lf Jahren werden von Marcus Karsch, Christian Schmidt-Recken und Wolfgang Roenz betreut. Mit Jonas Engels stellen die Senkrechtstarter prompt den Sch\u00fclerprinzen.<\/p>\n\n\n\n<p>Und w\u00e4hrend die Musketiere nur aus M\u00e4dchen und Frauen bestehen, macht bei der neuen Kindergruppe neben acht Jungs eine junge Dame mit: Sophie Recken schien sich in der M\u00e4nnerrunde richtig wohl zu f\u00fchlen. Wie immer eine Augenweide: Die Parade am Sonntagvormittag. Erstaunlich und einzigartig ist die Vielfalt der Uniformen.<\/p>\n\n\n\n<p>Mit G\u00e4sten marschierten rund 500 Sch\u00fctzen durch die Honschaft. Im vergangenen Jahr war das Sch\u00fctzenfest zum ersten Mal um einen Tag verk\u00fcrzt worden, nachdem der Dorfabend auf immer geringere Resonanz gesto\u00dfen war. Das wird auch diesmal so sein. Heute steht ab 17 Uhr der K\u00f6nigsvogelschuss auf dem Programm. Noch ist kein Bewerber bekannt.<\/p>\n\n\n\n<p>Quelle: WZ<\/p>\n\n\n\n<hr class=\"wp-block-separator\"\/>\n\n\n\n<hr class=\"wp-block-separator\"\/>\n\n\n\n<p>1. Juni 2012 &#8211; 18:23 Uhr<\/p>\n\n\n\n<h1 class=\"wp-block-heading\">K\u00f6nig Axel freut sich auf Paraden und Gala<\/h1>\n\n\n\n<figure class=\"wp-block-image alignnone\"><img  title=\"\" decoding=\"async\" src=\"https:\/\/johannes-schuetzen.de\/wp-content\/uploads\/2016\/04\/WZ-2012-06-01.jpg\"  alt=\"WZ-2012-06-01 Archiv 2012\" \/><figcaption>Stattlich, stattlich, das K\u00f6nigshaus in Cl\u00f6rath-Vennheide: Das Foto zeigt v.l. Paul Frelih (Minister), Susanne Berger (K\u00f6nigsoffizier), Karl-Heinz Thivessen (Minister) und schlie\u00dflich Axel Kr\u00fcger, den K\u00f6nig der Johannes-Sch\u00fctzengesellschaft. FOTO: NN<\/figcaption><\/figure>\n\n\n\n<p>Von Peter Korall<\/p>\n\n\n\n<p>In Cl\u00f6rath-Vennheide feiert die Johannes-Sch\u00fctzengesellschaft ab Donnerstag.<\/p>\n\n\n\n<p><strong>Anrath. Einiges los in der Honschaft \u2013 Cl\u00f6rath-Vennheide feiert Sch\u00fctzenfest. Das geschieht vom 7. bis 11. Juni. Dass sich dabei fast alles um K\u00f6nig Axel Kr\u00fcger dreht, ist f\u00fcr die Johannes-Sch\u00fctzengesellschaft klar. Der Majest\u00e4t zur Seite stehen die Minister Paul Frelih und Karl Thivessen sowie K\u00f6nigsoffizier Susanne Berger.<\/strong><\/p>\n\n\n\n<p>Los geht\u2019s am Donnerstag, 7. Juni, wenn ab 14 Uhr das Sch\u00fcler- und Jugendprinzschie\u00dfen ansteht. F\u00fcr 16 Uhr ist das Bezirksk\u00f6nigsschie\u00dfen angesetzt. Die Festmaien werden am Freitag, 8. Juni, ab 20.30 Uhr gesetzt. Um 21 Uhr beginnt im Festzelt die Rock-Pop-Fete \u201eCl\u00f6rath brennt\u201c. DJ Andy aus der Skihalle Neuss wird entsprechende \u201eMucke\u201c auflegen.<\/p>\n\n\n\n<p>Am Samstag um 14.30 Uhr treten die Sch\u00fctzen bei Hermann Thees in Cl\u00f6rath an. Um 15.45 Uhr wird am Missionskreuz ein Kranz niedergelegt, die Festmesse in der Anrather Pfarrkirche St. Johannes startet um 17 Uhr. Ab 20 Uhr kann beim Sch\u00fctzenball im Festzelt zur Musik von \u201eCalifornia Blue\u201c getanzt werden.<\/p>\n\n\n\n<p>Am Sonntag beginnt um 10 Uhr die K\u00f6nigsparade mit Gro\u00dfem Zapfenstreich vor der Ehrentrib\u00fcne in Vennheide, um 11 Uhr beginnt im Festzelt der Fr\u00fchschoppen. Am Abend geht es um 19 Uhr mit der K\u00f6nigsparade mit Hofstaat und Ehreng\u00e4sten vor der Ehrentrib\u00fcne weiter, bevor um 19.45 Uhr zum K\u00f6nigsgalaball im Zelt geladen wird. Es spielt die Band \u201eMikado\u201c.<\/p>\n\n\n\n<p>Am Montag ist um 17 Uhr der K\u00f6nigsvogelschuss angesetzt, der neue K\u00f6nig wird um 20.30 Uhr im Zelt an der Schie\u00dfanlage Meier gek\u00fcrt. Dort wird dann auch der Ausklang des Festes begangen.<\/p>\n\n\n\n<p>Quelle: WZ<\/p>\n","protected":false},"excerpt":{"rendered":"<p>10. Juni 2012 &#8211; 18:46 Uhr Johannes-Sch\u00fctzen feiern 350-j\u00e4hriges Bestehen: Kein Deutschland-Spiel im Zelt Von Rudolf Barnholt In Cl\u00f6rath-Vennheide feiern die Johannes-Sch\u00fctzen 350-j\u00e4hriges Bestehen. Rund 500 zogen durch die Honschaft. Anrath. Pr\u00e4sident Marcus Herold hatte sich die Entscheidung nicht leicht gemacht: Das Spiel Deutschland gegen Portugal am Samstagabend sollte nicht im Zelt \u00fcbertragen werden. Sein<\/p><\/div>\n<div class=\"blog-btn\"><a href=\"https:\/\/johannes-schuetzen.de\/?page_id=1352\" class=\"home-blog-btn\">Weiterlesen<\/a><\/p>\n","protected":false},"author":1,"featured_media":0,"parent":1184,"menu_order":0,"comment_status":"closed","ping_status":"closed","template":"","meta":{"footnotes":""},"class_list":["post-1352","page","type-page","status-publish","hentry"],"_links":{"self":[{"href":"https:\/\/johannes-schuetzen.de\/index.php?rest_route=\/wp\/v2\/pages\/1352","targetHints":{"allow":["GET"]}}],"collection":[{"href":"https:\/\/johannes-schuetzen.de\/index.php?rest_route=\/wp\/v2\/pages"}],"about":[{"href":"https:\/\/johannes-schuetzen.de\/index.php?rest_route=\/wp\/v2\/types\/page"}],"author":[{"embeddable":true,"href":"https:\/\/johannes-schuetzen.de\/index.php?rest_route=\/wp\/v2\/users\/1"}],"replies":[{"embeddable":true,"href":"https:\/\/johannes-schuetzen.de\/index.php?rest_route=%2Fwp%2Fv2%2Fcomments&post=1352"}],"version-history":[{"count":6,"href":"https:\/\/johannes-schuetzen.de\/index.php?rest_route=\/wp\/v2\/pages\/1352\/revisions"}],"predecessor-version":[{"id":2611,"href":"https:\/\/johannes-schuetzen.de\/index.php?rest_route=\/wp\/v2\/pages\/1352\/revisions\/2611"}],"up":[{"embeddable":true,"href":"https:\/\/johannes-schuetzen.de\/index.php?rest_route=\/wp\/v2\/pages\/1184"}],"wp:attachment":[{"href":"https:\/\/johannes-schuetzen.de\/index.php?rest_route=%2Fwp%2Fv2%2Fmedia&parent=1352"}],"curies":[{"name":"wp","href":"https:\/\/api.w.org\/{rel}","templated":true}]}}