{"id":1361,"date":"2016-04-21T18:28:10","date_gmt":"2016-04-21T16:28:10","guid":{"rendered":"http:\/\/johannes-schuetzen.de\/?page_id=1361"},"modified":"2021-11-02T17:21:06","modified_gmt":"2021-11-02T16:21:06","slug":"archiv-2013","status":"publish","type":"page","link":"https:\/\/johannes-schuetzen.de\/?page_id=1361","title":{"rendered":"Archiv 2013"},"content":{"rendered":"\n<p>19. November 2013 &#8211; 17:36 Uhr<\/p>\n\n\n\n<h1 class=\"wp-block-heading\">Sch\u00fctzen: Keine Probleme mit dem Nachwuchs<\/h1>\n\n\n\n<figure class=\"wp-block-image alignnone\"><img  title=\"\" decoding=\"async\" src=\"https:\/\/johannes-schuetzen.de\/wp-content\/uploads\/2016\/04\/WZ-2013-11-19.jpg\"  alt=\"WZ-2013-11-19 Archiv 2013\" \/><figcaption><em>Axel Kr\u00fcger (links), Vize-Pr\u00e4siden der Johannessch\u00fctzen Cl\u00f6rath-Vennheide, gratuliert dem neuen K\u00f6nig Markus Berger. FOTO: NN<\/em><\/figcaption><\/figure>\n\n\n\n<p>Die Johannes-Sch\u00fctzengesellschaft Cl\u00f6rath-Vennheide sieht sich gut aufgestellt.<\/p>\n\n\n\n<p><strong>Anrath. Die Bilanz des Sch\u00fctzenfestes und Neuwahlen standen im Mittelpunkt der Jahreshauptversammlung der Johannes-Sch\u00fctzen Cl\u00f6rath-Vennheide. F\u00fcr das Sch\u00fctzenfest 2013 gab es in der gutbesuchten Versammlung lobende Worte.<\/strong><\/p>\n\n\n\n<p>Im Bereich der Kinder- und Jugendarbeit verzeichnet die Bruderschaft weiter einen positiven Trend. Mit inzwischen sieben Kinder- und Jugendgruppen herrsche kein Mangel an Nachwuchs. Alle Veranstaltungen wurden vom scheidenden K\u00f6nigshaus \u201eB\u00f6llersch\u00fctzen\u201c mit K\u00f6nig Heiner Schmitz besucht.<\/p>\n\n\n\n<p>Bei den Neuwahlen ergab sich folgendes Bild: Wiedergew\u00e4hlt wurden Pr\u00e4sident Marcus Herold, der stellvertretende Kassierer Oliver Tritsch und die langj\u00e4hrige Schriftf\u00fchrerin Susanne Berger. Zum Beisitzer wurde Heiner Schmitz gew\u00e4hlt.<\/p>\n\n\n\n<p>Beschlossen wurde zudem, 2015 ein Sch\u00fctzenfest zu veranstalten. Au\u00dferdem entschied die Versammlung, die zwei stark besch\u00e4digten historischen Fahnen restaurieren zu lassen.<\/p>\n\n\n\n<p>Weiterhin wurde das K\u00f6nigssilber vom scheidenden K\u00f6nig Heiner Schmitz an den neuen K\u00f6nig Markus Berger \u00fcberreicht. Das K\u00f6nigshaus \u2013 gestellt durch die Gruppe \u201eDe Heitere\u201c \u2013 wird durch die Minister Marcus Herold und Thomas Dix sowie durch K\u00f6nigsoffizier Roger Demers komplettiert.<\/p>\n\n\n\n<p>Quelle: WZ<\/p>\n\n\n\n<hr class=\"wp-block-separator\"\/>\n\n\n\n<hr class=\"wp-block-separator\"\/>\n\n\n\n<p>2. Juni 2013 &#8211; 18:26 Uhr<\/p>\n\n\n\n<h1 class=\"wp-block-heading\">Brauchtum: Blau-Wei\u00dfe Herrlichkeit am Sch\u00fctzenplatz<\/h1>\n\n\n\n<figure class=\"wp-block-image alignnone\"><img  title=\"\" decoding=\"async\" src=\"https:\/\/johannes-schuetzen.de\/wp-content\/uploads\/2016\/04\/WZ-2013-06-02.jpg\"  alt=\"WZ-2013-06-02 Archiv 2013\" \/><figcaption><em>Paraderolle f\u00fcr die Generalit\u00e4t: Sie marschierte in Cl\u00f6rath vorbildlich. FOTO: Friedhelm Reimann<\/em><\/figcaption><\/figure>\n\n\n\n<p>Von Rudolf Barnholt<\/p>\n\n\n\n<p>Viele Zuschauer erlebten Feiern und Parade in Cl\u00f6rath-Vennheide mit.<\/p>\n\n\n\n<p><strong>Cl\u00f6rath-Vennheide. Er wohnt direkt neben dem Sch\u00fctzenplatz. Was lag da n\u00e4her f\u00fcr Heiner Schmitz, als Sch\u00fctzenk\u00f6nig von Cl\u00f6rath-Vennheide zu werden. \u201eDamit habe ich mir auch ein Geburtstagsgeschenk gemacht\u201c, sagte Schmitz, der im September 50 Jahre alt wird. Seine Regentschaft pr\u00e4gte das Bild im Zelt: Da er den B\u00f6llersch\u00fctzen angeh\u00f6rt, die es bajuwarisch lieben, treten die K\u00f6nigin und die Ministerinnen ebenso wie die Hofdamen in Dirndln auf. Und das Zelt ist blau-wei\u00df geschm\u00fcckt.<\/strong><\/p>\n\n\n\n<p>\u201eDamit habe ich mir ein Geburtstagsgeschenk gemacht.\u201c<br>Heiner Schmitz, Sch\u00fctzenk\u00f6nig von Cl\u00f6rath-Vennheide<\/p>\n\n\n\n<p>Strahlend blau zeigte sich Sonntag auch der Himmel. W\u00e4hrend es vor ein paar Jahren vorkam, dass gestandene Sch\u00fctzen auf der Trib\u00fcne wegen der Hitze kollabierten, bestimmten Sonntag eher dicke Jacken das Bild bei den zahlreichen Zuschauern.<\/p>\n\n\n\n<p>Die Paraden in Cl\u00f6rath-Vennheide sind bekanntlich immer besonders bunt: Neben den klassischen gr\u00fcnen J\u00e4geruniformen gibt es Schottenr\u00f6cke, M\u00e4nner in Frack und Zylinder, Fahnenschwenkerinnen, kleine und gr\u00f6\u00dfere Musketiere \u2013 und von den eigenen 160 Sch\u00fctzen sind gut drei Dutzend M\u00e4dchen und Frauen. Das Regiment ist im Vergleich zum Vorjahr um zehn Marschierer gewachsen. Das liegt an den neuen Kinder- und Jugendgruppen \u201eMusketiere 2013\u201c und \u201eMuntere Jonges\u201c.<\/p>\n\n\n\n<p>Neues Motto \u201eEcht K\u00f6lsche Nacht\u201c zieht mehr Leute an<\/p>\n\n\n\n<p>Die Entscheidung, den Sch\u00fctzenfestfreitag neu zu gestalten, sollte sich als richtig erweisen: Erstmals lautete das Motto nicht mehr \u201eCl\u00f6rath brennt\u201c, stattdessen hatte die St. Johannes Sch\u00fctzengesellschaft 1662 Cl\u00f6rath-Vennheide zur \u201eEcht K\u00f6lsche Nacht\u201c eingeladen und \u201eDe Fruende\u201c engagiert. W\u00e4hrend bei \u201eCl\u00f6rath brennt\u201c zuletzt immer knapp 500 Besucher waren, kamen nun rund 100 mehr.<\/p>\n\n\n\n<p>Heiner Schmitz, von Beruf Braumeister, hat vor allem die Sektempf\u00e4nge bei den einzelnen Z\u00fcgen genossen. \u201eTrotzdem schmeckt mir Alt-Bier besser als Sekt.\u201c<\/p>\n\n\n\n<p>Was ihm ebenfalls \u201eschmeckte\u201c: Dass ihn die drei B\u00f6llersch\u00fctzen Achim Koy (K\u00f6nigsoffizier) sowie Gregor Manns und Peter R\u00fcbner als Minister so tatkr\u00e4ftig unterst\u00fctzen. Daf\u00fcr gab es Sonntag einen K\u00f6nigsorden. Pr\u00e4sident Markus Herold stellte fest, dass das Rauchverbot im Zelt strikt eingehalten wurde. Bez\u00fcglich des Vogelschusses am Montag ist er optimistisch: \u201eWir haben bisher immer einen K\u00f6nig gefunden.\u201c Ab 17 Uhr wird er an der Schie\u00dfanlage Reiherweg ermittelt, 20.30 Uhr ist die Kr\u00f6nung im Zelt.<\/p>\n\n\n\n<p>Quelle: WZ<\/p>\n","protected":false},"excerpt":{"rendered":"<p>19. November 2013 &#8211; 17:36 Uhr Sch\u00fctzen: Keine Probleme mit dem Nachwuchs Die Johannes-Sch\u00fctzengesellschaft Cl\u00f6rath-Vennheide sieht sich gut aufgestellt. Anrath. Die Bilanz des Sch\u00fctzenfestes und Neuwahlen standen im Mittelpunkt der Jahreshauptversammlung der Johannes-Sch\u00fctzen Cl\u00f6rath-Vennheide. F\u00fcr das Sch\u00fctzenfest 2013 gab es in der gutbesuchten Versammlung lobende Worte. Im Bereich der Kinder- und Jugendarbeit verzeichnet die Bruderschaft<\/p><\/div>\n<div class=\"blog-btn\"><a href=\"https:\/\/johannes-schuetzen.de\/?page_id=1361\" class=\"home-blog-btn\">Weiterlesen<\/a><\/p>\n","protected":false},"author":1,"featured_media":0,"parent":1184,"menu_order":0,"comment_status":"closed","ping_status":"closed","template":"","meta":{"footnotes":""},"class_list":["post-1361","page","type-page","status-publish","hentry"],"_links":{"self":[{"href":"https:\/\/johannes-schuetzen.de\/index.php?rest_route=\/wp\/v2\/pages\/1361","targetHints":{"allow":["GET"]}}],"collection":[{"href":"https:\/\/johannes-schuetzen.de\/index.php?rest_route=\/wp\/v2\/pages"}],"about":[{"href":"https:\/\/johannes-schuetzen.de\/index.php?rest_route=\/wp\/v2\/types\/page"}],"author":[{"embeddable":true,"href":"https:\/\/johannes-schuetzen.de\/index.php?rest_route=\/wp\/v2\/users\/1"}],"replies":[{"embeddable":true,"href":"https:\/\/johannes-schuetzen.de\/index.php?rest_route=%2Fwp%2Fv2%2Fcomments&post=1361"}],"version-history":[{"count":4,"href":"https:\/\/johannes-schuetzen.de\/index.php?rest_route=\/wp\/v2\/pages\/1361\/revisions"}],"predecessor-version":[{"id":2613,"href":"https:\/\/johannes-schuetzen.de\/index.php?rest_route=\/wp\/v2\/pages\/1361\/revisions\/2613"}],"up":[{"embeddable":true,"href":"https:\/\/johannes-schuetzen.de\/index.php?rest_route=\/wp\/v2\/pages\/1184"}],"wp:attachment":[{"href":"https:\/\/johannes-schuetzen.de\/index.php?rest_route=%2Fwp%2Fv2%2Fmedia&parent=1361"}],"curies":[{"name":"wp","href":"https:\/\/api.w.org\/{rel}","templated":true}]}}