{"id":169,"date":"2013-08-29T13:39:21","date_gmt":"2013-08-29T11:39:21","guid":{"rendered":"http:\/\/www.johannes-schuetzen.de\/?page_id=169"},"modified":"2023-06-14T21:01:12","modified_gmt":"2023-06-14T19:01:12","slug":"schuetzenjugend","status":"publish","type":"page","link":"https:\/\/johannes-schuetzen.de\/?page_id=169","title":{"rendered":"Sch\u00fctzenjugend"},"content":{"rendered":"<p>Auch wir Jungsch\u00fctzenmeister wollen es nicht vers\u00e4umen, ein paar Gru\u00dfworte und Gedanken in die Welt zu senden.<\/p>\n<p>Die Jugendarbeit ist sowohl eine Tradition als auch eine der wichtigsten Aufgaben des Vereinslebens der St. Johannes Sch\u00fctzengesellschaft. Wir geh\u00f6ren unserem Verein schon von Kindheitsbeinen an und sind mit ihm zusammen gewachsen.<br \/>\nNun stehen wir an der Stelle, die alten Werte \u201eGlaube, Sitte und Heimat\u201c an unsere Vereinsjugend weiterzugeben. Dar\u00fcber hinaus wollen wir Vorbild und Ansprechpartner sein und sind das Sprachrohr f\u00fcr die Kinder und Jugendlichen gegen\u00fcber dem Gesamtverein. Eines unserer Hauptanliegen muss es deshalb sein, die Kinder und Jugendlichen aktiv in das Vereinsleben einzubeziehen. Die Gratwanderung ist es, ohne \u201eMussgef\u00fchl\u201c den Blick f\u00fcr Notwendigkeiten und anfallende Aufgaben zu wecken. Der Eifer und die Vorfreude der Jugend unserer Sch\u00fctzengesellschaft, die Altsch\u00fctzen bei der allgemeinen Vereinsarbeit zu unterst\u00fctzen, begeistert uns immer wieder. Hierf\u00fcr an dieser Stelle ein gro\u00dfes Lob und Dankesch\u00f6n.<\/p>\n<p>Den Jugendgruppenleitern danken wir f\u00fcr ihren kontinuierlichen Einsatz bei der Betreuung unserer mittlerweile f\u00fcnf Jugendgruppen. Diese stellen daf\u00fcr einen beachtlichen Teil ihrer Freizeit zur Verf\u00fcgung. Jahr f\u00fcr Jahr tragen sie Sorge daf\u00fcr, dass unsere Jugend einen einwandfreien Auftritt in der \u00d6ffentlichkeit hinlegt, denn das Bild, das bei unseren Umz\u00fcgen auf der Stra\u00dfe geboten wird, ist einfach nur klasse.<\/p>\n<p>Damit wir die Jugendgruppen auch finanziell etwas unterst\u00fctzen k\u00f6nnen, veranstalten wir jedes Jahr einen Seniorenkaffee. Hierzu werden alle Mitglieder und Bewohner der Honschaft ab 60 Jahren zu einem netten Nachmittag mit Kaffee und Kuchen von unserer Jugend eingeladen. Getreu dem Motto \u201eJung trifft Alt\u201c werden unsere G\u00e4ste von unseren Kindern, Jugendlichen und uns Jungsch\u00fctzenmeistern an diesem Nachmittag betreut und bewirtet. Im Anschluss daran erhalten wir eine kleine Spende.<br \/>\nAuch an den Sch\u00fctzenfesttagen k\u00f6nnen wir uns \u00fcber den einen oder anderen Obolus von vielen Spendern freuen. Ihnen allen bringen wir hiermit unsere Dankbarkeit zum Ausdruck! Unsere Geld verschlingende Sau \u201eSiggi\u201c \u2013 das Jugendsparschwein \u2013 ist jedoch ein kleiner Nimmersatt, und so werden wir nicht m\u00fcde, immer weiter nach Nahrung f\u00fcr ihn zu suchen. Wir bedanken uns im Besonderen bei unserem Honschaftsb\u00fcrgermeister, den viele von uns noch als \u201eden Onkel von der Polizei\u201c kennen, Dieter Lambertz.<\/p>\n<p>Eines der Highlights des Sch\u00fctzenjahres ist sicherlich das Sch\u00fcler- und Jugendprinzenschie\u00dfen an Fronleichnam. Auf der Schie\u00dfanlage am Reiherweg schie\u00dfen die Kinder mit der Armbrust und die Jugendlichen mit dem Kleinkalibergewehr ihren Prinzen f\u00fcr das jeweils anstehende Sch\u00fctzenfest aus.<br \/>\nIm Jubil\u00e4umsjahr 2012 wurd zeitgleich auch das Bezirksk\u00f6nigsschie\u00dfen durch die St. Johannes Sch\u00fctzengesellschaft ausgerichtet, was diesen Tag f\u00fcr die Kinder und Jugendlichen sicherlich zu etwas ganz Besonderem werden lie\u00df.<\/p>\n<ul>\n<li><a href=\"https:\/\/johannes-schuetzen.de\/?page_id=2811\">Kinderprinzen<\/a><\/li>\n<li><a href=\"https:\/\/johannes-schuetzen.de\/?page_id=1022\">Sch\u00fclerprinzen<\/a><\/li>\n<li><a href=\"https:\/\/johannes-schuetzen.de\/?page_id=1020\">Jugendprinzen<\/a><\/li>\n<\/ul>\n","protected":false},"excerpt":{"rendered":"<p>Auch wir Jungsch\u00fctzenmeister wollen es nicht vers\u00e4umen, ein paar Gru\u00dfworte und Gedanken in die Welt zu senden. Die Jugendarbeit ist sowohl eine Tradition als auch eine der wichtigsten Aufgaben des Vereinslebens der St. Johannes Sch\u00fctzengesellschaft. Wir geh\u00f6ren unserem Verein schon von Kindheitsbeinen an und sind mit ihm zusammen gewachsen. Nun stehen wir an der Stelle,<\/p><\/div>\n<div class=\"blog-btn\"><a href=\"https:\/\/johannes-schuetzen.de\/?page_id=169\" class=\"home-blog-btn\">Weiterlesen<\/a><\/p>\n","protected":false},"author":1,"featured_media":0,"parent":0,"menu_order":0,"comment_status":"closed","ping_status":"closed","template":"","meta":{"footnotes":""},"class_list":["post-169","page","type-page","status-publish","hentry"],"_links":{"self":[{"href":"https:\/\/johannes-schuetzen.de\/index.php?rest_route=\/wp\/v2\/pages\/169","targetHints":{"allow":["GET"]}}],"collection":[{"href":"https:\/\/johannes-schuetzen.de\/index.php?rest_route=\/wp\/v2\/pages"}],"about":[{"href":"https:\/\/johannes-schuetzen.de\/index.php?rest_route=\/wp\/v2\/types\/page"}],"author":[{"embeddable":true,"href":"https:\/\/johannes-schuetzen.de\/index.php?rest_route=\/wp\/v2\/users\/1"}],"replies":[{"embeddable":true,"href":"https:\/\/johannes-schuetzen.de\/index.php?rest_route=%2Fwp%2Fv2%2Fcomments&post=169"}],"version-history":[{"count":3,"href":"https:\/\/johannes-schuetzen.de\/index.php?rest_route=\/wp\/v2\/pages\/169\/revisions"}],"predecessor-version":[{"id":2815,"href":"https:\/\/johannes-schuetzen.de\/index.php?rest_route=\/wp\/v2\/pages\/169\/revisions\/2815"}],"wp:attachment":[{"href":"https:\/\/johannes-schuetzen.de\/index.php?rest_route=%2Fwp%2Fv2%2Fmedia&parent=169"}],"curies":[{"name":"wp","href":"https:\/\/api.w.org\/{rel}","templated":true}]}}