{"id":1848,"date":"2017-02-17T06:34:39","date_gmt":"2017-02-17T05:34:39","guid":{"rendered":"http:\/\/johannes-schuetzen.de\/?page_id=1848"},"modified":"2024-06-10T09:31:27","modified_gmt":"2024-06-10T07:31:27","slug":"cloerather-jonges","status":"publish","type":"page","link":"https:\/\/johannes-schuetzen.de\/?page_id=1848","title":{"rendered":"Cl\u00f6rather Jonges"},"content":{"rendered":"\r\n<div class=\"wp-block-image\">\r\n<figure class=\"aligncenter\"><img  title=\"\" loading=\"lazy\" decoding=\"async\" class=\"alignnone size-medium wp-image-2860\" src=\"https:\/\/johannes-schuetzen.de\/wp-content\/uploads\/2024\/06\/CloeratherJonges-550x367.jpg\"  alt=\"CloeratherJonges-550x367 Cl\u00f6rather Jonges\"  width=\"550\" height=\"367\" srcset=\"https:\/\/johannes-schuetzen.de\/wp-content\/uploads\/2024\/06\/CloeratherJonges-550x367.jpg 550w, https:\/\/johannes-schuetzen.de\/wp-content\/uploads\/2024\/06\/CloeratherJonges-150x100.jpg 150w, https:\/\/johannes-schuetzen.de\/wp-content\/uploads\/2024\/06\/CloeratherJonges-768x513.jpg 768w, https:\/\/johannes-schuetzen.de\/wp-content\/uploads\/2024\/06\/CloeratherJonges.jpg 800w\" sizes=\"auto, (max-width: 550px) 100vw, 550px\" \/><br \/>\r\n\r\n<\/figure>\r\n<\/div>\r\n\r\n\r\n\r\n<p><span style=\"color: #000000; font-family: Arial; font-size: medium;\">Die Cl\u00f6rather Jonges wurden 2016 von vier erfahren Sch\u00fctzen gegr\u00fcndet. Seit 2017 nimmt die Gruppe aktiv am Cl\u00f6rather Sch\u00fctzenwesen teil. Mittlerweile kann man die Integration als gelungen bezeichnen. Aktuell besteht die Gruppe aus elf Mann.<\/span><\/p>\r\n\r\n\r\n\r\n<p><span style=\"color: #000000; font-family: Arial; font-size: medium;\">Wir k\u00fcmmern uns seit 2018 in der Hauptsache um den Schie\u00dfplatz auf dem Gel\u00e4nde der Familie Meier am Reiherweg. Ausserdem zusammen mit der B\u00fcrgerwehr um die F\u00e4hnchen auf der Vennheide.<\/span><span style=\"color: #000000; font-family: Arial; font-size: medium;\">\u00a0<\/span><\/p>\r\n\r\n\r\n\r\n<p><span style=\"color: #000000; font-family: Arial; font-size: medium;\">2019 waren wir erstmals Wachzug eines K\u00f6nigshauses. 2023 und 2024 haben wir das K\u00f6nigshaus der Gesellschaft gestellt. Viele Gruppenmitglieder sind auch innerhalb des Vereins in Amt und W\u00fcrden. So stellt die Gruppe mitlerweile denVizepr\u00e4sidenten, den Gesch\u00e4ftsf\u00fchrer, den General, sowie den Major und den Adjudanten des Generals.<\/span><\/p>\r\n<p><span style=\"color: #000000; font-family: Arial; font-size: medium;\">Dar\u00fcber hinaus beteiligen wir uns aktiv an den Veranstaltungen der Gesellschaft und begleiten das jeweilige K\u00f6nigshaus bei verschiedenen Sch\u00fctzenfesten und Veranstaltungen<\/span>.<\/p>\r\n\r\n\r\n\r\n<p>&nbsp;<\/p>\r\n","protected":false},"excerpt":{"rendered":"<p>Die Cl\u00f6rather Jonges wurden 2016 von vier erfahren Sch\u00fctzen gegr\u00fcndet. Seit 2017 nimmt die Gruppe aktiv am Cl\u00f6rather Sch\u00fctzenwesen teil. Mittlerweile kann man die Integration als gelungen bezeichnen. Aktuell besteht die Gruppe aus elf Mann. Wir k\u00fcmmern uns seit 2018 in der Hauptsache um den Schie\u00dfplatz auf dem Gel\u00e4nde der Familie Meier am Reiherweg. Ausserdem<\/p><\/div>\n<div class=\"blog-btn\"><a href=\"https:\/\/johannes-schuetzen.de\/?page_id=1848\" class=\"home-blog-btn\">Weiterlesen<\/a><\/p>\n","protected":false},"author":1,"featured_media":0,"parent":498,"menu_order":0,"comment_status":"closed","ping_status":"closed","template":"","meta":{"footnotes":""},"class_list":["post-1848","page","type-page","status-publish","hentry"],"_links":{"self":[{"href":"https:\/\/johannes-schuetzen.de\/index.php?rest_route=\/wp\/v2\/pages\/1848","targetHints":{"allow":["GET"]}}],"collection":[{"href":"https:\/\/johannes-schuetzen.de\/index.php?rest_route=\/wp\/v2\/pages"}],"about":[{"href":"https:\/\/johannes-schuetzen.de\/index.php?rest_route=\/wp\/v2\/types\/page"}],"author":[{"embeddable":true,"href":"https:\/\/johannes-schuetzen.de\/index.php?rest_route=\/wp\/v2\/users\/1"}],"replies":[{"embeddable":true,"href":"https:\/\/johannes-schuetzen.de\/index.php?rest_route=%2Fwp%2Fv2%2Fcomments&post=1848"}],"version-history":[{"count":9,"href":"https:\/\/johannes-schuetzen.de\/index.php?rest_route=\/wp\/v2\/pages\/1848\/revisions"}],"predecessor-version":[{"id":2861,"href":"https:\/\/johannes-schuetzen.de\/index.php?rest_route=\/wp\/v2\/pages\/1848\/revisions\/2861"}],"up":[{"embeddable":true,"href":"https:\/\/johannes-schuetzen.de\/index.php?rest_route=\/wp\/v2\/pages\/498"}],"wp:attachment":[{"href":"https:\/\/johannes-schuetzen.de\/index.php?rest_route=%2Fwp%2Fv2%2Fmedia&parent=1848"}],"curies":[{"name":"wp","href":"https:\/\/api.w.org\/{rel}","templated":true}]}}