{"id":1860,"date":"2017-05-12T07:21:13","date_gmt":"2017-05-12T05:21:13","guid":{"rendered":"http:\/\/johannes-schuetzen.de\/?page_id=1860"},"modified":"2021-11-02T18:50:58","modified_gmt":"2021-11-02T17:50:58","slug":"archiv-2017","status":"publish","type":"page","link":"https:\/\/johannes-schuetzen.de\/?page_id=1860","title":{"rendered":"Archiv 2017"},"content":{"rendered":"\n<p><strong>21. Juni 2017<\/strong><\/p>\n\n\n\n<h2 class=\"wp-block-heading\"><strong>Bezirksbundesmeister wird K\u00f6nig<\/strong><strong><\/strong><\/h2>\n\n\n\n<figure class=\"wp-block-image size-full\"><img  title=\"\" loading=\"lazy\" decoding=\"async\" width=\"940\" height=\"528\" src=\"https:\/\/johannes-schuetzen.de\/wp-content\/uploads\/2021\/11\/2017_Bezirksbundesmeister-wird-Koenig.jpg\"  alt=\"2017_Bezirksbundesmeister-wird-Koenig Archiv 2017\"  class=\"wp-image-2669\" srcset=\"https:\/\/johannes-schuetzen.de\/wp-content\/uploads\/2021\/11\/2017_Bezirksbundesmeister-wird-Koenig.jpg 940w, https:\/\/johannes-schuetzen.de\/wp-content\/uploads\/2021\/11\/2017_Bezirksbundesmeister-wird-Koenig-550x309.jpg 550w, https:\/\/johannes-schuetzen.de\/wp-content\/uploads\/2021\/11\/2017_Bezirksbundesmeister-wird-Koenig-150x84.jpg 150w, https:\/\/johannes-schuetzen.de\/wp-content\/uploads\/2021\/11\/2017_Bezirksbundesmeister-wird-Koenig-768x431.jpg 768w\" sizes=\"auto, (max-width: 940px) 100vw, 940px\" \/><\/figure>\n\n\n\n<p>Bereits mit dem 134. Schuss stand der neue K\u00f6nig fest. Es ist Mike Kunze, den hier seine Minister, Markus Berger und Georg Draack sowie K\u00f6nigsoffizier Christian Maritzen hochleben lassen. Vizeb\u00fcrgermeister Guido G\u00f6rtz geh\u00f6rte zu den ersten Gratulanten.&nbsp;Foto: Norbert Pr\u00fcmen<\/p>\n\n\n\n<p><strong>Stadt Willich. Er hat mit dem 137. Schuss am Montagabend den Vogel von der Stange geholt &#8211; und somit haben die Sch\u00fctzen der St. Johannes Sch\u00fctzengesellschaft Cl\u00f6rath-Vennheide einen doch eher ungew\u00f6hnlichen K\u00f6nig f\u00fcr ihr Sch\u00fctzenfest 2018: Mike Kunze, Bezirksbundesmeister des Bezirksverbandes Krefeld-Willich Meerbusch des Bundes der historischen Sch\u00fctzenbruderschaften Deutschlands.<\/strong><\/p>\n\n\n\n<p>Kunze, 41 Jahre alt und von Beruf Gymnasiallehrer, wohnt mit K\u00f6nigin Melanie Kunze eigentlich in Lank-Latum. Offiziell engagiert er sich erst seit dem Sch\u00fctzenfest 2016 bei den Cl\u00f6rather Sch\u00fctzen und ist offizielles Mitglied der Gruppe &#8222;de Heitere&#8220;. Er ist aber in seiner Funktion als Bezirksbundesmeister auch regelm\u00e4\u00dfiger Gast in Cl\u00f6rath. Auch seine K\u00f6nigin Melanie Kunze ist aktives Mitglied der Gesellschaft und als Bezirksschie\u00dfmeisterin im Bezirk aktiv.<\/p>\n\n\n\n<p>&#8222;Die Stimmung war einfach danach &#8230;&#8220;, erkl\u00e4rt der neue K\u00f6nig, warum er sich entschlossen habe, auf den Vogel zu schie\u00dfen. Seine Gruppe habe gesagt, dass sie mitziehe, und generell seien &#8222;die Sch\u00fctzen und die Leute in Cl\u00f6rath so nett und herzlich, und der Zusammenhalt unter allen Willicher Sch\u00fctzen ist toll&#8220;, schildert er seine Eindr\u00fccke vom Willicher Sch\u00fctzenwesen.<\/p>\n\n\n\n<p>Als Ministerpaare begleiten das K\u00f6nigspaar Markus und Alexandra Berger (K\u00f6nig 2014, Mitglied der Gruppe &#8222;de Heitere&#8220; und Schie\u00dfmeister) sowie Georg Draack (ebenfalls &#8222;de Heitere&#8220;) mit Nadine. K\u00f6nigsoffizier ist Christian Maritze (&#8222;de Heitere&#8220;), der als Schriftf\u00fchrer im Vorstand der Sch\u00fctzengesellschaft aktiv ist.<\/p>\n\n\n\n<p>Quelle: RP-Online<\/p>\n\n\n\n<hr class=\"wp-block-separator\"\/>\n\n\n\n<p><strong>20. Juni 2017<\/strong><\/p>\n\n\n\n<h2 class=\"wp-block-heading\"><strong>Die Ehrungen beim Cl\u00f6rather Sch\u00fctzenfest<\/strong><\/h2>\n\n\n\n<figure class=\"wp-block-image size-full\"><img  title=\"\" loading=\"lazy\" decoding=\"async\" width=\"940\" height=\"528\" src=\"https:\/\/johannes-schuetzen.de\/wp-content\/uploads\/2021\/11\/2017_Die-Ehrungen-beim-Cloerather-Schuetzenfest.jpg\"  alt=\"2017_Die-Ehrungen-beim-Cloerather-Schuetzenfest Archiv 2017\"  class=\"wp-image-2672\" srcset=\"https:\/\/johannes-schuetzen.de\/wp-content\/uploads\/2021\/11\/2017_Die-Ehrungen-beim-Cloerather-Schuetzenfest.jpg 940w, https:\/\/johannes-schuetzen.de\/wp-content\/uploads\/2021\/11\/2017_Die-Ehrungen-beim-Cloerather-Schuetzenfest-550x309.jpg 550w, https:\/\/johannes-schuetzen.de\/wp-content\/uploads\/2021\/11\/2017_Die-Ehrungen-beim-Cloerather-Schuetzenfest-150x84.jpg 150w, https:\/\/johannes-schuetzen.de\/wp-content\/uploads\/2021\/11\/2017_Die-Ehrungen-beim-Cloerather-Schuetzenfest-768x431.jpg 768w\" sizes=\"auto, (max-width: 940px) 100vw, 940px\" \/><figcaption>Die geehrten Sch\u00fctzen im Festzelt. Foto: NORBERT PR\u00dcMEN<\/figcaption><\/figure>\n\n\n\n<p><strong>Stadt Willich&nbsp;Bei den Ehrungen am Samstagabend erlebten die Sch\u00fctzen der St. Johannes Sch\u00fctzengesellschaft Cl\u00f6rath-Vennheide eine besondere Freude: Die amtierende K\u00f6nigsoffizierin Susanne Berger erhielt eine besondere und sehr seltene Auszeichnung: das St. Sebastianus Ehrenkreuz des Bundes der historischen Sch\u00fctzenbruderschaften in Deutschland. Berger ist seit Jahren in verschiedenen Aufgaben im Verein t\u00e4tig. Im Vorstand war sie fast 20 Jahre t\u00e4tig. Dazu war sie 2009 und 2015 Ministerin sowie bereits 2012 K\u00f6nigsoffizierin. Den Vereinsorden der Gesellschaft in Bronze erhielten Michael Paschen, Georg Draack und Marco Gotzes. Den Vereinsorden in Gold erhielt Dieter Lambertz.<\/strong><\/p>\n\n\n\n<p>Thomas Dix wurde zudem mit dem Silbernen Verdienstkreuz des Bundes der historischen Sch\u00fctzenbruderschaften ausgezeichnet.<\/p>\n\n\n\n<p>Quelle: RP-Online<\/p>\n\n\n\n<hr class=\"wp-block-separator\"\/>\n\n\n\n<p><strong>19. Juni 2017<\/strong><\/p>\n\n\n\n<h2 class=\"wp-block-heading\"><strong>Gelungenes Sch\u00fctzenfest in Cl\u00f6rath<\/strong><strong><\/strong><\/h2>\n\n\n\n<figure class=\"wp-block-image size-full\"><img  title=\"\" loading=\"lazy\" decoding=\"async\" width=\"940\" height=\"528\" src=\"https:\/\/johannes-schuetzen.de\/wp-content\/uploads\/2021\/11\/2017_Gelungenes-Fest-in-Cloerath.jpg\"  alt=\"2017_Gelungenes-Fest-in-Cloerath Archiv 2017\"  class=\"wp-image-2675\" srcset=\"https:\/\/johannes-schuetzen.de\/wp-content\/uploads\/2021\/11\/2017_Gelungenes-Fest-in-Cloerath.jpg 940w, https:\/\/johannes-schuetzen.de\/wp-content\/uploads\/2021\/11\/2017_Gelungenes-Fest-in-Cloerath-550x309.jpg 550w, https:\/\/johannes-schuetzen.de\/wp-content\/uploads\/2021\/11\/2017_Gelungenes-Fest-in-Cloerath-150x84.jpg 150w, https:\/\/johannes-schuetzen.de\/wp-content\/uploads\/2021\/11\/2017_Gelungenes-Fest-in-Cloerath-768x431.jpg 768w\" sizes=\"auto, (max-width: 940px) 100vw, 940px\" \/><figcaption><em>Gute Stimmung beim Cl\u00f6rather Sch\u00fctzenfest, das bereits an Fronleichnam mit dem Sch\u00fcler- und Jugendprinzenschie\u00dfen begonnen hatte. Heute um 17 Uhr steht noch der K\u00f6nigvogelschuss f\u00fcr 2018 an. Foto: NORBERT PR\u00dcMEN<\/em><\/figcaption><\/figure>\n\n\n\n<p><em><strong>Stadt Willich<\/strong><\/em><strong>&nbsp;Beim Sch\u00fctzenfest in Cl\u00f6rath-Vennheide gab es f\u00fcr ein verdientes Mitglied eine besondere Auszeichnung f\u00fcr K\u00f6nigsoffizierin Susanne Berger.<\/strong><\/p>\n\n\n\n<p>Viel Freude erlebten die Sch\u00fctzen der St. Johannes Sch\u00fctzengesellschaft 1662 Cl\u00f6rath-Vennheide an diesem Wochenende: Mit K\u00f6nig Klaus-Dieter Altmayer und K\u00f6nigin Walburga hatte die Gesellschaft nach einem &#8222;K\u00f6nig-losen&#8220; Fest wieder eine Sch\u00fctzenmajest\u00e4t, die sich um die Gesellschaft verdient macht: Im Vorstand ist er als Kassierer f\u00fcr die Finanzen zust\u00e4ndig. Diese Funktion tritt aber naturgem\u00e4\u00df in einem K\u00f6nigsjahr in den Hintergrund &#8211; und so erlebte Altmayer gestern Vormittag die erste Parade als K\u00f6nig auf der Ehrentrib\u00fcne.<\/p>\n\n\n\n<p>Die Darbietung der Johannes-Sch\u00fctzen, der Musikgruppen und der G\u00e4ste aus verschiedenen anderen Bruderschaften und Vereinen funktionierte einwandfrei &#8211; einer hatte allerdings zu k\u00e4mpfen: Markus Sch\u00fcrmann, der erstmalig die Parade kommentierte und die Gruppen vorstellte, war &#8222;stockheiser&#8220;, k\u00e4mpfte sich aber durch. Daf\u00fcr gab es nach der Parade Anerkennung, &#8222;er hat das richtig gut gemacht&#8220;, so die stellvertretende Schriftf\u00fchrerin Melanie Altmayer.<\/p>\n\n\n\n<p>Nach dem Aufzug des Regimentes und der Gastformationen auf der Stra\u00dfe Vennheide erlebten Sch\u00fctzen und Zuschauer eine schwungvolle und sehr gut gespielte Serenade. Danach zogen die Gruppen zur Parade an der Ehrentrib\u00fcne vorbei &#8211; Stechschritt und die &#8211; je nach Gruppe verschiedenen &#8211; Gru\u00dfformen vor dem K\u00f6nighaus sa\u00dfen perfekt. Erstmalig marschierten die &#8222;Cl\u00f6rather Jonges&#8220; als neue Gruppe mit. Die jungen M\u00e4nner hatten sich zum Sch\u00fctzenfest zusammen gefunden, einer musste allerdings krankheitsbedingt auf die Premiere verzichten. Zum Abschluss der Parade wurde dann der &#8222;Gro\u00dfe Zapfenstreich&#8220; ebenfalls musikalisch einwandfrei dargeboten, danach zogen die Sch\u00fctzen zur Erholung ins Zelt.<\/p>\n\n\n\n<p>\u00dcber die Stimmung im K\u00f6nigshaus berichtete Melanie Altmayer &#8211; die es als K\u00f6nigstochter wissen muss: &#8222;Der K\u00f6nig ist schon aufgeregt. Er ist froh, dass am Samstag die K\u00f6nigst\u00e4nze gut geklappt haben&#8220;. Insgesamt mache ihn seine W\u00fcrde &#8222;richtig stolz&#8220;.<\/p>\n\n\n\n<p>Au\u00dferdem war sie froh, dass so viele Vertreter der anderen Bruderschaften nach Cl\u00f6rath gekommen waren &#8211; der Hintergrund: In diesem Jahr findet ausnahmsweise zeitgleich das Fest der St. Sebastianus Bruderschaft in Schiefbahn statt.<\/p>\n\n\n\n<p>Die Cl\u00f6rather Sch\u00fctzen feiern seit Donnerstag &#8211; der Auftakt am Donnerstag war wettertechnisch etwas schwierig: Beim Wettschie\u00dfen f\u00fcr den Jungsch\u00fctzen- und den Sch\u00fclerk\u00f6nig gab es eine Regenpause. Am Ende wurde Lara Greiner Sch\u00fclerprinzessin. Sie wird begleitet von K\u00f6nigsoffizierin Jacqueline Herold sowie den Ministerinnen Charlyn Loga und Nina Berger. Jugendprinz ist Nico Karsch, mit den K\u00f6nigsoffizieren Nils Karsch und Timo Leven sowie den Ministern Jonas und Tobias Engels.<\/p>\n\n\n\n<p>In \u00fcbertragenem Sinne &#8222;brannte&#8220; dann am Freitag das ganze Festzelt: DJ Norbert sorgte f\u00fcr beste Stimmung und ein sehr gut gef\u00fclltes Zelt bei der Party &#8222;Cl\u00f6rath brennt&#8220;. &#8222;Viele G\u00e4ste sind dank des guten Wetters mit dem Fahrrad gekommen, das war auch sch\u00f6n&#8220;, so Melanie Altmayer.<\/p>\n\n\n\n<p>Quelle: RP-Online<\/p>\n\n\n\n<hr class=\"wp-block-separator\"\/>\n\n\n\n<p><strong>14.06.2017<\/strong><\/p>\n\n\n\n<h2 class=\"wp-block-heading\">Cl\u00f6rather freuen sich auf viele G\u00e4ste<\/h2>\n\n\n\n<p><strong>Stadt Willich&nbsp;Das Doppel-Sch\u00fctzenfest-Wochenende beginnen die Sch\u00fctzen in Cl\u00f6rath-Vennheide bereits morgen. Am Freitag wird der Zeltmai am Festzelt gesetzt.<\/strong><\/p>\n\n\n\n<p>Ohne Sch\u00fctzenk\u00f6nig macht ein Sch\u00fctzenfest nicht so ganz richtig viel Spa\u00df &#8211; aber in diesem Jahr k\u00f6nnen sich die Sch\u00fctzen der St. Johannes Sch\u00fctzengesellschaft 1662 Cl\u00f6rath-Vennheide wieder besonders auf ihr Sch\u00fctzenfest vom 15. bis 19. Juni freuen: Denn mit Klaus-Dieter Altmayer haben sie einen \u00fcberzeugten Sch\u00fctzen und auch Sch\u00fctzenk\u00f6nig an der Spitze des Regiments. Der 55-J\u00e4hrige ist seit 2004 Mitglied der Sch\u00fctzengesellschaft und in der &#8222;B\u00fcrgerwehr&#8220; aktiv. Au\u00dferdem hat er seit 2011 das Amt des Kassierers der Gesellschaft inne. Der Sch\u00fctzenk\u00f6nig ist vor 17 Jahren mit seiner Frau Walburga (53 Jahre) und den drei heute erwachsenen T\u00f6chtern nach Cl\u00f6rath gezogen. Neben seiner T\u00e4tigkeit in der Cl\u00f6rather Sch\u00fctzengesellschaft ist er auch Schatzmeister im Bezirksverband Krefeld-Willich-Meerbusch der historischen Sch\u00fctzenbruderschaften Deutschlands.<\/p>\n\n\n\n<p>Der K\u00f6nig holte mit dem 298. Schuss den Vogel von der Stange, er ist Mitglied der B\u00fcrgerwehr und im nicht-k\u00f6niglichen Leben technischer Angestellter. Die Geschichte der B\u00fcrgerwehr zeigt, dass es sich um eine feier-, koch- und essfeste sowie schie\u00dferfahrene Gruppe handelt. Auch die beiden Ministerpaare sind im Vorstand der Sch\u00fctzengesellschaft t\u00e4tig. Minister Klaus-Dieter Will (65 Jahre) ist Gesch\u00e4ftsf\u00fchrer und geh\u00f6rt seit 2001 zum &#8222;J\u00e4gerzug der Einigkeit&#8220;. Er wird begleitet von seiner Frau Monika, mit der er seit 35 Jahren verheiratet ist. Beide haben zwei erwachsene T\u00f6chter und drei Enkel. Haben sie neben der Enkelbetreuung noch Zeit, dann reisen beide gerne &#8211; Mallorca, Portugal, Australien.<\/p>\n\n\n\n<p>Minister Marcus Herold (Gruppe de Heitere) ist seit 2010 Pr\u00e4sident der Johannes-Sch\u00fctzen. Dazu hat er Erfahrung als Sch\u00fctzenk\u00f6nig &#8211; das Amt bekleidete er im Jahr 2010. Mit seiner Frau Jeanette hat er drei T\u00f6chter &#8211; der Nachwuchs ist bei den &#8222;Musketieren 2013&#8220; aktiv. Ebenfalls mehrere Jahre im Vorstand aktiv war die amtierende K\u00f6nigsoffizierin Susanne Berger. Sie ist seit 1994 Mitglied der &#8222;Musketiere&#8220; und war bereits 2009 als Ministerin und 2012 als K\u00f6nigsoffizierin t\u00e4tig. Die K\u00f6nigsburg steht am gewohnten Ort &#8211; Vereinsmitglied Klaus Meier stellt wieder sein Grundst\u00fcck f\u00fcr die Schie\u00dfanlage und zum Bau der K\u00f6nigsburg zur Verf\u00fcgung. Dieses Angebot nutzt auch der aktuelle K\u00f6nig.<\/p>\n\n\n\n<p>Quelle: RP-Online<\/p>\n\n\n\n<hr class=\"wp-block-separator\"\/>\n\n\n\n<p><strong>10. Mai 2017<\/strong><\/p>\n\n\n\n<h2 class=\"wp-block-heading\">Modernisierung f\u00fcr die Schie\u00dfanlage<\/h2>\n\n\n\n<p>Die Sch\u00fctzengesellschaft Cl\u00f6rath-Vennheide hat mit dem Jakob-Snellen-Ged\u00e4chtnispokal die Fest-Saison er\u00f6ffnet.<\/p>\n\n\n\n<figure class=\"wp-block-image alignnone\"><img  title=\"\" decoding=\"async\" src=\"https:\/\/johannes-schuetzen.de\/wp-content\/uploads\/2017\/05\/WZ-2017-05-10.jpg\"  alt=\"WZ-2017-05-10 Archiv 2017\" \/><figcaption><em>Auf der Schie\u00dfanlage (v.l.): Uwe Angenendt (Sparkasse), K\u00f6nigsoffizierin Susanne Berger, Michael Breuer, Oliver Tritsch, Dennis Rohm, Marcus Sch\u00fcrmann (Gewinner Ged\u00e4chtnispokal) sowie K\u00f6nig Klaus-Dieter Altmayer.<\/em><\/figcaption><\/figure>\n\n\n\n<p><strong>Anrath. Es ist der j\u00e4hrliche Auftakt f\u00fcr das Sch\u00fctzenfest der St. Johannes Sch\u00fctzengesellschaft Cl\u00f6rath-Vennheide: Am Sonntag wurde der Schie\u00dfwettbewerb um den Jakob Snellen-Ged\u00e4chtnispokal ausgetragen &#8211; verbunden mit der Einweihung der modernisierten Schie\u00dfanlage im &#8222;Landgasthaus am Kapellchen&#8220;. Die Modernisierung war notwendig geworden, weil bei den regelm\u00e4\u00dfig stattfindenden \u00dcberpr\u00fcfung festgestellt worden war, dass einige Aspekte nicht mehr den aktuellen Sicherheitsanforderungen entsprachen, so der 1. Schriftf\u00fchrer Christian Maritzen.<\/strong><\/p>\n\n\n\n<p>Die Beh\u00f6rden hatten die Vert\u00e4felung der rechten Seitenwand der zehn Meter langen Schie\u00dfanlage kritisiert: Weil sie aus Nut- und Feder-Paneelen bestanden hatte, &#8222;drohte die Gefahr, dass die Diabolo-Geschosse unter Umst\u00e4nden h\u00e4tten zur\u00fcckprallen k\u00f6nnen&#8220;, so Maritzen &#8211; wobei das jedoch noch nie passiert sei. Nichtsdestotrotz mussten die Sch\u00fctzen die Auflagen umsetzen und haben daher die Wand und die Fenster-Einfassungen mit Rehgips-Platten und Styrodur-D\u00e4mmung verkleidet. Der Effekt: Wenn ein Geschoss auf die Wand trifft, verliert es beim Aufprall auf den Gips so viel Kraft, dass es dahinter steckenbleibt. Dazu wurde die Beschuss-Wand hinter den Zielscheiben neu verkleidet, die Bahn komplett gestrichen und kleinere Arbeiten ausgef\u00fchrt.<\/p>\n\n\n\n<p>Die Kosten waren nicht unerheblich: Die Gesellschaft musste 1200 Euro investieren. &#8222;Dabei hat uns die Sparkasse Krefeld mit einem sehr guten Beitrag sehr geholfen&#8220;, so Maritzen: Auf Antrag gab es eine F\u00f6rderung aus dem PS-Zweckvertrag, &#8222;das haben wir gerne genehmigt&#8220;, so Uwe Angenendt, Leiter des Finanzcenters Anrath, der zur Einweihung gekommen war. In diesem Jahr habe das Anrather Finanzcenter insgesamt 15 Vereine mit Zuwendungen aus dem Zweckvertrag unterst\u00fctzt.<\/p>\n\n\n\n<p>Die Cl\u00f6rather Sch\u00fctzen tragen auf der Schie\u00dfanlage Sportsch\u00fctzen-Wettbewerbe aus, veranstalten jeweils im Fr\u00fchjahr und im Herbst ein Pokal-Wettschie\u00dfen und bieten anderen Gruppen an, die Schie\u00dfstand zu nutzen &#8211; &#8222;dann stellt der Verein den Schie\u00dfmeister&#8220;, so Gesch\u00e4ftsf\u00fchrer Klaus-Dieter Will.<\/p>\n\n\n\n<p>Der Jakob Snellen-Ged\u00e4chtnispokal (durch Webmaster korrigiert) ging in diesem Jahr an die Sch\u00fctzengruppe De Kavaliere (durch Webmaster erg\u00e4nzt) mit Michael Breuer, Oliver Tritsch, Dennis Rohm und Marcus Sch\u00fcrmann.<\/p>\n\n\n\n<p>Quelle: WZ<\/p>\n\n\n\n<hr class=\"wp-block-separator\"\/>\n\n\n\n<hr class=\"wp-block-separator\"\/>\n\n\n\n<p><strong>10. Mai 2017<\/strong><\/p>\n\n\n\n<h2 class=\"wp-block-heading\">Sichere Wettbewerbe: Schie\u00dfanlage modernisiert<\/h2>\n\n\n\n<p>Willich. Mit dem Schie\u00dfwettbewerb um den Jakob-Snellen-Ged\u00e4chtnispokal haben die Sch\u00fctzen der St.-Johannes-Sch\u00fctzengesellschaft 1662 Cl\u00f6rath-Vennheide ihre modernisierte Schie\u00dfanlage eingeweiht.<\/p>\n\n\n\n<p>Die Schie\u00dfanlage im &#8222;Landgasthaus am Kapellchen&#8220; musste in Teilen renoviert werden, weil sie nicht mehr den aktuellen Sicherheitsanforderungen entsprach, so der 1. Schriftf\u00fchrer Christian Maritzen. Das sei den Genehmigungsbeh\u00f6rden bei der turnusm\u00e4\u00dfigen Kontrolle der Anlage (im Abstand von acht Jahren) aufgefallen und moniert worden. Ein gro\u00dfer Mangelpunkt sei die Vert\u00e4felung der rechten Seitenwand der zehn Meter langen Schie\u00dfanlage gewesen: Sie habe aus Nut und Feder-Paneelen bestanden, &#8222;dabei drohte die Gefahr, dass die Diabolo-Geschosse unter Umst\u00e4nden h\u00e4tten zur\u00fcckprallen k\u00f6nnen&#8220;, so Maritzen &#8211; das sei jedoch noch nie passiert. Dennoch folgten die Sch\u00fctzen den Auflagen und haben die Wand und die Fenster-Einfassungen mit Rehgips-Platten und dahinter liegender Styrodur-D\u00e4mmung verkleidet. Jetzt verlieren die Geschosse beim Aufprall auf den Gips so viel Kraft, dass sie in der dahinter liegenden D\u00e4mmung steckenbleiben. Au\u00dferdem wurde die Beschuss-Wand hinter den Zielscheiben von der Decke bis zum Boden verkleidet, die Bahn komplett neu gestrichen und kleinere Arbeiten ausgef\u00fchrt. Insgesamt musste der Sch\u00fctzenverein rund 1200 Euro investieren, &#8222;dabei hat uns die Sparkasse Krefeld mit einem sehr guten Beitrag sehr geholfen&#8220;, so Maritzen: Der Sch\u00fctzenverein hatte eine F\u00f6rderung aus dem PS-Zweckertrag beantragt und diese &#8222;haben wir gerne genehmigt&#8220;, so Uwe Angenendt, Leiter des Finanzcenters Anrath. <\/p>\n\n\n\n<p>Das Anrather Finanzcenter hatte im Mai insgesamt 15 Anrather Vereine mit Zuwendungen aus dem Zweckertrag unterst\u00fctzt &#8211; neben den Sch\u00fctzen beispielsweise auch F\u00f6rdervereine von Kitas und andere Vereine. &#8222;Uns ist es wichtig, die Vereine vor Ort zu unterst\u00fctzen&#8220;, betonte Angenendt.<\/p>\n\n\n\n<p>Die Cl\u00f6rather Sch\u00fctzen tragen auf der Schie\u00dfanlage Sportsch\u00fctzen-Wettbewerbe aus, veranstalten jeweils im Fr\u00fchjahr und im Herbst ein Pokal-Wettschie\u00dfen &#8211; im Herbst noch den Hermann Adrian-Ged\u00e4chtnispokal &#8211; und bieten anderen Gruppen an, den Schie\u00dfstand unter Anleitung zu nutzen &#8211; &#8222;dann stellt der Verein den Schie\u00dfmeister&#8220;, so Gesch\u00e4ftsf\u00fchrer Klaus-Dieter Will.<\/p>\n\n\n\n<p><br>Der Jakob Snellen-Ged\u00e4chtnispokal (durch Webmaster korrigiert)&nbsp;&#8211; traditionell der Wettbewerb als Einstimmung zum Sch\u00fctzenfest Cl\u00f6rath-Vennheide im Juni &#8211; ging in diesem Jahr an die Sch\u00fctzengruppe De Kavaliere (durch Webmaster erg\u00e4nzt) mit Michael Breuer, Oliver Tritsch, Dennis Rohm und Marcus Sch\u00fcrmann.<\/p>\n\n\n\n<p>Quelle: WZ<\/p>\n","protected":false},"excerpt":{"rendered":"<p>21. Juni 2017 Bezirksbundesmeister wird K\u00f6nig Bereits mit dem 134. Schuss stand der neue K\u00f6nig fest. Es ist Mike Kunze, den hier seine Minister, Markus Berger und Georg Draack sowie K\u00f6nigsoffizier Christian Maritzen hochleben lassen. Vizeb\u00fcrgermeister Guido G\u00f6rtz geh\u00f6rte zu den ersten Gratulanten.&nbsp;Foto: Norbert Pr\u00fcmen Stadt Willich. Er hat mit dem 137. Schuss am Montagabend<\/p><\/div>\n<div class=\"blog-btn\"><a href=\"https:\/\/johannes-schuetzen.de\/?page_id=1860\" class=\"home-blog-btn\">Weiterlesen<\/a><\/p>\n","protected":false},"author":1,"featured_media":0,"parent":1184,"menu_order":0,"comment_status":"closed","ping_status":"closed","template":"","meta":{"footnotes":""},"class_list":["post-1860","page","type-page","status-publish","hentry"],"_links":{"self":[{"href":"https:\/\/johannes-schuetzen.de\/index.php?rest_route=\/wp\/v2\/pages\/1860","targetHints":{"allow":["GET"]}}],"collection":[{"href":"https:\/\/johannes-schuetzen.de\/index.php?rest_route=\/wp\/v2\/pages"}],"about":[{"href":"https:\/\/johannes-schuetzen.de\/index.php?rest_route=\/wp\/v2\/types\/page"}],"author":[{"embeddable":true,"href":"https:\/\/johannes-schuetzen.de\/index.php?rest_route=\/wp\/v2\/users\/1"}],"replies":[{"embeddable":true,"href":"https:\/\/johannes-schuetzen.de\/index.php?rest_route=%2Fwp%2Fv2%2Fcomments&post=1860"}],"version-history":[{"count":17,"href":"https:\/\/johannes-schuetzen.de\/index.php?rest_route=\/wp\/v2\/pages\/1860\/revisions"}],"predecessor-version":[{"id":2681,"href":"https:\/\/johannes-schuetzen.de\/index.php?rest_route=\/wp\/v2\/pages\/1860\/revisions\/2681"}],"up":[{"embeddable":true,"href":"https:\/\/johannes-schuetzen.de\/index.php?rest_route=\/wp\/v2\/pages\/1184"}],"wp:attachment":[{"href":"https:\/\/johannes-schuetzen.de\/index.php?rest_route=%2Fwp%2Fv2%2Fmedia&parent=1860"}],"curies":[{"name":"wp","href":"https:\/\/api.w.org\/{rel}","templated":true}]}}