{"id":2413,"date":"2021-10-26T20:38:12","date_gmt":"2021-10-26T18:38:12","guid":{"rendered":"https:\/\/johannes-schuetzen.de\/?page_id=2413"},"modified":"2021-11-02T18:48:29","modified_gmt":"2021-11-02T17:48:29","slug":"archiv-2021","status":"publish","type":"page","link":"https:\/\/johannes-schuetzen.de\/?page_id=2413","title":{"rendered":"Archiv 2021"},"content":{"rendered":"\n<p><strong><span class=\"has-inline-color has-vivid-red-color\">07. Juni 2021<\/span> <\/strong><\/p>\n\n\n\n<h2 class=\"wp-block-heading\"><strong>Sch\u00fctzen legen zum Gedenken Kranz nieder<\/strong><\/h2>\n\n\n\n<figure class=\"wp-block-image size-large\"><img  title=\"\" loading=\"lazy\" decoding=\"async\" width=\"1024\" height=\"575\" src=\"https:\/\/johannes-schuetzen.de\/wp-content\/uploads\/2021\/10\/w1900_h1066_x2592_y1455_11371de9eff1a087810ad4091d81c32a_edited_2628718287_e13c99d723.jpeg-8937592033bddc19-1024x575.jpg\"  alt=\"w1900_h1066_x2592_y1455_11371de9eff1a087810ad4091d81c32a_edited_2628718287_e13c99d723.jpeg-8937592033bddc19-1024x575 Archiv 2021\"  class=\"wp-image-2415\" srcset=\"https:\/\/johannes-schuetzen.de\/wp-content\/uploads\/2021\/10\/w1900_h1066_x2592_y1455_11371de9eff1a087810ad4091d81c32a_edited_2628718287_e13c99d723.jpeg-8937592033bddc19-1024x575.jpg 1024w, https:\/\/johannes-schuetzen.de\/wp-content\/uploads\/2021\/10\/w1900_h1066_x2592_y1455_11371de9eff1a087810ad4091d81c32a_edited_2628718287_e13c99d723.jpeg-8937592033bddc19-550x309.jpg 550w, https:\/\/johannes-schuetzen.de\/wp-content\/uploads\/2021\/10\/w1900_h1066_x2592_y1455_11371de9eff1a087810ad4091d81c32a_edited_2628718287_e13c99d723.jpeg-8937592033bddc19-150x84.jpg 150w, https:\/\/johannes-schuetzen.de\/wp-content\/uploads\/2021\/10\/w1900_h1066_x2592_y1455_11371de9eff1a087810ad4091d81c32a_edited_2628718287_e13c99d723.jpeg-8937592033bddc19-768x431.jpg 768w, https:\/\/johannes-schuetzen.de\/wp-content\/uploads\/2021\/10\/w1900_h1066_x2592_y1455_11371de9eff1a087810ad4091d81c32a_edited_2628718287_e13c99d723.jpeg-8937592033bddc19-1536x862.jpg 1536w, https:\/\/johannes-schuetzen.de\/wp-content\/uploads\/2021\/10\/w1900_h1066_x2592_y1455_11371de9eff1a087810ad4091d81c32a_edited_2628718287_e13c99d723.jpeg-8937592033bddc19.jpg 1900w\" sizes=\"auto, (max-width: 1024px) 100vw, 1024px\" \/><\/figure>\n\n\n\n<p><strong><em>Anrath<\/em> Eigentlich h\u00e4tten die Sch\u00fctzen der St.-Johannes-Sch\u00fctzengesellschaft 1662 Cl\u00f6rath-Vennheide in den vergangenen Tagen ihr Sch\u00fctzenfest gefeiert, aber: Wie bereits 2020 kann auch in diesem Jahr aufgrund der Corona-Pandemie und der damit einhergehenden Ma\u00dfnahmen keines der acht Sch\u00fctzenfeste in Willich stattfinden.<\/strong><\/p>\n\n\n\n<p>Um jedoch die Tradition aufrecht zu erhalten, hat das Cl\u00f6rather K\u00f6nigshaus um Sch\u00fctzenk\u00f6nig Michel Paschen mit einer Abordnung des Vorstandes jetzt die Kranzniederlegung durchgef\u00fchrt. Im Gedenken an die Verstorbenen wird traditionell ein Blumenkranz am Missionskreuz in Cl\u00f6rath niedergelegt. Das Missionskreuz wurde 1904 auf Initiative der St.-Johannes-Sch\u00fctzen errichtet. Ebenfalls nahm eine Fahnenabordnung der Gesellschaft am Gottesdienst in der St.-Johannes-Kirche in Anrath teil. Die St.-Johannes-Sch\u00fctzen hoffen, dass das Sch\u00fctzenfest n\u00e4chstes Jahr im gewohnten Rahmen stattfinden kann.<\/p>\n\n\n\n<p>Quelle: RP-Online<\/p>\n\n\n\n<hr class=\"wp-block-separator\"\/>\n\n\n\n<p><strong>14. Mai 2021<\/strong><\/p>\n\n\n\n<h2 class=\"wp-block-heading\"><strong>K\u00f6nigshaus \u00fcbernimmt Blumenwiesen-Patenschaft<\/strong><\/h2>\n\n\n\n<figure class=\"wp-block-image size-large\"><img  title=\"\" loading=\"lazy\" decoding=\"async\" width=\"1024\" height=\"535\" src=\"https:\/\/johannes-schuetzen.de\/wp-content\/uploads\/2021\/10\/w1200_h627_x599_y313_Blumenwiese-ab681e56b86f7f79-1024x535.jpg\"  alt=\"w1200_h627_x599_y313_Blumenwiese-ab681e56b86f7f79-1024x535 Archiv 2021\"  class=\"wp-image-2421\" srcset=\"https:\/\/johannes-schuetzen.de\/wp-content\/uploads\/2021\/10\/w1200_h627_x599_y313_Blumenwiese-ab681e56b86f7f79-1024x535.jpg 1024w, https:\/\/johannes-schuetzen.de\/wp-content\/uploads\/2021\/10\/w1200_h627_x599_y313_Blumenwiese-ab681e56b86f7f79-550x287.jpg 550w, https:\/\/johannes-schuetzen.de\/wp-content\/uploads\/2021\/10\/w1200_h627_x599_y313_Blumenwiese-ab681e56b86f7f79-150x78.jpg 150w, https:\/\/johannes-schuetzen.de\/wp-content\/uploads\/2021\/10\/w1200_h627_x599_y313_Blumenwiese-ab681e56b86f7f79-768x401.jpg 768w, https:\/\/johannes-schuetzen.de\/wp-content\/uploads\/2021\/10\/w1200_h627_x599_y313_Blumenwiese-ab681e56b86f7f79.jpg 1200w\" sizes=\"auto, (max-width: 1024px) 100vw, 1024px\" \/><\/figure>\n\n\n\n<p><strong><em>Anrath<\/em> Auf einer Wiese am Hoffbruch soll ein Paradies f\u00fcr Insekten entstehen. Das K\u00f6nigshaus der St.-Johannes-Sch\u00fctzengesellschaft 1662 Cl\u00f6rath-Vennheide hat die Patenschaft f\u00fcr eine Bl\u00fchwiese \u00fcbernommen.<\/strong><\/p>\n\n\n\n<p>Sie k\u00f6nnen kein Sch\u00fctzenfest feiern, aber sie sorgen mit einer anderen Aktion f\u00fcr Freude in der B\u00fcrgerschaft: Das K\u00f6nigshaus der St.-Johannes-Sch\u00fctzengesellschaft 1662 Cl\u00f6rath-Vennheide hat ein Blumenwiesen-Projekt gestartet. Das K\u00f6nigshaus um K\u00f6nig Michael Paschen ist \u201ePate\u201c einer 200 Quadratmeter gro\u00dfen Blumenwiese.<\/p>\n\n\n\n<p>Ausf\u00fchrender des Projekts ist Michael Schmitz vom Kerstenhof. Bei einem Besuch am Hoffbruch erkl\u00e4rte er dem K\u00f6nigshaus, was sich demn\u00e4chst auf der Fl\u00e4che der Bl\u00fchwiese tun wird: Schmitz hat dort um die 30 Sorten verschiedenster Blumen- und Kr\u00e4utersamen ges\u00e4t, die ab Juni bis Ende Oktober bl\u00fchen werden. Viele der ges\u00e4ten Pflanzen sind mehrj\u00e4hrig und werden auch in den n\u00e4chsten Jahren erneut bl\u00fchen. Ziel ist es, Futterquellen f\u00fcr <a href=\"https:\/\/rp-online.de\/thema\/insekten\/\">Insekten<\/a> anzubauen.<\/p>\n\n\n\n<p>K\u00f6nig Michael Paschen hat sich vorab mit seinen Ministern R\u00fcdiger Jager und Klaus-Dieter Altmayer sowie seinem K\u00f6nigsoffizier Uli Maritzen per Videokonferenz \u201ezusammengesetzt\u201c, und die Idee der Spendenaktion \u201eBl\u00fchwiese\u201c entstand. Diese wurde auch von den Damen Gundi Schieferbein (K\u00f6nigin), Anja Jager (Ministergattin), Walburga Altmayer (Ministergattin), Tina Maritzen (K\u00f6nigsoffiziersgattin) und den beiden Hofdamen Johanna Esters und Karla Schieferbein mit viel Freude bejaht.<\/p>\n\n\n\n<p>\u201eBienenk\u00f6nig Michel\u201c ist selbst Hobby-Imker und sehr naturverbunden. Auch sein K\u00f6nigshaus lege viel Wert auf die Verbindung zwischen Natur und Mensch, sagt der K\u00f6nig.<\/p>\n\n\n\n<p>Quelle: RP-Online<\/p>\n","protected":false},"excerpt":{"rendered":"<p>07. Juni 2021 Sch\u00fctzen legen zum Gedenken Kranz nieder Anrath Eigentlich h\u00e4tten die Sch\u00fctzen der St.-Johannes-Sch\u00fctzengesellschaft 1662 Cl\u00f6rath-Vennheide in den vergangenen Tagen ihr Sch\u00fctzenfest gefeiert, aber: Wie bereits 2020 kann auch in diesem Jahr aufgrund der Corona-Pandemie und der damit einhergehenden Ma\u00dfnahmen keines der acht Sch\u00fctzenfeste in Willich stattfinden. Um jedoch die Tradition aufrecht zu<\/p><\/div>\n<div class=\"blog-btn\"><a href=\"https:\/\/johannes-schuetzen.de\/?page_id=2413\" class=\"home-blog-btn\">Weiterlesen<\/a><\/p>\n","protected":false},"author":3,"featured_media":0,"parent":1184,"menu_order":0,"comment_status":"closed","ping_status":"closed","template":"","meta":{"footnotes":""},"class_list":["post-2413","page","type-page","status-publish","hentry"],"_links":{"self":[{"href":"https:\/\/johannes-schuetzen.de\/index.php?rest_route=\/wp\/v2\/pages\/2413","targetHints":{"allow":["GET"]}}],"collection":[{"href":"https:\/\/johannes-schuetzen.de\/index.php?rest_route=\/wp\/v2\/pages"}],"about":[{"href":"https:\/\/johannes-schuetzen.de\/index.php?rest_route=\/wp\/v2\/types\/page"}],"author":[{"embeddable":true,"href":"https:\/\/johannes-schuetzen.de\/index.php?rest_route=\/wp\/v2\/users\/3"}],"replies":[{"embeddable":true,"href":"https:\/\/johannes-schuetzen.de\/index.php?rest_route=%2Fwp%2Fv2%2Fcomments&post=2413"}],"version-history":[{"count":5,"href":"https:\/\/johannes-schuetzen.de\/index.php?rest_route=\/wp\/v2\/pages\/2413\/revisions"}],"predecessor-version":[{"id":2679,"href":"https:\/\/johannes-schuetzen.de\/index.php?rest_route=\/wp\/v2\/pages\/2413\/revisions\/2679"}],"up":[{"embeddable":true,"href":"https:\/\/johannes-schuetzen.de\/index.php?rest_route=\/wp\/v2\/pages\/1184"}],"wp:attachment":[{"href":"https:\/\/johannes-schuetzen.de\/index.php?rest_route=%2Fwp%2Fv2%2Fmedia&parent=2413"}],"curies":[{"name":"wp","href":"https:\/\/api.w.org\/{rel}","templated":true}]}}