{"id":2620,"date":"2021-11-02T17:37:40","date_gmt":"2021-11-02T16:37:40","guid":{"rendered":"https:\/\/johannes-schuetzen.de\/?page_id=2620"},"modified":"2021-11-02T18:29:49","modified_gmt":"2021-11-02T17:29:49","slug":"archiv-2020","status":"publish","type":"page","link":"https:\/\/johannes-schuetzen.de\/?page_id=2620","title":{"rendered":"Archiv 2020"},"content":{"rendered":"\n<p><strong>26. April 2020<\/strong><\/p>\n\n\n\n<h2 class=\"wp-block-heading\"><strong>Sch\u00fctzen feiern in diesem Jahr keine Feste<\/strong><\/h2>\n\n\n\n<figure class=\"wp-block-image size-large\"><img  title=\"\" loading=\"lazy\" decoding=\"async\" width=\"1024\" height=\"682\" src=\"https:\/\/johannes-schuetzen.de\/wp-content\/uploads\/2021\/11\/2020_Schuetzen-feiern-in-diesem-Jahr-keine-Feste-1024x682.jpg\"  alt=\"2020_Schuetzen-feiern-in-diesem-Jahr-keine-Feste-1024x682 Archiv 2020\"  class=\"wp-image-2621\" srcset=\"https:\/\/johannes-schuetzen.de\/wp-content\/uploads\/2021\/11\/2020_Schuetzen-feiern-in-diesem-Jahr-keine-Feste-1024x682.jpg 1024w, https:\/\/johannes-schuetzen.de\/wp-content\/uploads\/2021\/11\/2020_Schuetzen-feiern-in-diesem-Jahr-keine-Feste-550x366.jpg 550w, https:\/\/johannes-schuetzen.de\/wp-content\/uploads\/2021\/11\/2020_Schuetzen-feiern-in-diesem-Jahr-keine-Feste-150x100.jpg 150w, https:\/\/johannes-schuetzen.de\/wp-content\/uploads\/2021\/11\/2020_Schuetzen-feiern-in-diesem-Jahr-keine-Feste-768x512.jpg 768w, https:\/\/johannes-schuetzen.de\/wp-content\/uploads\/2021\/11\/2020_Schuetzen-feiern-in-diesem-Jahr-keine-Feste-1536x1023.jpg 1536w, https:\/\/johannes-schuetzen.de\/wp-content\/uploads\/2021\/11\/2020_Schuetzen-feiern-in-diesem-Jahr-keine-Feste.jpg 1900w\" sizes=\"auto, (max-width: 1024px) 100vw, 1024px\" \/><figcaption><em>Ein solch pr\u00e4chtiges Bild wie dieses aus dem vergangenen Jahr in Willich wird es diesmal nicht geben k\u00f6nnen. Foto: L\u00fcbke, Kurt<\/em><\/figcaption><\/figure>\n\n\n\n<p><em><strong>Willich \u2022 <\/strong><\/em><strong>Sch\u00fctzenfeste geh\u00f6ren in der Region zu den Terminen im Jahr, auf die sich tausende Menschen freuen. In diesem Jahr fallen sie angesichts der Corona-Pandemie komplett aus. Die Bruderschaften hoffen auf 2021.<\/strong><\/p>\n\n\n\n<p>Seit Wochen ist es Thema, jetzt wird die Situation f\u00fcr die vielen Sch\u00fctzenbruderschaften und -vereine im Kreis Viersen deutlicher: Sch\u00fctzenfeste wird es bis Ende August \u2013 und damit faktisch im ganzen Jahr \u2013 nicht geben.<\/p>\n\n\n\n<p>In Willich hat B\u00fcrgermeister Josef Heyes die Pr\u00e4sidenten und Brudermeister der neun Sch\u00fctzenvereine am Freitagabend \u00fcber die aktuelle Lage informiert. NRW-Ministerin Ina Scharrenbach (Heimat, Kommunales, Bauen und Gleichstellung) habe die f\u00fcr die Absage der Sch\u00fctzenfeste notwendigen rechtlichen Vorgaben f\u00fcr diese Woche angek\u00fcndigt.<\/p>\n\n\n\n<p>\u201eDie Gemeinschaft der Willicher Sch\u00fctzenbruderschaften und -vereine tr\u00e4gt diese Situation mit. Sie entspricht im Kern unserem Auftrag, die B\u00fcrger zu sch\u00fctzen\u201c, so die gemeinsame Erkl\u00e4rung der Sch\u00fctzen. \u201eEs ist gut, dass wir jetzt rechtliche Klarheit bekommen. Ein Sch\u00fctzenfest besteht aus vielen Komponenten\u201c, erkl\u00e4rt Hans-Joachim Donath, Gesch\u00e4ftsf\u00fchrer ASV Willich. Dabei geht es jetzt auch darum, dass sich die Bruderschaften und Vereine mit ihren Vertragspartnern (unter anderem Zeltwirte, Getr\u00e4nkelieferanten, Tontechniker, Musikformationen oder Schausteller) verst\u00e4ndigen k\u00f6nnen. Diese wiederum k\u00f6nnen gegebenenfalls. bei Antr\u00e4gen auf Unterst\u00fctzung dokumentieren, warum Auftr\u00e4ge nicht zustande gekommen sind.<\/p>\n\n\n\n<p>Quelle: RP-Online<\/p>\n","protected":false},"excerpt":{"rendered":"<p>26. April 2020 Sch\u00fctzen feiern in diesem Jahr keine Feste Willich \u2022 Sch\u00fctzenfeste geh\u00f6ren in der Region zu den Terminen im Jahr, auf die sich tausende Menschen freuen. In diesem Jahr fallen sie angesichts der Corona-Pandemie komplett aus. Die Bruderschaften hoffen auf 2021. Seit Wochen ist es Thema, jetzt wird die Situation f\u00fcr die vielen<\/p><\/div>\n<div class=\"blog-btn\"><a href=\"https:\/\/johannes-schuetzen.de\/?page_id=2620\" class=\"home-blog-btn\">Weiterlesen<\/a><\/p>\n","protected":false},"author":3,"featured_media":0,"parent":1184,"menu_order":0,"comment_status":"closed","ping_status":"closed","template":"","meta":{"footnotes":""},"class_list":["post-2620","page","type-page","status-publish","hentry"],"_links":{"self":[{"href":"https:\/\/johannes-schuetzen.de\/index.php?rest_route=\/wp\/v2\/pages\/2620","targetHints":{"allow":["GET"]}}],"collection":[{"href":"https:\/\/johannes-schuetzen.de\/index.php?rest_route=\/wp\/v2\/pages"}],"about":[{"href":"https:\/\/johannes-schuetzen.de\/index.php?rest_route=\/wp\/v2\/types\/page"}],"author":[{"embeddable":true,"href":"https:\/\/johannes-schuetzen.de\/index.php?rest_route=\/wp\/v2\/users\/3"}],"replies":[{"embeddable":true,"href":"https:\/\/johannes-schuetzen.de\/index.php?rest_route=%2Fwp%2Fv2%2Fcomments&post=2620"}],"version-history":[{"count":2,"href":"https:\/\/johannes-schuetzen.de\/index.php?rest_route=\/wp\/v2\/pages\/2620\/revisions"}],"predecessor-version":[{"id":2665,"href":"https:\/\/johannes-schuetzen.de\/index.php?rest_route=\/wp\/v2\/pages\/2620\/revisions\/2665"}],"up":[{"embeddable":true,"href":"https:\/\/johannes-schuetzen.de\/index.php?rest_route=\/wp\/v2\/pages\/1184"}],"wp:attachment":[{"href":"https:\/\/johannes-schuetzen.de\/index.php?rest_route=%2Fwp%2Fv2%2Fmedia&parent=2620"}],"curies":[{"name":"wp","href":"https:\/\/api.w.org\/{rel}","templated":true}]}}