{"id":2624,"date":"2021-11-02T17:41:50","date_gmt":"2021-11-02T16:41:50","guid":{"rendered":"https:\/\/johannes-schuetzen.de\/?page_id=2624"},"modified":"2021-11-02T18:50:10","modified_gmt":"2021-11-02T17:50:10","slug":"archiv-2018","status":"publish","type":"page","link":"https:\/\/johannes-schuetzen.de\/?page_id=2624","title":{"rendered":"Archiv 2018"},"content":{"rendered":"\n<p><strong>06. Juni 2018<\/strong><\/p>\n\n\n\n<h2 class=\"wp-block-heading\">Susanne Berger ist neue Sch\u00fctzenk\u00f6nigin<\/h2>\n\n\n\n<figure class=\"wp-block-image size-full\"><img  title=\"\" loading=\"lazy\" decoding=\"async\" width=\"940\" height=\"528\" src=\"https:\/\/johannes-schuetzen.de\/wp-content\/uploads\/2021\/11\/2018_Susanne-Berger-ist-neue-Schuetzenkoenigin.jpg\"  alt=\"2018_Susanne-Berger-ist-neue-Schuetzenkoenigin Archiv 2018\"  class=\"wp-image-2646\" srcset=\"https:\/\/johannes-schuetzen.de\/wp-content\/uploads\/2021\/11\/2018_Susanne-Berger-ist-neue-Schuetzenkoenigin.jpg 940w, https:\/\/johannes-schuetzen.de\/wp-content\/uploads\/2021\/11\/2018_Susanne-Berger-ist-neue-Schuetzenkoenigin-550x309.jpg 550w, https:\/\/johannes-schuetzen.de\/wp-content\/uploads\/2021\/11\/2018_Susanne-Berger-ist-neue-Schuetzenkoenigin-150x84.jpg 150w, https:\/\/johannes-schuetzen.de\/wp-content\/uploads\/2021\/11\/2018_Susanne-Berger-ist-neue-Schuetzenkoenigin-768x431.jpg 768w\" sizes=\"auto, (max-width: 940px) 100vw, 940px\" \/><figcaption><br><em>K\u00f6nigshaus 2019 K\u00f6nigin: Susanne Berger (3. v.l.), Ministerin Nadine Draack, Ministerin Simone Lier K\u00f6nigsoffizier Jennifer Kruthoff. Foto: N. PR\u00dcM<\/em>EN<\/figcaption><\/figure>\n\n\n\n<p><em><strong>Stadt Willich<\/strong><\/em><strong>&nbsp;Die neue Sch\u00fctzenk\u00f6nigin der St. Johannes Sch\u00fctzengesellschaft 1662 Cl\u00f6rath-Vennheide hei\u00dft Susanne Berger und kommt aus der Gruppe der &#8222;Musketiere&#8220;. Sie holte am Montagabend mit dem 227. Schuss den Vogel von der Stange.<\/strong><\/p>\n\n\n\n<p>Der Wettbewerb war spannend, wobei er sich durch ein technisches Problem &#8211; das von handwerklich begabten Sch\u00fctzenbr\u00fcdern und Honschaftsmitgliedern behoben wurde &#8211; etwas verz\u00f6gert: Au\u00dfer Susanne Berger schoss auch Frank Frelih (Gruppe &#8222;Obercl\u00f6rath&#8220;) auf den Vogel.<\/p>\n\n\n\n<p>Die neue Sch\u00fctzenk\u00f6nigin ist seit Jahren engagiert in der Gesellschaft: Sie geh\u00f6rte lange Jahre zum Vorstand und war 2009 Ministerin bei der ersten K\u00f6nigin der Gesellschaft \u00fcberhaupt, Melanie Breuer, au\u00dferdem 2017 und 2012 K\u00f6nigsoffizier sowie 2015 Ministerin<\/p>\n\n\n\n<p>Der Zug der &#8222;Musketiere&#8220; stellt das gesamte K\u00f6nigshaus: Ministerinnen sind Simone Lier und Nadine Draack, K\u00f6nigsoffizier ist Jennifer Kruthoff. An diesem Freitag endet das Cl\u00f6rather Sch\u00fctzenfest mit der traditionellen &#8222;Hexenverbrennung&#8220;: Dabei wird eine vom K\u00f6nigshaus gebastelte Hexe f\u00fcr alles, was w\u00e4hrend des Sch\u00fctzenfestes schief lief, angeklagt und letztendlich auf einem Strohballen verbrannt, damit sie im Folgejahr keinen Schabernack mehr treiben kann. Die Regentschaft beginnt f\u00fcr Berger im November.<\/p>\n\n\n\n<p>Quelle: RP-Online<\/p>\n\n\n\n<hr class=\"wp-block-separator\"\/>\n\n\n\n<p><strong>04. Juni 2018<\/strong><\/p>\n\n\n\n<h2 class=\"wp-block-heading\"><strong>Cl\u00f6rather feiern ihren Sch\u00fctzenk\u00f6nig<\/strong><\/h2>\n\n\n\n<figure class=\"wp-block-image size-full\"><img  title=\"\" loading=\"lazy\" decoding=\"async\" width=\"940\" height=\"528\" src=\"https:\/\/johannes-schuetzen.de\/wp-content\/uploads\/2021\/11\/2018_Cloerather-feiern-ihren-Schuetzenkoenig.jpg\"  alt=\"2018_Cloerather-feiern-ihren-Schuetzenkoenig Archiv 2018\"  class=\"wp-image-2643\" srcset=\"https:\/\/johannes-schuetzen.de\/wp-content\/uploads\/2021\/11\/2018_Cloerather-feiern-ihren-Schuetzenkoenig.jpg 940w, https:\/\/johannes-schuetzen.de\/wp-content\/uploads\/2021\/11\/2018_Cloerather-feiern-ihren-Schuetzenkoenig-550x309.jpg 550w, https:\/\/johannes-schuetzen.de\/wp-content\/uploads\/2021\/11\/2018_Cloerather-feiern-ihren-Schuetzenkoenig-150x84.jpg 150w, https:\/\/johannes-schuetzen.de\/wp-content\/uploads\/2021\/11\/2018_Cloerather-feiern-ihren-Schuetzenkoenig-768x431.jpg 768w\" sizes=\"auto, (max-width: 940px) 100vw, 940px\" \/><figcaption><em>Bei der Parade der St.-Johannes-Sch\u00fctzen durch die Sektion Vennheide stand gestern Morgen das K\u00f6nigshaus mit K\u00f6nig Mike Kunze und seiner Frau Melanie an der Spitze wieder im Mittelpunkt.&nbsp;Foto: Norbert Pr\u00fcmen<\/em><\/figcaption><\/figure>\n\n\n\n<p><strong>Stadt Willich&nbsp;K\u00f6nig Mike Kunze hatte im Mai 2017 mit dem 134. Schuss den Vogel herunter geholt &#8211; diese Leistung feierten die Sch\u00fctzen der St.-Johannes-Sch\u00fctzengesellschaft Cl\u00f6rath-Vennheide am Wochenende.<\/strong><\/p>\n\n\n\n<p>Dieses Sch\u00fctzenfest der St.- Johannes-Sch\u00fctzengesellschaft Cl\u00f6rath-Vennheide ist ein Besonderes: Mit K\u00f6nig Mike Kunze, seit 2015 Mitglied der Cl\u00f6rather Sch\u00fctzen und der Gruppe &#8222;de Heitere&#8220;, hat das Regiment einen prominenten Repr\u00e4sentanten. Der K\u00f6nig ist auch Bezirksbundesmeister des Bundes der Historischen Sch\u00fctzenbruderschaften f\u00fcr Willich, Meerbusch und Krefeld und hat vor wenigen Wochen noch den zus\u00e4tzlichen Titel als Bezirkssch\u00fctzenk\u00f6nig errungen. F\u00fcr ihren K\u00f6nig, der in Meerbusch wohnt, hatten die Sch\u00fctzen eine stilvolle Burg am Draacks-Hof am Ortseingang von Vennheide gebaut.<\/p>\n\n\n\n<p>Die \u00fcberregionale Bekanntheit der Sch\u00fctzenmajest\u00e4t schlug sich unter anderem darin nieder, dass das Regiment am Sonntagvormittag einen besonderen Anblick bot: Mehrere zus\u00e4tzliche Gastgruppen und eine besondere Vielfalt historischer Uniformen zogen mit durch die Honschaft. Au\u00dferdem hat die Gesellschaft selber zwei neue Gruppen: die Cl\u00f6rather Madln im stilvollen gr\u00fcn-rosa Dirndl und zwei neue Fahnenschwenkerinnen. Beide Formationen sind aus den Musketieren entstanden.<\/p>\n\n\n\n<p>Quelle: RP-Online<\/p>\n\n\n\n<hr class=\"wp-block-separator\"\/>\n\n\n\n<p><strong>29. Mai 2018<\/strong><\/p>\n\n\n\n<h2 class=\"wp-block-heading\">Ein Multi-K\u00f6nig in Cl\u00f6rath<\/h2>\n\n\n\n<figure class=\"wp-block-image size-full\"><img  title=\"\" loading=\"lazy\" decoding=\"async\" width=\"940\" height=\"528\" src=\"https:\/\/johannes-schuetzen.de\/wp-content\/uploads\/2021\/11\/2018_Ein-Multi-Koenig-in-Cloerath.jpg\"  alt=\"2018_Ein-Multi-Koenig-in-Cloerath Archiv 2018\"  class=\"wp-image-2649\" srcset=\"https:\/\/johannes-schuetzen.de\/wp-content\/uploads\/2021\/11\/2018_Ein-Multi-Koenig-in-Cloerath.jpg 940w, https:\/\/johannes-schuetzen.de\/wp-content\/uploads\/2021\/11\/2018_Ein-Multi-Koenig-in-Cloerath-550x309.jpg 550w, https:\/\/johannes-schuetzen.de\/wp-content\/uploads\/2021\/11\/2018_Ein-Multi-Koenig-in-Cloerath-150x84.jpg 150w, https:\/\/johannes-schuetzen.de\/wp-content\/uploads\/2021\/11\/2018_Ein-Multi-Koenig-in-Cloerath-768x431.jpg 768w\" sizes=\"auto, (max-width: 940px) 100vw, 940px\" \/><figcaption><em>Das K\u00f6nigshaus der Sch\u00fctzengesellschaft Cl\u00f6rath-Vennheide. Foto: SCH\u00dcTZENGESELLSCHAFT<\/em><\/figcaption><\/figure>\n\n\n\n<p>Man k\u00f6nnte es auch eine \u00c4mterh\u00e4ufung im positiven Sinne nennen: Wenn die Sch\u00fctzen der St. Johannes Sch\u00fctzengesellschaft Cl\u00f6rath-Vennheide vom 31. Mai bis zum 4. Juni ihr Sch\u00fctzenfest feiern, werden sie von einem Doppel-K\u00f6nig angef\u00fchrt. K\u00f6nig Mike Kunze ist n\u00e4mlich seit kurzem auch K\u00f6nig auf einer h\u00f6heren Ebene &#8211; Bezirkssch\u00fctzenk\u00f6nig des Bundes der historischen deutschen Sch\u00fctzenbruderschaften f\u00fcr den Bezirk Krefeld-Willich-Meerbusch. Er hatte am 28. April mit dem 159. Schuss diesen besonderen Vogel von der Stange geholt. Au\u00dferdem ist er auch gew\u00e4hlter Bezirksbundesmeister. Der K\u00f6nig hatte im Mai 2017 mit dem 134. Schuss den Vogel herunter geholt. Der eigentlich in Meerbusch wohnende Kunze ist seit 2015 Mitglied der Cl\u00f6rather Sch\u00fctzen und der Gruppe &#8222;de Heitere&#8220;. Hauptberuflich ist der 42-j\u00e4hrige Gymnasiallehrer, er wird als K\u00f6nig begleitet von seiner Frau Melanie (27 Jahre). Als Bezirksbundesmeister kennt Mike Kunze die einzelnen Bruderschaften und Gesellschaften gut. Die &#8222;Sch\u00fctzen und die Leute in Cl\u00f6rath sind so nett und herzlich. Der Zusammenhalt unter allen Willicher Sch\u00fctzen ist toll&#8220;, beschreibt er die herausragenden Merkmale des Willicher Sch\u00fctzenwesen.<\/p>\n\n\n\n<p>Als Ministerpaare begleiten das K\u00f6nigspaar Georg Draack (30 Jahre) mit Frau Nadine (36 Jahre) sowie Markus Berger (40 Jahre) mit Frau Alexandra (39 Jahre). Auch Minister Draack ist seit 2010 Mitglied bei &#8222;de Heitere&#8220;, au\u00dferdem ist der selbstst\u00e4ndige Elektrotechnikmeister auch ehrenamtlich in der Freiwilligen Feuerwehr Willich \/ L\u00f6schzug Cl\u00f6rath aktiv. Minister Markus Berger war 2014 K\u00f6nig der Sch\u00fctzengesellschaft und kann somit den neuen K\u00f6nig sicher gut beraten. Au\u00dferdem ist er Schie\u00dfmeister in der Gesellschaft.<\/p>\n\n\n\n<p>Das K\u00f6nigshaus wird mit K\u00f6nigsoffizier Christian Maritzen vervollst\u00e4ndigt. Er ist ebenfalls in der Gesellschaft aktiv &#8211; als Schriftf\u00fchrer des Vorstandes.<\/p>\n\n\n\n<p>Traditioneller Auftakt des Cl\u00f6rather Festes war bereits am 29. April &#8211; mit dem Schie\u00dfen um den Jakob-Snellen-Ged\u00e4chtnispokal. Siegerin bei den Einzelsch\u00fctzen war Annette Hegger, Zweitplatzierte die amtierende Sch\u00fctzenk\u00f6nigin Melanie Kunze, gefolgt von Markus Berger und Mike Kunze. Am 31. Mai steht zuerst der Sch\u00fctzen-Nachwuchs im Mittelpunkt: Die Jugend- und die Sch\u00fcler-Abteilung schie\u00dfen um die \u00c4mter des Jugend- und des Sch\u00fclerprinzen. Am 1. Juni laden die Sch\u00fctzen alle Nachbarn in der Honschaft und weitere G\u00e4ste zur gro\u00dfen Fete &#8222;Cl\u00f6rath brennt&#8220; in das Festzelt &#8211; f\u00fcr die Unterhaltung sorgt DJ Norbert.<\/p>\n\n\n\n<p>Der 2. Juni beginnt zuerst feierlich mit der Kranzniederlegung und der Festmesse &#8211; ab 19.30 Uhr laden die Sch\u00fctzen zum Sch\u00fctzenball in das Festzelt. Die gro\u00dfen Paraden finden in Cl\u00f6rath traditionell am Sonntag statt &#8211; beginnend mit der K\u00f6nigsparade am Vormittag, zu der zahlreiche G\u00e4ste nach Cl\u00f6rath kommen. Auch diese Parade wird feierlich &#8211; die Musikgruppen spielen den &#8222;Gro\u00dfen Zapfenstreich&#8220;. Es folgen der Fr\u00fchschoppen und die Abendparade. Danach ist K\u00f6nigs-Galaball im Festzelt.<\/p>\n\n\n\n<p>Am Montag (4. Juni) wird es dann spannend: Um 17 Uhr beginnt der K\u00f6nigs-Vogelschuss und zum Ausklang wird hoffentlich auf der Schiessanlage der neue K\u00f6nig gekr\u00f6nt.<\/p>\n\n\n\n<p>Quelle: RP-Online<\/p>\n\n\n\n<hr class=\"wp-block-separator\"\/>\n\n\n\n<p><strong>30. April 2018<\/strong><\/p>\n\n\n\n<h2 class=\"wp-block-heading\"><strong>Mike Kunze ist neuer Bezirksk\u00f6nig<\/strong><\/h2>\n\n\n\n<figure class=\"wp-block-image size-full\"><img  title=\"\" loading=\"lazy\" decoding=\"async\" width=\"940\" height=\"528\" src=\"https:\/\/johannes-schuetzen.de\/wp-content\/uploads\/2021\/11\/2018_Mike-Kunze-ist-neuer-Bezirkskoenig.jpg\"  alt=\"2018_Mike-Kunze-ist-neuer-Bezirkskoenig Archiv 2018\"  class=\"wp-image-2640\" srcset=\"https:\/\/johannes-schuetzen.de\/wp-content\/uploads\/2021\/11\/2018_Mike-Kunze-ist-neuer-Bezirkskoenig.jpg 940w, https:\/\/johannes-schuetzen.de\/wp-content\/uploads\/2021\/11\/2018_Mike-Kunze-ist-neuer-Bezirkskoenig-550x309.jpg 550w, https:\/\/johannes-schuetzen.de\/wp-content\/uploads\/2021\/11\/2018_Mike-Kunze-ist-neuer-Bezirkskoenig-150x84.jpg 150w, https:\/\/johannes-schuetzen.de\/wp-content\/uploads\/2021\/11\/2018_Mike-Kunze-ist-neuer-Bezirkskoenig-768x431.jpg 768w\" sizes=\"auto, (max-width: 940px) 100vw, 940px\" \/><figcaption><em>Der neue Bezirkssch\u00fctzenk\u00f6nig Mike Kunze (6.v.l) mit seiner K\u00f6nigin Melanie (5.v.l.) zusammen mit dem K\u00f6nigshaus sowie Di\u00f6zesank\u00f6nig Stefan Donks (l.) der die Kr\u00f6nung vornahm. Dahinter links der Bezirksjungsch\u00fctzenprinz Sascha M\u00fcller sowie die Standartentr\u00e4ger. Foto: norbert pr\u00fcmen<\/em><\/figcaption><\/figure>\n\n\n\n<p><strong><em>Stadt Willich<\/em> Eigentlich ist Mike Kunze Gymnasiallehrer, wohnt in Lank-Latum und ist in seiner Freizeit ein begeisterter Sch\u00fctze und seit langem Chef des Bezirksverbandes Krefeld-Willich-Meerbusch. Der 42-j\u00e4hrige Kunze ist au\u00dferdem amtierender Sch\u00fctzenk\u00f6nig der St.-Johannes-Sch\u00fctzengesellschaft Cl\u00f6rath\/Vennheide. Jetzt ist ein weiteres Amt dazu gekommen.<\/strong><\/p>\n\n\n\n<p>Eigentlich wollte Kunze nach dem Schie\u00dfwettbewerb neben dem Wahlefeldssaal in Neersen den neuen Bezirksk\u00f6nig k\u00fcren. Dies musste er aber seinem Stellvertreter G\u00fcnter Tenberg und dem Di\u00f6zesan-K\u00f6nig Stefan Doncks (Stolberg) \u00fcberlassen. Denn Kunze selbst wurde mit dem 159. Schuss zum neuen Bezirksk\u00f6nig; wird sogar vom 14. bis 16. September beim Bundessch\u00fctzenfest in Xanten um den Titel eines Bundesk\u00f6nigs k\u00e4mpfen. 13 der 17 Bruderschaften des Bezirks hatten Vertreter nach Neersen geschickt. Allerdings nahmen nur sechs Majest\u00e4ten das Gewehr in die Hand, neben Kunze: Bernd Straeten (Anrath), Peter Kuske (B\u00f6singhoven), Stephan Hoppe (H\u00fcls), Roland K\u00f6ntges (Schiefbahn-Niederheide) und Jan Hellwig (Neersen).<\/p>\n\n\n\n<p>Die St.-Sebastianus-Bruderschaft Schiefbahn h\u00e4tte gerne mitgemacht. Nur hat sie in diesem Jahr keinen Sch\u00fctzenk\u00f6nig. Dennoch freuten sich auch einige Schiefbahner, denn Fabian Mankertz wurden bei einem anderen Wettbewerb zum Bezirkssch\u00fclerprinzen. Und die St.-Johannes-Bruderschaft Niederheide stellte mit Sascha M\u00fcllers den neuen Bezirksjungsch\u00fctzenk\u00f6nig. &#8222;Traditionsk\u00f6nig&#8220; wurde der Niederheider Alfred Kopp.<\/p>\n\n\n\n<p>Quelle: RP-Online<\/p>\n","protected":false},"excerpt":{"rendered":"<p>06. Juni 2018 Susanne Berger ist neue Sch\u00fctzenk\u00f6nigin Stadt Willich&nbsp;Die neue Sch\u00fctzenk\u00f6nigin der St. Johannes Sch\u00fctzengesellschaft 1662 Cl\u00f6rath-Vennheide hei\u00dft Susanne Berger und kommt aus der Gruppe der &#8222;Musketiere&#8220;. Sie holte am Montagabend mit dem 227. Schuss den Vogel von der Stange. Der Wettbewerb war spannend, wobei er sich durch ein technisches Problem &#8211; das von<\/p><\/div>\n<div class=\"blog-btn\"><a href=\"https:\/\/johannes-schuetzen.de\/?page_id=2624\" class=\"home-blog-btn\">Weiterlesen<\/a><\/p>\n","protected":false},"author":3,"featured_media":0,"parent":1184,"menu_order":0,"comment_status":"closed","ping_status":"closed","template":"","meta":{"footnotes":""},"class_list":["post-2624","page","type-page","status-publish","hentry"],"_links":{"self":[{"href":"https:\/\/johannes-schuetzen.de\/index.php?rest_route=\/wp\/v2\/pages\/2624","targetHints":{"allow":["GET"]}}],"collection":[{"href":"https:\/\/johannes-schuetzen.de\/index.php?rest_route=\/wp\/v2\/pages"}],"about":[{"href":"https:\/\/johannes-schuetzen.de\/index.php?rest_route=\/wp\/v2\/types\/page"}],"author":[{"embeddable":true,"href":"https:\/\/johannes-schuetzen.de\/index.php?rest_route=\/wp\/v2\/users\/3"}],"replies":[{"embeddable":true,"href":"https:\/\/johannes-schuetzen.de\/index.php?rest_route=%2Fwp%2Fv2%2Fcomments&post=2624"}],"version-history":[{"count":8,"href":"https:\/\/johannes-schuetzen.de\/index.php?rest_route=\/wp\/v2\/pages\/2624\/revisions"}],"predecessor-version":[{"id":2680,"href":"https:\/\/johannes-schuetzen.de\/index.php?rest_route=\/wp\/v2\/pages\/2624\/revisions\/2680"}],"up":[{"embeddable":true,"href":"https:\/\/johannes-schuetzen.de\/index.php?rest_route=\/wp\/v2\/pages\/1184"}],"wp:attachment":[{"href":"https:\/\/johannes-schuetzen.de\/index.php?rest_route=%2Fwp%2Fv2%2Fmedia&parent=2624"}],"curies":[{"name":"wp","href":"https:\/\/api.w.org\/{rel}","templated":true}]}}