{"id":2626,"date":"2021-11-02T17:42:35","date_gmt":"2021-11-02T16:42:35","guid":{"rendered":"https:\/\/johannes-schuetzen.de\/?page_id=2626"},"modified":"2021-11-02T18:27:20","modified_gmt":"2021-11-02T17:27:20","slug":"archiv-2019","status":"publish","type":"page","link":"https:\/\/johannes-schuetzen.de\/?page_id=2626","title":{"rendered":"Archiv 2019"},"content":{"rendered":"\n<p><strong>25. Juni 2019<\/strong><\/p>\n\n\n\n<h2 class=\"wp-block-heading\"><strong>Michael Paschen ist Sch\u00fctzenk\u00f6nig<\/strong><strong><\/strong><\/h2>\n\n\n\n<p>Neersen Die St.-Johannes-Sch\u00fctzengesellschaft 1662 Cl\u00f6rath-Vennheide hat einen neuen Sch\u00fctzenk\u00f6nig: Michael Paschen (3. von links) holte den Vogel mit dem 196. Schuss nach einem langen Wettbewerb von der Stange.<\/p>\n\n\n\n<figure class=\"wp-block-image size-large\"><img  title=\"\" loading=\"lazy\" decoding=\"async\" width=\"1024\" height=\"600\" src=\"https:\/\/johannes-schuetzen.de\/wp-content\/uploads\/2021\/11\/2019_Paschen-ist-Koenig-1024x600.jpg\"  alt=\"2019_Paschen-ist-Koenig-1024x600 Archiv 2019\"  class=\"wp-image-2661\" srcset=\"https:\/\/johannes-schuetzen.de\/wp-content\/uploads\/2021\/11\/2019_Paschen-ist-Koenig-1024x600.jpg 1024w, https:\/\/johannes-schuetzen.de\/wp-content\/uploads\/2021\/11\/2019_Paschen-ist-Koenig-550x322.jpg 550w, https:\/\/johannes-schuetzen.de\/wp-content\/uploads\/2021\/11\/2019_Paschen-ist-Koenig-150x88.jpg 150w, https:\/\/johannes-schuetzen.de\/wp-content\/uploads\/2021\/11\/2019_Paschen-ist-Koenig-768x450.jpg 768w, https:\/\/johannes-schuetzen.de\/wp-content\/uploads\/2021\/11\/2019_Paschen-ist-Koenig.jpg 1200w\" sizes=\"auto, (max-width: 1024px) 100vw, 1024px\" \/><\/figure>\n\n\n\n<p>Ihm zur Seite stehen als Minister Klaus Dieter Altmeyer (links) und R\u00fcdiger Jager (2. von rechts) sowie K\u00f6nigsoffizier Uli Maritzen. Es gratulierten Pfarrer Christoph K\u00fcckes (2. von links) und Willichs stellvertretender B\u00fcrgermeister Guido G\u00f6rtz.<\/p>\n\n\n\n<p>Quelle: RP-Online<\/p>\n\n\n\n<hr class=\"wp-block-separator\"\/>\n\n\n\n<p><strong>23. Juni 2019<\/strong><\/p>\n\n\n\n<h2 class=\"wp-block-heading\"><strong>In Cl\u00f6rath paradieren die M\u00e4nner vor den Frauen<\/strong><\/h2>\n\n\n\n<figure class=\"wp-block-image size-large\"><img  title=\"\" loading=\"lazy\" decoding=\"async\" width=\"1024\" height=\"567\" src=\"https:\/\/johannes-schuetzen.de\/wp-content\/uploads\/2021\/11\/2019_In-Cloerath-paradieren-die-Maenner-vor-den-Frauen-1024x567.jpg\"  alt=\"2019_In-Cloerath-paradieren-die-Maenner-vor-den-Frauen-1024x567 Archiv 2019\"  class=\"wp-image-2658\" srcset=\"https:\/\/johannes-schuetzen.de\/wp-content\/uploads\/2021\/11\/2019_In-Cloerath-paradieren-die-Maenner-vor-den-Frauen-1024x567.jpg 1024w, https:\/\/johannes-schuetzen.de\/wp-content\/uploads\/2021\/11\/2019_In-Cloerath-paradieren-die-Maenner-vor-den-Frauen-550x305.jpg 550w, https:\/\/johannes-schuetzen.de\/wp-content\/uploads\/2021\/11\/2019_In-Cloerath-paradieren-die-Maenner-vor-den-Frauen-150x83.jpg 150w, https:\/\/johannes-schuetzen.de\/wp-content\/uploads\/2021\/11\/2019_In-Cloerath-paradieren-die-Maenner-vor-den-Frauen-768x426.jpg 768w, https:\/\/johannes-schuetzen.de\/wp-content\/uploads\/2021\/11\/2019_In-Cloerath-paradieren-die-Maenner-vor-den-Frauen-450x250.jpg 450w, https:\/\/johannes-schuetzen.de\/wp-content\/uploads\/2021\/11\/2019_In-Cloerath-paradieren-die-Maenner-vor-den-Frauen.jpg 1200w\" sizes=\"auto, (max-width: 1024px) 100vw, 1024px\" \/><\/figure>\n\n\n\n<p><em><strong>Neersen \u2022 <\/strong><\/em><strong>Das Sch\u00fctzenfest in Cl\u00f6rath-Vennheide steht ganz im Zeichen von K\u00f6nigin Susanne Berger und ihren Ministerinnen.<\/strong><\/p>\n\n\n\n<p>Es ist mittlerweile fast schon Tradition, dass die Mitglieder der St.- Johannes-Sch\u00fctzengesellschaft Cl\u00f6rath-Vennheide von einem weiblichen K\u00f6nigshaus regiert werden. Nach Melanie Herold, geborene Breuer, und Simone Lier ist jetzt Susanne Berger an der Macht. Die 38-J\u00e4hrige wird unterst\u00fctzt von den Ministerinnen Nadine Draack und Simone Lier sowie von der K\u00f6nigsoffizierin Bianca Dix.<\/p>\n\n\n\n<p>Wenn das kein Anlass war, die K\u00f6nigsw\u00fcrde anzustreben: Susanne Berger ist Gr\u00fcndungsmitglied der \u201eMusketiere\u201c, die in diesem Jahr ihr 25-j\u00e4hriges Bestehen feiern. Die Industriekauffrau zog am Sonntag eine erste Bilanz als Regentin: \u201eEs ist auf jeden Fall sch\u00f6n.\u201c Am Fronleichnamsfeiertag stand das Jugend- und Sch\u00fclerprinzen-Schie\u00dfen bei eher m\u00e4\u00dfigem Wetter auf dem Programm. Sch\u00fclerprinzessin wurde Mia Thees, Lara Schmitz und Emma Ricken werden sie als Ministerinnen unterst\u00fctzen, Offizierin ist Ida Thees. Sie alle kommen von der Gruppe \u201eFreche M\u00e4dchen\u201c. Bei aller Frauenpower: Der neue Jugendprinz ist tats\u00e4chlich ein Prinz und keine Prinzessin \u2013 Philipp K\u00f6ttelwesch w\u00e4hlte als Minister seinen Bruder Patrick und Sebastian Ingmanns aus, Offizier wurde Alexander Marx. Das Jugendprinzenhaus kommt vom Zug \u201eDie lustigen Bengels\u201c.<\/p>\n\n\n\n<p>Am Freitag lautete das Motto wie seit Jahren \u201eCl\u00f6rath brennt\u201c. Das Zelt war gut besucht, DJ Yeti legte auf und als zwischendurch der Strom ausfiel, sangen die Besucher die Hits einfach selber zu Ende. Eine lange Polonaise war ein un\u00fcbersehbares Zeichen daf\u00fcr, dass sich alle gut verstanden. Selbstverst\u00e4ndlich wurde friedlich gefeiert.<\/p>\n\n\n\n<p>Sch\u00f6n, wenn man nicht der Gr\u00f6\u00dfte ist, aber viele Freunde hat: Bei der Morgenparade marschierten knapp 400 Sch\u00fctzen mit, zu den eigenen rund 150 Marschiererinnen und Marschierern kamen wie immer sehr viele G\u00e4ste aus Neersen, Anrath, vom Grenzweg an der Niers, aus Willich oder Krefeld-Inrath. Der Zug in Cl\u00f6rath-Vennheide ist damit zwar immer noch nicht der gr\u00f6\u00dfte, aber durch die Vielzahl der Gruppen und Gattungen ist er besonders bunt. Moderiert wurde die Parade von keinem Geringeren als dem Bezirksbundesmeister Mike Kunze. Dieter Lambertz gab in seiner kurzen Ansprache wieder, wie die Parade auf ihn gewirkt habe: \u201eIn einer globalen Welt ver\u00e4ndert sich angeblich alles \u2013 aber allein wegen der vielen jungen Leute bei der Parade werden die Werte ,Glaube, Sitte und Heimat\u2019 auch weiterhin Bestand haben.\u201c<\/p>\n\n\n\n<p>W\u00e4hrend sich drau\u00dfen Jungs der Gruppe \u201eHeitere P\u00e4nz\u201c mit gezielten Sch\u00fcssen aus Wasserpistolen erfrischten, bedankte sich Pr\u00e4sident Markus Herold f\u00fcr eine alles andere als selbstverst\u00e4ndliche Gro\u00dfz\u00fcgigkeit: Die Familie Meier stellt jedes Jahr ihr Grundst\u00fcck am Reiherweg 5 f\u00fcr den Schie\u00dfstand und ein kleines Zelt zur Verf\u00fcgung. Das gro\u00dfe Zelt wird bereits am Montag abgebaut.<\/p>\n\n\n\n<p>Am Montag um 17.30 Uhr steht der K\u00f6nigsvogelschuss auf dem Programm und bis Sonntagnachmittag hatte noch niemand seine Bereitschaft erkl\u00e4rt, n\u00e4chster K\u00f6nig beziehungsweise n\u00e4chste K\u00f6nigin von Cl\u00f6rath-Vennheide werden zu wollen. Das sei aber \u00fcblich und in keiner Weise Besorgnis erregend, h\u00f6rte man aus den Reihen des Vorstandes.<\/p>\n\n\n\n<p>Quelle: RP-Online<\/p>\n\n\n\n<hr class=\"wp-block-separator\"\/>\n\n\n\n<p><strong>18. Juni 20219<\/strong><\/p>\n\n\n\n<h2 class=\"wp-block-heading\">Ein K\u00f6niginnen-Haus in Cl\u00f6rath-Vennheide<\/h2>\n\n\n\n<figure class=\"wp-block-image size-large\"><img  title=\"\" loading=\"lazy\" decoding=\"async\" width=\"1024\" height=\"567\" src=\"https:\/\/johannes-schuetzen.de\/wp-content\/uploads\/2021\/11\/2019_Ein-Koeniginnen-Haus-in-Cloerath-Vennheide-1024x567.jpg\"  alt=\"2019_Ein-Koeniginnen-Haus-in-Cloerath-Vennheide-1024x567 Archiv 2019\"  class=\"wp-image-2655\" srcset=\"https:\/\/johannes-schuetzen.de\/wp-content\/uploads\/2021\/11\/2019_Ein-Koeniginnen-Haus-in-Cloerath-Vennheide-1024x567.jpg 1024w, https:\/\/johannes-schuetzen.de\/wp-content\/uploads\/2021\/11\/2019_Ein-Koeniginnen-Haus-in-Cloerath-Vennheide-550x305.jpg 550w, https:\/\/johannes-schuetzen.de\/wp-content\/uploads\/2021\/11\/2019_Ein-Koeniginnen-Haus-in-Cloerath-Vennheide-150x83.jpg 150w, https:\/\/johannes-schuetzen.de\/wp-content\/uploads\/2021\/11\/2019_Ein-Koeniginnen-Haus-in-Cloerath-Vennheide-768x426.jpg 768w, https:\/\/johannes-schuetzen.de\/wp-content\/uploads\/2021\/11\/2019_Ein-Koeniginnen-Haus-in-Cloerath-Vennheide-450x250.jpg 450w, https:\/\/johannes-schuetzen.de\/wp-content\/uploads\/2021\/11\/2019_Ein-Koeniginnen-Haus-in-Cloerath-Vennheide.jpg 1200w\" sizes=\"auto, (max-width: 1024px) 100vw, 1024px\" \/><figcaption><em>Das sind vier Musketiere von Cl\u00f6rath (von links): Bianca Dix (K\u00f6nigsoffizierin), Simone Lier (Ministerin), Susanne Berger (K\u00f6nigin), Nadine Draack (Ministerin). Foto: Daniel Boehm<\/em><\/figcaption><\/figure>\n\n\n\n<p><strong>Neersen Mit dem Wettbewerb der jungen Sch\u00fctzen beginnt am Donnerstag das Sch\u00fctzenfest in Cl\u00f6rath-Vennheide. Dann werden die Sch\u00fctzen von einem K\u00f6niginnen-Haus angef\u00fchrt.<\/strong><\/p>\n\n\n\n<p>Zum Auftakt am Fronleichnam-Donnerstag bestimmen die Sch\u00fcler und die Jungsch\u00fctzen der St. Johannes Sch\u00fctzengesellschaft 1662 Cl\u00f6rath-Vennheide ihre Prinzen. Der Wettbewerb wird traditionell von vielen erwachsenen Sch\u00fctzen verfolgt, die mitfiebern. Danach wird bis Montag in der Honschaft Sch\u00fctzenfest gefeiert.<\/p>\n\n\n\n<p>Das in diesem Jahr rein weibliche \u201eK\u00f6niginnen-Haus\u201c setzt sich aus bekannten Namen in der Gesellschaft zusammen: K\u00f6nigin ist Susanne Berger, die im Juni 2018 mit dem 227. Schuss den Vogel von der Stange holte. Die gelernte Industriekauffrau hat bereits Erfahrung im Thema K\u00f6nigshaus vorzuweisen: Sie war in den Jahren 2009 und 2015 Ministerin in den K\u00f6nigsh\u00e4usern von K\u00f6nigin Melanie Breuer (2009) und K\u00f6nigin Simone Lier (2015). Wie ihre Vorg\u00e4ngerinnen stammt die jetzt amtierende K\u00f6nigin aus der Musketier-Gruppe, sie war Gr\u00fcndungsmitglied. 2012 und 2017 unterst\u00fctzte sie die damaligen K\u00f6nigsh\u00e4user als K\u00f6nigsoffizier.<\/p>\n\n\n\n<p>Die K\u00f6nigin engagiert sich seit Jahren bei den Cl\u00f6rather Sch\u00fctzen: Seit 1994 ist sie aktives Mitglied \u2013 und ihre Sch\u00fctzengruppe feiert in diesem Jahr ihr 25-j\u00e4hriges Jubil\u00e4um. Ehrenamtlich war sie von 1997 bis 2001 zweite Schriftf\u00fchrerin und von 2001 bis 2016 erste Schriftf\u00fchrerin der Cl\u00f6rather Sch\u00fctzengesellschaft. Gruppenintern ist sie Gruppenf\u00fchrerin, Kassiererin und Spie\u00df. Sch\u00fctzenwesen \u2013 das bedeutet f\u00fcr die K\u00f6nigin neben den traditionellen Werten \u201eGlaube, Sitte, Heimat\u201c heute vor allem Freude und Freundschaft: \u201eEs ist sch\u00f6n, mit den Freunden zu feiern. Jeder kennt hier jeden, und man freut sich, die anderen wieder zu sehen\u201c, fasst sie ihre Motivation zusammen.<\/p>\n\n\n\n<p>Ihr Einsatz wurde bereits mehrfach gew\u00fcrdigt: Sie tr\u00e4gt das silberne Verdienstkreuz, den hohen Bruderschafts-Orden, das St. Sebastianus Ehrenkreuz sowie den silbernen Vereinsorden. Abgesehen vom Sch\u00fctzenwesen ist Motorradfahren ihr zweites Hobby.<\/p>\n\n\n\n<p>Die K\u00f6nigin wird begleitet von den Ministerinnen Nadine Draack und Simone Lier sowie K\u00f6nigsoffizierin Bianca Dix. Ministerin Nadine ist seit 1999 Mitglied der \u201eMusketiere\u201c und feiert somit ihr eigenes kleines Jubil\u00e4um in diesem Jahr. Die Zweifachmama war 2018 als Ministerfrau Teil des K\u00f6nigshauses. Ministerin Simone Lier hat 2015 K\u00f6nigin-Erfahrung gemacht. Sie ist durch ihre Eltern und Gro\u00dfeltern zum Sch\u00fctzenwesen gekommen und ebenfalls seit 1999 Mitglied der Sch\u00fctzengesellschaft. Bis 2017 war sie Jungsch\u00fctzenmeisterin des Vereins; seit 2016 \u00fcbernimmt sie das Amt der Bezirksjungsch\u00fctzenmeisterin im Bezirksverband Krefeld-Willich-Meerbusch.<\/p>\n\n\n\n<p>K\u00f6nigsoffizierin Bianca Dix wird von ihren M\u00e4dels liebevoll \u201eGruppenomi\u201c genannt und k\u00fcmmert sich um die Termine des K\u00f6niginnenhaus. Sie ist seit 2002 Mitglied der \u201eMusketiere\u201c.<\/p>\n\n\n\n<p>Quelle: RP-Online<\/p>\n\n\n\n<hr class=\"wp-block-separator\"\/>\n\n\n\n<p><strong>05. Mai 2019<\/strong><\/p>\n\n\n\n<h2 class=\"wp-block-heading\">Susanne Berger aus Cl\u00f6rath ist neue Bezirkssch\u00fctzenk\u00f6nigin<\/h2>\n\n\n\n<figure class=\"wp-block-image size-large\"><img  title=\"\" loading=\"lazy\" decoding=\"async\" width=\"1024\" height=\"762\" src=\"https:\/\/johannes-schuetzen.de\/wp-content\/uploads\/2021\/11\/2019_Susanne-Berger-aus-Cloerath-ist-neue-Bezirksschuetzenkoenigin-1024x762.jpg\"  alt=\"2019_Susanne-Berger-aus-Cloerath-ist-neue-Bezirksschuetzenkoenigin-1024x762 Archiv 2019\"  class=\"wp-image-2652\" srcset=\"https:\/\/johannes-schuetzen.de\/wp-content\/uploads\/2021\/11\/2019_Susanne-Berger-aus-Cloerath-ist-neue-Bezirksschuetzenkoenigin-1024x762.jpg 1024w, https:\/\/johannes-schuetzen.de\/wp-content\/uploads\/2021\/11\/2019_Susanne-Berger-aus-Cloerath-ist-neue-Bezirksschuetzenkoenigin-550x409.jpg 550w, https:\/\/johannes-schuetzen.de\/wp-content\/uploads\/2021\/11\/2019_Susanne-Berger-aus-Cloerath-ist-neue-Bezirksschuetzenkoenigin-150x112.jpg 150w, https:\/\/johannes-schuetzen.de\/wp-content\/uploads\/2021\/11\/2019_Susanne-Berger-aus-Cloerath-ist-neue-Bezirksschuetzenkoenigin-768x572.jpg 768w, https:\/\/johannes-schuetzen.de\/wp-content\/uploads\/2021\/11\/2019_Susanne-Berger-aus-Cloerath-ist-neue-Bezirksschuetzenkoenigin.jpg 1200w\" sizes=\"auto, (max-width: 1024px) 100vw, 1024px\" \/><figcaption>Susanne Berg<em>er von der St.-Johannes-Sch\u00fctzengesellschaft Cl\u00f6rath-Vennheide schoss mit dem 174. Schuss den Vogel ab. Vorg\u00e4nger Mike Kunze gratulierte ihr. Foto: Wolfgang Kaiser<\/em><\/figcaption><\/figure>\n\n\n\n<p><strong>Willich Noch tr\u00e4gt Mike Kunze (42) das schwere Silber \u00fcber der roten Uniform der Sch\u00fctzenbruderschaft Cl\u00f6rath-Vennheide. Es zeichnet ihn aus als Sch\u00fctzenk\u00f6nig des Jahres 2018 im Bezirksverband Krefeld-Willich-Meerbusch.<\/strong><\/p>\n\n\n\n<p>Diese Auszeichnung berechtigt den leidenschaftlichen Sch\u00fctzen, der auch dem Bezirksverband als Bundesmeister vorsteht, zur Teilnahme an Di\u00f6zesan-, Bundes- und sogar Europameisterschaften. Doch am heutigen Samstag wird er die kostbare Amtskette an einen Nachfolger oder eine Nachfolgerin \u00fcberreichen m\u00fcssen. Beim Bezirkssch\u00fctzentag ermitteln die 17 Bruderschaften des Bezirks ihren besten Sch\u00fctzen des Jahres 2019 in den verschiedenen Alterskategorien.<\/p>\n\n\n\n<p>Neben den erwachsenen Teilnehmern sind dies die Jungsch\u00fctzenprinzen und die Sch\u00fcler. Erstmals gehen in diesem Jahr auch Kinder an den Start. Au\u00dferdem wird ein \u201eSch\u00fctze des Jahres\u201c f\u00fcr sein ehrenamtliches gesellschaftliches Engagement geehrt. Beim Schie\u00dfen sind startberechtigt allein die Sch\u00fctzenk\u00f6nige der Mitgliedsbruderschaften, also nur eine handverlesene Auswahl. Gastgeber des Bezirkssch\u00fctzentags ist in diesem Jahr die St.-Sebastianus-Bruderschaft von Alt-Willich.<\/p>\n\n\n\n<p>Im Garten und im Pfarrheim von St. Katharina herrscht munteres Treiben. Es gibt Kaffee und Kuchen, kalte Getr\u00e4nke und Gegrilltes. Die Kleinen lassen sich glitzernde Tattoos aufbringen. Alles sieht nach einer famili\u00e4ren Zusammenkunft aus. Nur das Wetter meint es nicht gut mit den Sch\u00fctzen. Es ist kalt, und zwischen sonnigen Abschnitten gehen heftige Schauer nieder. Im Garten ist unter einem offenen Zeltdach der Schie\u00dfstand aufgebaut. Hier wird gerade der neue Bezirkssch\u00fclerprinz in der Altersklasse 12 bis 15 Jahre ermittelt. Oder die Bezirkssch\u00fclerprinzessin, denn von den f\u00fcnf Bewerbern sind vier junge M\u00e4dchen, etwa Nele Hoppe (13) aus H\u00fcls. Ihr Opa und ihr Vater seien ebenfalls Sch\u00fctzen, erz\u00e4hlt sie. Das Schie\u00dfen sei \u201eganz gut f\u00fcr die Konzentration\u201c, befindet sie. Unter den wachsamen Augen der ersten Bezirksschie\u00dfmeisterin Melanie Kunze visieren die Bewerber mit dem Luftgewehr den h\u00f6lzernen Vogel an. Auf dem Smartphone des stellvertretenden Bezirksschie\u00dfmeisters Dominik Hansj\u00fcrgen ist er allerdings in Nahaufnahme zu betrachten und sieht schon ganz sch\u00f6n ramponiert aus.<\/p>\n\n\n\n<p>Im Pfarrsaal von St. Katharina schie\u00dfen die Kleinsten derweil mit der Armbrust und Gummigeschossen auf einen bunt bemalten Vogel aus Holz, der in wenigen Metern Entfernung befestigt ist und schon einige K\u00f6rperteile verloren hat. Hier steht der Sieger bereits im Vorfeld fest. Es wird Uli Voekel aus H\u00fcls sein. Der Zehnj\u00e4hrige ist der einzige Bewerber um dieses neu eingef\u00fchrte Amt des Kinderprinzen. Uli feiert Geburtstag und hat zum Schie\u00dfen gleich seine ganze Familie und seine Freunde mitgebracht.<\/p>\n\n\n\n<p>Die Ergebnisse: Bezirksk\u00f6nigin ist Susanne Berger, St.-Johannes- Sch\u00fctzengesellschaft Cl\u00f6rath-Vennheide (174.Schuss), Bezirksprinz Dennis Heckenbach, St.-Pankratius-Sch\u00fctzenbruderschaft Ossum-B\u00f6singhoven (292. Schuss).<\/p>\n\n\n\n<p>Quelle: RP-Online<\/p>\n","protected":false},"excerpt":{"rendered":"<p>25. Juni 2019 Michael Paschen ist Sch\u00fctzenk\u00f6nig Neersen Die St.-Johannes-Sch\u00fctzengesellschaft 1662 Cl\u00f6rath-Vennheide hat einen neuen Sch\u00fctzenk\u00f6nig: Michael Paschen (3. von links) holte den Vogel mit dem 196. Schuss nach einem langen Wettbewerb von der Stange. Ihm zur Seite stehen als Minister Klaus Dieter Altmeyer (links) und R\u00fcdiger Jager (2. von rechts) sowie K\u00f6nigsoffizier Uli Maritzen.<\/p><\/div>\n<div class=\"blog-btn\"><a href=\"https:\/\/johannes-schuetzen.de\/?page_id=2626\" class=\"home-blog-btn\">Weiterlesen<\/a><\/p>\n","protected":false},"author":3,"featured_media":0,"parent":1184,"menu_order":0,"comment_status":"closed","ping_status":"closed","template":"","meta":{"footnotes":""},"class_list":["post-2626","page","type-page","status-publish","hentry"],"_links":{"self":[{"href":"https:\/\/johannes-schuetzen.de\/index.php?rest_route=\/wp\/v2\/pages\/2626","targetHints":{"allow":["GET"]}}],"collection":[{"href":"https:\/\/johannes-schuetzen.de\/index.php?rest_route=\/wp\/v2\/pages"}],"about":[{"href":"https:\/\/johannes-schuetzen.de\/index.php?rest_route=\/wp\/v2\/types\/page"}],"author":[{"embeddable":true,"href":"https:\/\/johannes-schuetzen.de\/index.php?rest_route=\/wp\/v2\/users\/3"}],"replies":[{"embeddable":true,"href":"https:\/\/johannes-schuetzen.de\/index.php?rest_route=%2Fwp%2Fv2%2Fcomments&post=2626"}],"version-history":[{"count":6,"href":"https:\/\/johannes-schuetzen.de\/index.php?rest_route=\/wp\/v2\/pages\/2626\/revisions"}],"predecessor-version":[{"id":2663,"href":"https:\/\/johannes-schuetzen.de\/index.php?rest_route=\/wp\/v2\/pages\/2626\/revisions\/2663"}],"up":[{"embeddable":true,"href":"https:\/\/johannes-schuetzen.de\/index.php?rest_route=\/wp\/v2\/pages\/1184"}],"wp:attachment":[{"href":"https:\/\/johannes-schuetzen.de\/index.php?rest_route=%2Fwp%2Fv2%2Fmedia&parent=2626"}],"curies":[{"name":"wp","href":"https:\/\/api.w.org\/{rel}","templated":true}]}}