{"id":27,"date":"2013-08-28T10:11:50","date_gmt":"2013-08-28T10:11:50","guid":{"rendered":"http:\/\/xn--johannes-schtzen-uzb.de\/?page_id=2"},"modified":"2021-10-27T21:14:08","modified_gmt":"2021-10-27T19:14:08","slug":"sample-page-2","status":"publish","type":"page","link":"https:\/\/johannes-schuetzen.de\/?page_id=27","title":{"rendered":"Historie"},"content":{"rendered":"\n<h2 class=\"wp-block-heading\">Historie<\/h2>\n\n\n\n<p>Die Geschichte des Sch\u00fctzenwesen in Cl\u00f6rath-Vennheide und damit auch die Geschichte unseres Vereins sind hier genauso zu finden, wie eine \u00dcbersicht aller dokumentierten K\u00f6nigsh\u00e4user. Beide Bereiche unterteilen sich in die Zeit vor 1975 und nach 1975.<br>Dar\u00fcber finden sie hier auch eine Aufstellung aller Sch\u00fcler- und Jugendprinzen.<\/p>\n\n\n\n<p><a title=\"Geschichte bis 1975\" href=\"https:\/\/johannes-schuetzen.de\/?page_id=60\">Geschichte bis 1975<\/a><br><a href=\"https:\/\/johannes-schuetzen.de\/?page_id=63\">Geschichte seit 1975<\/a><\/p>\n","protected":false},"excerpt":{"rendered":"<p>Historie Die Geschichte des Sch\u00fctzenwesen in Cl\u00f6rath-Vennheide und damit auch die Geschichte unseres Vereins sind hier genauso zu finden, wie eine \u00dcbersicht aller dokumentierten K\u00f6nigsh\u00e4user. Beide Bereiche unterteilen sich in die Zeit vor 1975 und nach 1975.Dar\u00fcber finden sie hier auch eine Aufstellung aller Sch\u00fcler- und Jugendprinzen. Geschichte bis 1975Geschichte seit 1975<\/p>\n","protected":false},"author":1,"featured_media":0,"parent":0,"menu_order":0,"comment_status":"closed","ping_status":"closed","template":"","meta":{"footnotes":""},"class_list":["post-27","page","type-page","status-publish","hentry"],"_links":{"self":[{"href":"https:\/\/johannes-schuetzen.de\/index.php?rest_route=\/wp\/v2\/pages\/27","targetHints":{"allow":["GET"]}}],"collection":[{"href":"https:\/\/johannes-schuetzen.de\/index.php?rest_route=\/wp\/v2\/pages"}],"about":[{"href":"https:\/\/johannes-schuetzen.de\/index.php?rest_route=\/wp\/v2\/types\/page"}],"author":[{"embeddable":true,"href":"https:\/\/johannes-schuetzen.de\/index.php?rest_route=\/wp\/v2\/users\/1"}],"replies":[{"embeddable":true,"href":"https:\/\/johannes-schuetzen.de\/index.php?rest_route=%2Fwp%2Fv2%2Fcomments&post=27"}],"version-history":[{"count":9,"href":"https:\/\/johannes-schuetzen.de\/index.php?rest_route=\/wp\/v2\/pages\/27\/revisions"}],"predecessor-version":[{"id":2519,"href":"https:\/\/johannes-schuetzen.de\/index.php?rest_route=\/wp\/v2\/pages\/27\/revisions\/2519"}],"wp:attachment":[{"href":"https:\/\/johannes-schuetzen.de\/index.php?rest_route=%2Fwp%2Fv2%2Fmedia&parent=27"}],"curies":[{"name":"wp","href":"https:\/\/api.w.org\/{rel}","templated":true}]}}