{"id":2734,"date":"2023-01-28T15:22:08","date_gmt":"2023-01-28T14:22:08","guid":{"rendered":"https:\/\/johannes-schuetzen.de\/?page_id=2734"},"modified":"2023-08-07T12:07:44","modified_gmt":"2023-08-07T10:07:44","slug":"archiv-2023","status":"publish","type":"page","link":"https:\/\/johannes-schuetzen.de\/?page_id=2734","title":{"rendered":"Archiv 2023"},"content":{"rendered":"\r\n<h5><strong style=\"font-size: 16px;\"><br \/>Sch\u00fctzenfest in Cl\u00f6rath<\/strong><\/h5>\r\n\r\n\r\n\r\n<h1 class=\"has-medium-font-size\"><strong>Cl\u00f6rather Sch\u00fctzen starten am Wochenende ins Sch\u00fctzenfest<\/strong><\/h1>\r\n\r\n\r\n\r\n<p><strong>Anrath<\/strong>\u00a0\u00b7 Von Donnerstag bis Montag steht Cl\u00f6rath im Zeichen des Sch\u00fctzenfests. K\u00f6nig ist Andreas Tives, Vereins-Vizepr\u00e4sident aus dem Sch\u00fctzenzug \u201eCl\u00f6rather Jonges\u201c.<\/p>\r\n\r\n\r\n\r\n<p>Von Nadia Joppen<\/p>\r\n\r\n\r\n\r\n<p>Das diesj\u00e4hrige Sch\u00fctzenfest der\u00a0St. Johannes Sch\u00fctzengesellschaft 1662 Cl\u00f6rath-Vennheide beginnt wieder mit dem Sch\u00fcler- und Jugendprinzenschie\u00dfen an Fronleichnam auf der Schie\u00dfanlage Meier. Bis Montag ziehen die Sch\u00fctzen, gef\u00fchrt von K\u00f6nig Andreas Tives, durch die Stra\u00dfen der Honschaft. Der K\u00f6nig hat langj\u00e4hrige Kontakte zum Sch\u00fctzenwesen: Vor 40 Jahren begann er seinerzeit in M\u00f6nchengladbach. \u201eIch bin seit 31 Jahren gl\u00fccklich verheiratet und stolzer Vater zweier erwachsener Kinder\u201c, beschreibt er sich. Er arbeitet als Verwaltungsbeamter beim Land NRW und lebt seit 1994 in Anrath.\u00a02017 trat er den St.-Johannes-Sch\u00fctzenbei und betreut f\u00fcr diese Homepage und soziale Netzwerke. Seit 2021 ist er Vizepr\u00e4sident des Vereins, denn er wolle nicht nur zusehen, sondern mitarbeiten. F\u00fcr ihn ist es wichtig, dass ein Sch\u00fctzenverein nicht nur Bier trinkt und feiert, sondern sich auch sozial engagiert. Deswegen sammelt das K\u00f6nigshaus Spenden f\u00fcr eine soziale Institution.<\/p>\r\n\r\n\r\n\r\n<p>Als Minister begleiten ihn Daniel B\u00f6hm und Marco Gotzes. B\u00f6hm arbeitet als selbstst\u00e4ndiger Fotograf. Er war zuerst bei den Anrather Sch\u00fctzen aktiv und wechselte 2016 nach Cl\u00f6rath. Er ist verheiratet und hat zwei Kinder. Gotzes kam \u00fcber Verwandte zum Sch\u00fctzenwesen. Er ist seit 2002 aktiv, war in mehreren K\u00f6nigsh\u00e4usern beteiligt und 2014\u00a0selbst K\u00f6nig einer befreundeten Bruderschaft. K\u00f6nigsoffizier Thomas Dix ist seit 1995 Mitglied der Sch\u00fctzengesellschaft. K\u00f6nigszug sind die \u201eCl\u00f6rather Jonges\u201c, die 2016 von vier erfahrenen Sch\u00fctzen gegr\u00fcndet wurden und 2017 erstmalig aktiv am Cl\u00f6rather Sch\u00fctzenwesen teilnahmen. Mittlerweile hat die Gruppe acht Mitglieder, und nach drei Sch\u00fctzenfesten \u201ekann man die Integration als gelungen betrachten\u201c, sagt Christian Maritzen, Pr\u00e4sident der Sch\u00fctzengesellschaft. Aus der Gruppe kommen der Vizepr\u00e4sident und amtierende K\u00f6nig Andreas Tives sowie General Burkhardt Meifert. Au\u00dferdem k\u00fcmmert sich die Gruppe seit 2018 um den Schie\u00dfplatz am Reiherweg und ist beim Sch\u00fcler- und Jugendprinzenschie\u00dfen f\u00fcr die Verpflegung der Sch\u00fctzen zust\u00e4ndig.<\/p>\r\n\r\n\r\n\r\n<p>Die Termine:<\/p>\r\n\r\n\r\n\r\n<p><strong>8. Juni:<\/strong>\u00a0Sch\u00fcler- und Jugendprinzschie\u00dfen Schie\u00dfanlage Meier;\u00a0<strong>9. Juni:<\/strong>\u00a0Zeltmai setzen am Festzelt, \u201eCl\u00f6rath brennt\u201c\u00a0\u2013 Party mit DJ Yeti;\u00a0<strong>10. Juni:<\/strong>\u00a0Antreten bei Familie Thees, Kranzniederlegung am Missionskreuz, Festmesse St. Johannes Anrath, Tanz im Festzelt mit \u201eKlangstadt\u201c;\u00a0<strong>11. Juni:<\/strong>\u00a0Parade mit gro\u00dfem Zapfenstreich (9.30 Uhr, Ehrentrib\u00fcne Vennheide), Musikalischer Fr\u00fchschoppen im Festzelt, Abendparade (18.15 Uhr, Ehrentrib\u00fcne Vennheide), K\u00f6nigsgalaball im Festzelt mit \u201eTeamwork\u201c;\u00a0<strong>12. Juni:<\/strong>\u00a0Vogelschuss Schie\u00dfanlage Meier (17 Uhr), danach Ausklang mit K\u00f6nigskr\u00f6nung.<\/p>\r\n","protected":false},"excerpt":{"rendered":"<p>Sch\u00fctzenfest in Cl\u00f6rath Cl\u00f6rather Sch\u00fctzen starten am Wochenende ins Sch\u00fctzenfest Anrath\u00a0\u00b7 Von Donnerstag bis Montag steht Cl\u00f6rath im Zeichen des Sch\u00fctzenfests. K\u00f6nig ist Andreas Tives, Vereins-Vizepr\u00e4sident aus dem Sch\u00fctzenzug \u201eCl\u00f6rather Jonges\u201c. Von Nadia Joppen Das diesj\u00e4hrige Sch\u00fctzenfest der\u00a0St. Johannes Sch\u00fctzengesellschaft 1662 Cl\u00f6rath-Vennheide beginnt wieder mit dem Sch\u00fcler- und Jugendprinzenschie\u00dfen an Fronleichnam auf der Schie\u00dfanlage Meier.<\/p><\/div>\n<div class=\"blog-btn\"><a href=\"https:\/\/johannes-schuetzen.de\/?page_id=2734\" class=\"home-blog-btn\">Weiterlesen<\/a><\/p>\n","protected":false},"author":3,"featured_media":0,"parent":1184,"menu_order":1,"comment_status":"closed","ping_status":"closed","template":"","meta":{"footnotes":""},"class_list":["post-2734","page","type-page","status-publish","hentry"],"_links":{"self":[{"href":"https:\/\/johannes-schuetzen.de\/index.php?rest_route=\/wp\/v2\/pages\/2734","targetHints":{"allow":["GET"]}}],"collection":[{"href":"https:\/\/johannes-schuetzen.de\/index.php?rest_route=\/wp\/v2\/pages"}],"about":[{"href":"https:\/\/johannes-schuetzen.de\/index.php?rest_route=\/wp\/v2\/types\/page"}],"author":[{"embeddable":true,"href":"https:\/\/johannes-schuetzen.de\/index.php?rest_route=\/wp\/v2\/users\/3"}],"replies":[{"embeddable":true,"href":"https:\/\/johannes-schuetzen.de\/index.php?rest_route=%2Fwp%2Fv2%2Fcomments&post=2734"}],"version-history":[{"count":7,"href":"https:\/\/johannes-schuetzen.de\/index.php?rest_route=\/wp\/v2\/pages\/2734\/revisions"}],"predecessor-version":[{"id":2858,"href":"https:\/\/johannes-schuetzen.de\/index.php?rest_route=\/wp\/v2\/pages\/2734\/revisions\/2858"}],"up":[{"embeddable":true,"href":"https:\/\/johannes-schuetzen.de\/index.php?rest_route=\/wp\/v2\/pages\/1184"}],"wp:attachment":[{"href":"https:\/\/johannes-schuetzen.de\/index.php?rest_route=%2Fwp%2Fv2%2Fmedia&parent=2734"}],"curies":[{"name":"wp","href":"https:\/\/api.w.org\/{rel}","templated":true}]}}