{"id":2782,"date":"2023-03-19T15:49:24","date_gmt":"2023-03-19T14:49:24","guid":{"rendered":"https:\/\/johannes-schuetzen.de\/?page_id=2782"},"modified":"2025-07-09T20:25:12","modified_gmt":"2025-07-09T18:25:12","slug":"koenigshaus-2023","status":"publish","type":"page","link":"https:\/\/johannes-schuetzen.de\/?page_id=2782","title":{"rendered":"K\u00f6nigshaus 2023"},"content":{"rendered":"\r\n<figure class=\"wp-block-image size-large\"><img  title=\"\" loading=\"lazy\" decoding=\"async\" width=\"771\" height=\"1024\" class=\"wp-image-2780\" src=\"https:\/\/johannes-schuetzen.de\/wp-content\/uploads\/2023\/03\/8486551D-4B6F-4D34-8F0F-BF5322F10FD2-771x1024.jpeg\"  alt=\"8486551D-4B6F-4D34-8F0F-BF5322F10FD2-771x1024 K\u00f6nigshaus 2023\"  srcset=\"https:\/\/johannes-schuetzen.de\/wp-content\/uploads\/2023\/03\/8486551D-4B6F-4D34-8F0F-BF5322F10FD2-771x1024.jpeg 771w, https:\/\/johannes-schuetzen.de\/wp-content\/uploads\/2023\/03\/8486551D-4B6F-4D34-8F0F-BF5322F10FD2-414x550.jpeg 414w, https:\/\/johannes-schuetzen.de\/wp-content\/uploads\/2023\/03\/8486551D-4B6F-4D34-8F0F-BF5322F10FD2-113x150.jpeg 113w, https:\/\/johannes-schuetzen.de\/wp-content\/uploads\/2023\/03\/8486551D-4B6F-4D34-8F0F-BF5322F10FD2-768x1020.jpeg 768w, https:\/\/johannes-schuetzen.de\/wp-content\/uploads\/2023\/03\/8486551D-4B6F-4D34-8F0F-BF5322F10FD2-1156x1536.jpeg 1156w, https:\/\/johannes-schuetzen.de\/wp-content\/uploads\/2023\/03\/8486551D-4B6F-4D34-8F0F-BF5322F10FD2-1542x2048.jpeg 1542w, https:\/\/johannes-schuetzen.de\/wp-content\/uploads\/2023\/03\/8486551D-4B6F-4D34-8F0F-BF5322F10FD2-scaled.jpeg 1927w\" sizes=\"auto, (max-width: 771px) 100vw, 771px\" \/>\r\n<figcaption class=\"wp-element-caption\">V.l.n.r.: Minister Marco Gotzes, K\u00f6nig Andreas Tives, Minister Daniel B\u00f6hm, K\u00f6nigsoffizier Thomas Dix<\/figcaption>\r\n<\/figure>\r\n\r\n\r\n\r\n<p>&nbsp;<\/p>\r\n","protected":false},"excerpt":{"rendered":"<p>&nbsp;<\/p>\n","protected":false},"author":3,"featured_media":0,"parent":2297,"menu_order":0,"comment_status":"closed","ping_status":"closed","template":"","meta":{"footnotes":""},"class_list":["post-2782","page","type-page","status-publish","hentry"],"_links":{"self":[{"href":"https:\/\/johannes-schuetzen.de\/index.php?rest_route=\/wp\/v2\/pages\/2782","targetHints":{"allow":["GET"]}}],"collection":[{"href":"https:\/\/johannes-schuetzen.de\/index.php?rest_route=\/wp\/v2\/pages"}],"about":[{"href":"https:\/\/johannes-schuetzen.de\/index.php?rest_route=\/wp\/v2\/types\/page"}],"author":[{"embeddable":true,"href":"https:\/\/johannes-schuetzen.de\/index.php?rest_route=\/wp\/v2\/users\/3"}],"replies":[{"embeddable":true,"href":"https:\/\/johannes-schuetzen.de\/index.php?rest_route=%2Fwp%2Fv2%2Fcomments&post=2782"}],"version-history":[{"count":2,"href":"https:\/\/johannes-schuetzen.de\/index.php?rest_route=\/wp\/v2\/pages\/2782\/revisions"}],"predecessor-version":[{"id":2996,"href":"https:\/\/johannes-schuetzen.de\/index.php?rest_route=\/wp\/v2\/pages\/2782\/revisions\/2996"}],"up":[{"embeddable":true,"href":"https:\/\/johannes-schuetzen.de\/index.php?rest_route=\/wp\/v2\/pages\/2297"}],"wp:attachment":[{"href":"https:\/\/johannes-schuetzen.de\/index.php?rest_route=%2Fwp%2Fv2%2Fmedia&parent=2782"}],"curies":[{"name":"wp","href":"https:\/\/api.w.org\/{rel}","templated":true}]}}