{"id":3014,"date":"2025-07-11T10:58:26","date_gmt":"2025-07-11T08:58:26","guid":{"rendered":"https:\/\/johannes-schuetzen.de\/?page_id=3014"},"modified":"2025-07-11T11:09:20","modified_gmt":"2025-07-11T09:09:20","slug":"koenigshaus-2026","status":"publish","type":"page","link":"https:\/\/johannes-schuetzen.de\/?page_id=3014","title":{"rendered":"K\u00f6nigshaus 2026"},"content":{"rendered":"<p><img  title=\"\" loading=\"lazy\" decoding=\"async\" class=\"size-medium wp-image-3015 aligncenter\" src=\"https:\/\/johannes-schuetzen.de\/wp-content\/uploads\/2025\/07\/Koenigshaus2026Entwurf-550x309.jpg\"  alt=\"Koenigshaus2026Entwurf-550x309 K\u00f6nigshaus 2026\"  width=\"550\" height=\"309\" srcset=\"https:\/\/johannes-schuetzen.de\/wp-content\/uploads\/2025\/07\/Koenigshaus2026Entwurf-550x309.jpg 550w, https:\/\/johannes-schuetzen.de\/wp-content\/uploads\/2025\/07\/Koenigshaus2026Entwurf-1024x576.jpg 1024w, https:\/\/johannes-schuetzen.de\/wp-content\/uploads\/2025\/07\/Koenigshaus2026Entwurf-150x84.jpg 150w, https:\/\/johannes-schuetzen.de\/wp-content\/uploads\/2025\/07\/Koenigshaus2026Entwurf-768x432.jpg 768w, https:\/\/johannes-schuetzen.de\/wp-content\/uploads\/2025\/07\/Koenigshaus2026Entwurf.jpg 1440w\" sizes=\"auto, (max-width: 550px) 100vw, 550px\" \/><\/p>\n<table>\n<tbody>\n<tr>\n<td style=\"text-align: left;\">K\u00f6nig<\/td>\n<td>Roger Demers mit Anna Stoll<\/td>\n<\/tr>\n<tr>\n<td>Ministerpaare<\/td>\n<td>Georg und Nadine Draack<\/td>\n<\/tr>\n<tr>\n<td><\/td>\n<td>Marcel und Anna Engels<\/td>\n<\/tr>\n<tr>\n<td>K\u00f6nigsoffizier<\/td>\n<td>Marcus Herold<\/td>\n<\/tr>\n<tr>\n<td>K\u00f6nigsgruppe<\/td>\n<td>De Heitere<\/td>\n<\/tr>\n<\/tbody>\n<\/table>\n","protected":false},"excerpt":{"rendered":"<p>K\u00f6nig Roger Demers mit Anna Stoll Ministerpaare Georg und Nadine Draack Marcel und Anna Engels K\u00f6nigsoffizier Marcus Herold K\u00f6nigsgruppe De Heitere<\/p>\n","protected":false},"author":3,"featured_media":0,"parent":2297,"menu_order":0,"comment_status":"closed","ping_status":"closed","template":"","meta":{"footnotes":""},"class_list":["post-3014","page","type-page","status-publish","hentry"],"_links":{"self":[{"href":"https:\/\/johannes-schuetzen.de\/index.php?rest_route=\/wp\/v2\/pages\/3014","targetHints":{"allow":["GET"]}}],"collection":[{"href":"https:\/\/johannes-schuetzen.de\/index.php?rest_route=\/wp\/v2\/pages"}],"about":[{"href":"https:\/\/johannes-schuetzen.de\/index.php?rest_route=\/wp\/v2\/types\/page"}],"author":[{"embeddable":true,"href":"https:\/\/johannes-schuetzen.de\/index.php?rest_route=\/wp\/v2\/users\/3"}],"replies":[{"embeddable":true,"href":"https:\/\/johannes-schuetzen.de\/index.php?rest_route=%2Fwp%2Fv2%2Fcomments&post=3014"}],"version-history":[{"count":2,"href":"https:\/\/johannes-schuetzen.de\/index.php?rest_route=\/wp\/v2\/pages\/3014\/revisions"}],"predecessor-version":[{"id":3018,"href":"https:\/\/johannes-schuetzen.de\/index.php?rest_route=\/wp\/v2\/pages\/3014\/revisions\/3018"}],"up":[{"embeddable":true,"href":"https:\/\/johannes-schuetzen.de\/index.php?rest_route=\/wp\/v2\/pages\/2297"}],"wp:attachment":[{"href":"https:\/\/johannes-schuetzen.de\/index.php?rest_route=%2Fwp%2Fv2%2Fmedia&parent=3014"}],"curies":[{"name":"wp","href":"https:\/\/api.w.org\/{rel}","templated":true}]}}