{"id":334,"date":"2013-08-31T16:10:56","date_gmt":"2013-08-31T14:10:56","guid":{"rendered":"http:\/\/www.johannes-schuetzen.de\/?page_id=334"},"modified":"2016-04-19T16:04:26","modified_gmt":"2016-04-19T14:04:26","slug":"koenigshaus-1999","status":"publish","type":"page","link":"https:\/\/johannes-schuetzen.de\/?page_id=334","title":{"rendered":"K\u00f6nigshaus 1999"},"content":{"rendered":"<p><img  title=\"\" decoding=\"async\" src=\"https:\/\/johannes-schuetzen.de\/wp-content\/uploads\/2014\/05\/Koenigshaus-1999.jpg\"  alt=\"Koenigshaus-1999 K\u00f6nigshaus 1999\"  \/><\/p>\n<table>\n<tr>\n<td>K\u00f6nigspaar<\/td>\n<td>Ferdinand und Helga B\u00f6ddecker<\/td>\n<\/tr>\n<tr>\n<td>Ministerpaare<\/td>\n<td>Jakob und Roswitha Benth<\/td>\n<\/tr>\n<tr>\n<td><\/td>\n<td>Thomas und Andrea Dix<\/td>\n<\/tr>\n<tr>\n<td>K\u00f6nigsoffizier<\/td>\n<td>Andre und Martina Arnoldi<\/td>\n<\/tr>\n<tr>\n<td>K\u00f6nigsgruppe<\/td>\n<td>J\u00e4gerzug der Einigkeit<\/td>\n<\/tr>\n<\/table>\n<p><a href=\"https:\/\/johannes-schuetzen.de\/?page_id=1191\" title=\"K\u00f6nigsh\u00e4user 1990 - 1999\">zur\u00fcck zur \u00dcbersicht<\/a><\/p>\n","protected":false},"excerpt":{"rendered":"<p>K\u00f6nigspaar Ferdinand und Helga B\u00f6ddecker Ministerpaare Jakob und Roswitha Benth Thomas und Andrea Dix K\u00f6nigsoffizier Andre und Martina Arnoldi K\u00f6nigsgruppe J\u00e4gerzug der Einigkeit zur\u00fcck zur \u00dcbersicht<\/p>\n","protected":false},"author":1,"featured_media":0,"parent":1191,"menu_order":0,"comment_status":"closed","ping_status":"closed","template":"onecolumn-page.php","meta":{"footnotes":""},"class_list":["post-334","page","type-page","status-publish","hentry"],"_links":{"self":[{"href":"https:\/\/johannes-schuetzen.de\/index.php?rest_route=\/wp\/v2\/pages\/334","targetHints":{"allow":["GET"]}}],"collection":[{"href":"https:\/\/johannes-schuetzen.de\/index.php?rest_route=\/wp\/v2\/pages"}],"about":[{"href":"https:\/\/johannes-schuetzen.de\/index.php?rest_route=\/wp\/v2\/types\/page"}],"author":[{"embeddable":true,"href":"https:\/\/johannes-schuetzen.de\/index.php?rest_route=\/wp\/v2\/users\/1"}],"replies":[{"embeddable":true,"href":"https:\/\/johannes-schuetzen.de\/index.php?rest_route=%2Fwp%2Fv2%2Fcomments&post=334"}],"version-history":[{"count":2,"href":"https:\/\/johannes-schuetzen.de\/index.php?rest_route=\/wp\/v2\/pages\/334\/revisions"}],"predecessor-version":[{"id":1234,"href":"https:\/\/johannes-schuetzen.de\/index.php?rest_route=\/wp\/v2\/pages\/334\/revisions\/1234"}],"up":[{"embeddable":true,"href":"https:\/\/johannes-schuetzen.de\/index.php?rest_route=\/wp\/v2\/pages\/1191"}],"wp:attachment":[{"href":"https:\/\/johannes-schuetzen.de\/index.php?rest_route=%2Fwp%2Fv2%2Fmedia&parent=334"}],"curies":[{"name":"wp","href":"https:\/\/api.w.org\/{rel}","templated":true}]}}