{"id":338,"date":"2013-08-31T16:11:38","date_gmt":"2013-08-31T14:11:38","guid":{"rendered":"http:\/\/www.johannes-schuetzen.de\/?page_id=338"},"modified":"2016-04-19T15:57:25","modified_gmt":"2016-04-19T13:57:25","slug":"koenigshaus-1997","status":"publish","type":"page","link":"https:\/\/johannes-schuetzen.de\/?page_id=338","title":{"rendered":"K\u00f6nigshaus 1997"},"content":{"rendered":"<p><img  title=\"\" decoding=\"async\" src=\"https:\/\/johannes-schuetzen.de\/wp-content\/uploads\/2014\/05\/Koenigshaus-1997.jpg\"  alt=\"Koenigshaus-1997 K\u00f6nigshaus 1997\"  \/><\/p>\n<table>\n<tr>\n<td>K\u00f6nigspaar<\/td>\n<td>Leo \u2020 und Carla Mertens<\/td>\n<\/tr>\n<tr>\n<td>Ministerpaare<\/td>\n<td>Hubert und Marlene Artz<\/td>\n<\/tr>\n<tr>\n<td><\/td>\n<td>Hermann und Maria Thees<\/td>\n<\/tr>\n<tr>\n<td>K\u00f6nigsoffizier<\/td>\n<td>Johannes und Hildegard Hegger<\/td>\n<\/tr>\n<tr>\n<td>K\u00f6nigsgruppe<\/td>\n<td>Obercl\u00f6rath<\/td>\n<\/tr>\n<\/table>\n<p><a href=\"https:\/\/johannes-schuetzen.de\/?page_id=1191\" title=\"K\u00f6nigsh\u00e4user 1990 - 1999\">zur\u00fcck zur \u00dcbersicht<\/a><\/p>\n","protected":false},"excerpt":{"rendered":"<p>K\u00f6nigspaar Leo \u2020 und Carla Mertens Ministerpaare Hubert und Marlene Artz Hermann und Maria Thees K\u00f6nigsoffizier Johannes und Hildegard Hegger K\u00f6nigsgruppe Obercl\u00f6rath zur\u00fcck zur \u00dcbersicht<\/p>\n","protected":false},"author":1,"featured_media":0,"parent":1191,"menu_order":0,"comment_status":"closed","ping_status":"closed","template":"onecolumn-page.php","meta":{"footnotes":""},"class_list":["post-338","page","type-page","status-publish","hentry"],"_links":{"self":[{"href":"https:\/\/johannes-schuetzen.de\/index.php?rest_route=\/wp\/v2\/pages\/338","targetHints":{"allow":["GET"]}}],"collection":[{"href":"https:\/\/johannes-schuetzen.de\/index.php?rest_route=\/wp\/v2\/pages"}],"about":[{"href":"https:\/\/johannes-schuetzen.de\/index.php?rest_route=\/wp\/v2\/types\/page"}],"author":[{"embeddable":true,"href":"https:\/\/johannes-schuetzen.de\/index.php?rest_route=\/wp\/v2\/users\/1"}],"replies":[{"embeddable":true,"href":"https:\/\/johannes-schuetzen.de\/index.php?rest_route=%2Fwp%2Fv2%2Fcomments&post=338"}],"version-history":[{"count":3,"href":"https:\/\/johannes-schuetzen.de\/index.php?rest_route=\/wp\/v2\/pages\/338\/revisions"}],"predecessor-version":[{"id":1232,"href":"https:\/\/johannes-schuetzen.de\/index.php?rest_route=\/wp\/v2\/pages\/338\/revisions\/1232"}],"up":[{"embeddable":true,"href":"https:\/\/johannes-schuetzen.de\/index.php?rest_route=\/wp\/v2\/pages\/1191"}],"wp:attachment":[{"href":"https:\/\/johannes-schuetzen.de\/index.php?rest_route=%2Fwp%2Fv2%2Fmedia&parent=338"}],"curies":[{"name":"wp","href":"https:\/\/api.w.org\/{rel}","templated":true}]}}