{"id":343,"date":"2013-08-31T16:13:11","date_gmt":"2013-08-31T14:13:11","guid":{"rendered":"http:\/\/www.johannes-schuetzen.de\/?page_id=343"},"modified":"2025-05-22T17:04:26","modified_gmt":"2025-05-22T15:04:26","slug":"koenigshaus-1995","status":"publish","type":"page","link":"https:\/\/johannes-schuetzen.de\/?page_id=343","title":{"rendered":"K\u00f6nigshaus 1995"},"content":{"rendered":"<p><img  title=\"\" decoding=\"async\" src=\"https:\/\/johannes-schuetzen.de\/wp-content\/uploads\/2014\/05\/Koenigshaus-1995.jpg\"  alt=\"Koenigshaus-1995 K\u00f6nigshaus 1995\"  \/><\/p>\n<table>\n<tbody>\n<tr>\n<td>K\u00f6nigspaar<\/td>\n<td>Hans-Albert und Birgit M\u00fcller<\/td>\n<\/tr>\n<tr>\n<td>Ministerpaare<\/td>\n<td>Manfred \u2020 und Elisabeth \u2020 Klosowski<\/td>\n<\/tr>\n<tr>\n<td><\/td>\n<td>Rudolf \u2020 und Marianne Manns<\/td>\n<\/tr>\n<tr>\n<td>K\u00f6nigsoffizier<\/td>\n<td>Heiner und Marion Schmitz<\/td>\n<\/tr>\n<tr>\n<td>K\u00f6nigsgruppe<\/td>\n<td>Mediziner<\/td>\n<\/tr>\n<\/tbody>\n<\/table>\n<p><a title=\"K\u00f6nigsh\u00e4user 1990 - 1999\" href=\"https:\/\/johannes-schuetzen.de\/?page_id=1191\">zur\u00fcck zur \u00dcbersicht<\/a><\/p>\n","protected":false},"excerpt":{"rendered":"<p>K\u00f6nigspaar Hans-Albert und Birgit M\u00fcller Ministerpaare Manfred \u2020 und Elisabeth \u2020 Klosowski Rudolf \u2020 und Marianne Manns K\u00f6nigsoffizier Heiner und Marion Schmitz K\u00f6nigsgruppe Mediziner zur\u00fcck zur \u00dcbersicht<\/p>\n","protected":false},"author":1,"featured_media":0,"parent":1191,"menu_order":0,"comment_status":"closed","ping_status":"closed","template":"","meta":{"footnotes":""},"class_list":["post-343","page","type-page","status-publish","hentry"],"_links":{"self":[{"href":"https:\/\/johannes-schuetzen.de\/index.php?rest_route=\/wp\/v2\/pages\/343","targetHints":{"allow":["GET"]}}],"collection":[{"href":"https:\/\/johannes-schuetzen.de\/index.php?rest_route=\/wp\/v2\/pages"}],"about":[{"href":"https:\/\/johannes-schuetzen.de\/index.php?rest_route=\/wp\/v2\/types\/page"}],"author":[{"embeddable":true,"href":"https:\/\/johannes-schuetzen.de\/index.php?rest_route=\/wp\/v2\/users\/1"}],"replies":[{"embeddable":true,"href":"https:\/\/johannes-schuetzen.de\/index.php?rest_route=%2Fwp%2Fv2%2Fcomments&post=343"}],"version-history":[{"count":3,"href":"https:\/\/johannes-schuetzen.de\/index.php?rest_route=\/wp\/v2\/pages\/343\/revisions"}],"predecessor-version":[{"id":2949,"href":"https:\/\/johannes-schuetzen.de\/index.php?rest_route=\/wp\/v2\/pages\/343\/revisions\/2949"}],"up":[{"embeddable":true,"href":"https:\/\/johannes-schuetzen.de\/index.php?rest_route=\/wp\/v2\/pages\/1191"}],"wp:attachment":[{"href":"https:\/\/johannes-schuetzen.de\/index.php?rest_route=%2Fwp%2Fv2%2Fmedia&parent=343"}],"curies":[{"name":"wp","href":"https:\/\/api.w.org\/{rel}","templated":true}]}}