{"id":345,"date":"2013-08-31T16:13:27","date_gmt":"2013-08-31T14:13:27","guid":{"rendered":"http:\/\/www.johannes-schuetzen.de\/?page_id=345"},"modified":"2016-04-19T15:55:23","modified_gmt":"2016-04-19T13:55:23","slug":"koenigshaus-1994","status":"publish","type":"page","link":"https:\/\/johannes-schuetzen.de\/?page_id=345","title":{"rendered":"K\u00f6nigshaus 1994"},"content":{"rendered":"<p><img  title=\"\" decoding=\"async\" src=\"https:\/\/johannes-schuetzen.de\/wp-content\/uploads\/2014\/05\/Koenigshaus-1994.jpg\"  alt=\"Koenigshaus-1994 K\u00f6nigshaus 1994\"  \/><\/p>\n<table>\n<tr>\n<td>K\u00f6nigspaar<\/td>\n<td>Willi Huppertz \u2020<\/td>\n<\/tr>\n<tr>\n<td>Hofdamen<\/td>\n<td>Sandra Gietmann und Andrea Ditzen<\/td>\n<tr>\n<td>Ministerpaare<\/td>\n<td>Josef \u2020 und Helga \u2020 Borger<\/td>\n<\/tr>\n<tr>\n<td><\/td>\n<td>Helmut und Helga Gietmann<\/td>\n<\/tr>\n<tr>\n<td>K\u00f6nigsoffizier<\/td>\n<td>Heinz Josef und Angelika Borger<\/td>\n<\/tr>\n<tr>\n<td>K\u00f6nigsgruppe<\/td>\n<td>B\u00fcrgerwehr<\/td>\n<\/tr>\n<\/table>\n<p><a href=\"https:\/\/johannes-schuetzen.de\/?page_id=1191\" title=\"K\u00f6nigsh\u00e4user 1990 - 1999\">zur\u00fcck zur \u00dcbersicht<\/a><\/p>\n","protected":false},"excerpt":{"rendered":"<p>K\u00f6nigspaar Willi Huppertz \u2020 Hofdamen Sandra Gietmann und Andrea Ditzen Ministerpaare Josef \u2020 und Helga \u2020 Borger Helmut und Helga Gietmann K\u00f6nigsoffizier Heinz Josef und Angelika Borger K\u00f6nigsgruppe B\u00fcrgerwehr zur\u00fcck zur \u00dcbersicht<\/p>\n","protected":false},"author":1,"featured_media":0,"parent":1191,"menu_order":0,"comment_status":"closed","ping_status":"closed","template":"onecolumn-page.php","meta":{"footnotes":""},"class_list":["post-345","page","type-page","status-publish","hentry"],"_links":{"self":[{"href":"https:\/\/johannes-schuetzen.de\/index.php?rest_route=\/wp\/v2\/pages\/345","targetHints":{"allow":["GET"]}}],"collection":[{"href":"https:\/\/johannes-schuetzen.de\/index.php?rest_route=\/wp\/v2\/pages"}],"about":[{"href":"https:\/\/johannes-schuetzen.de\/index.php?rest_route=\/wp\/v2\/types\/page"}],"author":[{"embeddable":true,"href":"https:\/\/johannes-schuetzen.de\/index.php?rest_route=\/wp\/v2\/users\/1"}],"replies":[{"embeddable":true,"href":"https:\/\/johannes-schuetzen.de\/index.php?rest_route=%2Fwp%2Fv2%2Fcomments&post=345"}],"version-history":[{"count":4,"href":"https:\/\/johannes-schuetzen.de\/index.php?rest_route=\/wp\/v2\/pages\/345\/revisions"}],"predecessor-version":[{"id":1229,"href":"https:\/\/johannes-schuetzen.de\/index.php?rest_route=\/wp\/v2\/pages\/345\/revisions\/1229"}],"up":[{"embeddable":true,"href":"https:\/\/johannes-schuetzen.de\/index.php?rest_route=\/wp\/v2\/pages\/1191"}],"wp:attachment":[{"href":"https:\/\/johannes-schuetzen.de\/index.php?rest_route=%2Fwp%2Fv2%2Fmedia&parent=345"}],"curies":[{"name":"wp","href":"https:\/\/api.w.org\/{rel}","templated":true}]}}