{"id":354,"date":"2013-08-31T16:15:54","date_gmt":"2013-08-31T14:15:54","guid":{"rendered":"http:\/\/www.johannes-schuetzen.de\/?page_id=354"},"modified":"2016-04-19T15:49:48","modified_gmt":"2016-04-19T13:49:48","slug":"koenigshaus-1990","status":"publish","type":"page","link":"https:\/\/johannes-schuetzen.de\/?page_id=354","title":{"rendered":"K\u00f6nigshaus 1990"},"content":{"rendered":"<p><img  title=\"\" decoding=\"async\" src=\"https:\/\/johannes-schuetzen.de\/wp-content\/uploads\/2014\/05\/Koenigshaus-1990.jpg\"  alt=\"Koenigshaus-1990 K\u00f6nigshaus 1990\"  \/><\/p>\n<table>\n<tr>\n<td>K\u00f6nigspaar<\/td>\n<td>Dieter und Brigitte Heldt<\/td>\n<\/tr>\n<tr>\n<td>Ministerpaare<\/td>\n<td>Heinz und Emmy Linden<\/td>\n<\/tr>\n<tr>\n<td><\/td>\n<td>Adolf \u2020 und Inge Pannen<\/td>\n<\/tr>\n<tr>\n<td>K\u00f6nigsoffizier<\/td>\n<td>Wilhelm \u2020 und Margot Butzbach<\/td>\n<\/tr>\n<tr>\n<td>K\u00f6nigsgruppe<\/td>\n<td>Blaue Jonges<\/td>\n<\/tr>\n<\/table>\n<p><a href=\"https:\/\/johannes-schuetzen.de\/?page_id=1191\" title=\"K\u00f6nigsh\u00e4user 1990 - 1999\">zur\u00fcck zur \u00dcbersicht<\/a><\/p>\n","protected":false},"excerpt":{"rendered":"<p>K\u00f6nigspaar Dieter und Brigitte Heldt Ministerpaare Heinz und Emmy Linden Adolf \u2020 und Inge Pannen K\u00f6nigsoffizier Wilhelm \u2020 und Margot Butzbach K\u00f6nigsgruppe Blaue Jonges zur\u00fcck zur \u00dcbersicht<\/p>\n","protected":false},"author":1,"featured_media":0,"parent":1191,"menu_order":0,"comment_status":"closed","ping_status":"closed","template":"onecolumn-page.php","meta":{"footnotes":""},"class_list":["post-354","page","type-page","status-publish","hentry"],"_links":{"self":[{"href":"https:\/\/johannes-schuetzen.de\/index.php?rest_route=\/wp\/v2\/pages\/354","targetHints":{"allow":["GET"]}}],"collection":[{"href":"https:\/\/johannes-schuetzen.de\/index.php?rest_route=\/wp\/v2\/pages"}],"about":[{"href":"https:\/\/johannes-schuetzen.de\/index.php?rest_route=\/wp\/v2\/types\/page"}],"author":[{"embeddable":true,"href":"https:\/\/johannes-schuetzen.de\/index.php?rest_route=\/wp\/v2\/users\/1"}],"replies":[{"embeddable":true,"href":"https:\/\/johannes-schuetzen.de\/index.php?rest_route=%2Fwp%2Fv2%2Fcomments&post=354"}],"version-history":[{"count":2,"href":"https:\/\/johannes-schuetzen.de\/index.php?rest_route=\/wp\/v2\/pages\/354\/revisions"}],"predecessor-version":[{"id":1225,"href":"https:\/\/johannes-schuetzen.de\/index.php?rest_route=\/wp\/v2\/pages\/354\/revisions\/1225"}],"up":[{"embeddable":true,"href":"https:\/\/johannes-schuetzen.de\/index.php?rest_route=\/wp\/v2\/pages\/1191"}],"wp:attachment":[{"href":"https:\/\/johannes-schuetzen.de\/index.php?rest_route=%2Fwp%2Fv2%2Fmedia&parent=354"}],"curies":[{"name":"wp","href":"https:\/\/api.w.org\/{rel}","templated":true}]}}