{"id":357,"date":"2013-08-31T16:17:52","date_gmt":"2013-08-31T14:17:52","guid":{"rendered":"http:\/\/www.johannes-schuetzen.de\/?page_id=357"},"modified":"2016-04-19T15:48:38","modified_gmt":"2016-04-19T13:48:38","slug":"koenigshaus-1989","status":"publish","type":"page","link":"https:\/\/johannes-schuetzen.de\/?page_id=357","title":{"rendered":"K\u00f6nigshaus 1989"},"content":{"rendered":"<p><img  title=\"\" decoding=\"async\" src=\"https:\/\/johannes-schuetzen.de\/wp-content\/uploads\/2014\/05\/Koenigshaus-1989.jpg\"  alt=\"Koenigshaus-1989 K\u00f6nigshaus 1989\"  \/><\/p>\n<table>\n<tr>\n<td>K\u00f6nigspaar<\/td>\n<td>Manfred und Stefanie Teckenburg<\/td>\n<\/tr>\n<tr>\n<td>Ministerpaare<\/td>\n<td>Michael und Nicoletta Teckenburg<\/td>\n<\/tr>\n<tr>\n<td><\/td>\n<td>Olaf Teckenburg und Sabine Lennertz<\/td>\n<\/tr>\n<tr>\n<td>K\u00f6nigsoffizier<\/td>\n<td>J\u00fcrgen und Sabine Meurer<\/td>\n<\/tr>\n<tr>\n<td>K\u00f6nigsgruppe<\/td>\n<td>Fidele Jonges<\/td>\n<\/tr>\n<\/table>\n<p><a href=\"https:\/\/johannes-schuetzen.de\/?page_id=1193\" title=\"K\u00f6nigsh\u00e4user 1980 - 1989\">zur\u00fcck zur \u00dcbersicht<\/a><\/p>\n","protected":false},"excerpt":{"rendered":"<p>K\u00f6nigspaar Manfred und Stefanie Teckenburg Ministerpaare Michael und Nicoletta Teckenburg Olaf Teckenburg und Sabine Lennertz K\u00f6nigsoffizier J\u00fcrgen und Sabine Meurer K\u00f6nigsgruppe Fidele Jonges zur\u00fcck zur \u00dcbersicht<\/p>\n","protected":false},"author":1,"featured_media":0,"parent":1193,"menu_order":0,"comment_status":"closed","ping_status":"closed","template":"onecolumn-page.php","meta":{"footnotes":""},"class_list":["post-357","page","type-page","status-publish","hentry"],"_links":{"self":[{"href":"https:\/\/johannes-schuetzen.de\/index.php?rest_route=\/wp\/v2\/pages\/357","targetHints":{"allow":["GET"]}}],"collection":[{"href":"https:\/\/johannes-schuetzen.de\/index.php?rest_route=\/wp\/v2\/pages"}],"about":[{"href":"https:\/\/johannes-schuetzen.de\/index.php?rest_route=\/wp\/v2\/types\/page"}],"author":[{"embeddable":true,"href":"https:\/\/johannes-schuetzen.de\/index.php?rest_route=\/wp\/v2\/users\/1"}],"replies":[{"embeddable":true,"href":"https:\/\/johannes-schuetzen.de\/index.php?rest_route=%2Fwp%2Fv2%2Fcomments&post=357"}],"version-history":[{"count":2,"href":"https:\/\/johannes-schuetzen.de\/index.php?rest_route=\/wp\/v2\/pages\/357\/revisions"}],"predecessor-version":[{"id":1224,"href":"https:\/\/johannes-schuetzen.de\/index.php?rest_route=\/wp\/v2\/pages\/357\/revisions\/1224"}],"up":[{"embeddable":true,"href":"https:\/\/johannes-schuetzen.de\/index.php?rest_route=\/wp\/v2\/pages\/1193"}],"wp:attachment":[{"href":"https:\/\/johannes-schuetzen.de\/index.php?rest_route=%2Fwp%2Fv2%2Fmedia&parent=357"}],"curies":[{"name":"wp","href":"https:\/\/api.w.org\/{rel}","templated":true}]}}