{"id":359,"date":"2013-08-31T16:18:07","date_gmt":"2013-08-31T14:18:07","guid":{"rendered":"http:\/\/www.johannes-schuetzen.de\/?page_id=359"},"modified":"2016-04-19T15:48:08","modified_gmt":"2016-04-19T13:48:08","slug":"koenigshaus-1988","status":"publish","type":"page","link":"https:\/\/johannes-schuetzen.de\/?page_id=359","title":{"rendered":"K\u00f6nigshaus 1988"},"content":{"rendered":"<p><img  title=\"\" decoding=\"async\" src=\"https:\/\/johannes-schuetzen.de\/wp-content\/uploads\/2014\/05\/Koenigshaus-1988.jpg\"  alt=\"Koenigshaus-1988 K\u00f6nigshaus 1988\"  \/><\/p>\n<table>\n<tr>\n<td>K\u00f6nigspaar<\/td>\n<td>Helmut und Helga Gietmann<\/td>\n<\/tr>\n<tr>\n<td>Ministerpaare<\/td>\n<td>Ferdinand und Helga B\u00f6ddecker<\/td>\n<\/tr>\n<tr>\n<td><\/td>\n<td>Dieter und Hermine Busch<\/td>\n<\/tr>\n<tr>\n<td>K\u00f6nigsoffizier<\/td>\n<td>Willi \u2020 und Magdalene \u2020 Huppertz<\/td>\n<\/tr>\n<tr>\n<td>K\u00f6nigsgruppe<\/td>\n<td>Fahnengruppe<\/td>\n<\/tr>\n<\/table>\n<p><a href=\"https:\/\/johannes-schuetzen.de\/?page_id=1193\" title=\"K\u00f6nigsh\u00e4user 1980 - 1989\">zur\u00fcck zur \u00dcbersicht<\/a><\/p>\n","protected":false},"excerpt":{"rendered":"<p>K\u00f6nigspaar Helmut und Helga Gietmann Ministerpaare Ferdinand und Helga B\u00f6ddecker Dieter und Hermine Busch K\u00f6nigsoffizier Willi \u2020 und Magdalene \u2020 Huppertz K\u00f6nigsgruppe Fahnengruppe zur\u00fcck zur \u00dcbersicht<\/p>\n","protected":false},"author":1,"featured_media":0,"parent":1193,"menu_order":0,"comment_status":"closed","ping_status":"closed","template":"onecolumn-page.php","meta":{"footnotes":""},"class_list":["post-359","page","type-page","status-publish","hentry"],"_links":{"self":[{"href":"https:\/\/johannes-schuetzen.de\/index.php?rest_route=\/wp\/v2\/pages\/359","targetHints":{"allow":["GET"]}}],"collection":[{"href":"https:\/\/johannes-schuetzen.de\/index.php?rest_route=\/wp\/v2\/pages"}],"about":[{"href":"https:\/\/johannes-schuetzen.de\/index.php?rest_route=\/wp\/v2\/types\/page"}],"author":[{"embeddable":true,"href":"https:\/\/johannes-schuetzen.de\/index.php?rest_route=\/wp\/v2\/users\/1"}],"replies":[{"embeddable":true,"href":"https:\/\/johannes-schuetzen.de\/index.php?rest_route=%2Fwp%2Fv2%2Fcomments&post=359"}],"version-history":[{"count":2,"href":"https:\/\/johannes-schuetzen.de\/index.php?rest_route=\/wp\/v2\/pages\/359\/revisions"}],"predecessor-version":[{"id":1223,"href":"https:\/\/johannes-schuetzen.de\/index.php?rest_route=\/wp\/v2\/pages\/359\/revisions\/1223"}],"up":[{"embeddable":true,"href":"https:\/\/johannes-schuetzen.de\/index.php?rest_route=\/wp\/v2\/pages\/1193"}],"wp:attachment":[{"href":"https:\/\/johannes-schuetzen.de\/index.php?rest_route=%2Fwp%2Fv2%2Fmedia&parent=359"}],"curies":[{"name":"wp","href":"https:\/\/api.w.org\/{rel}","templated":true}]}}