{"id":361,"date":"2013-08-31T16:18:23","date_gmt":"2013-08-31T14:18:23","guid":{"rendered":"http:\/\/www.johannes-schuetzen.de\/?page_id=361"},"modified":"2016-04-19T15:38:53","modified_gmt":"2016-04-19T13:38:53","slug":"koenigshaus-1987","status":"publish","type":"page","link":"https:\/\/johannes-schuetzen.de\/?page_id=361","title":{"rendered":"K\u00f6nigshaus 1987"},"content":{"rendered":"<p><img  title=\"\" decoding=\"async\" src=\"https:\/\/johannes-schuetzen.de\/wp-content\/uploads\/2014\/05\/Koenigshaus-1987.jpg\"  alt=\"Koenigshaus-1987 K\u00f6nigshaus 1987\"  \/><\/p>\n<table>\n<tr>\n<td>K\u00f6nigspaar<\/td>\n<td>Wilhelm \u2020 und Margot Butzbach<\/td>\n<\/tr>\n<tr>\n<td>Ministerpaare<\/td>\n<td>Dieter und Helga Breuer<\/td>\n<\/tr>\n<tr>\n<td><\/td>\n<td>Adolf \u2020 und Inge Pannen<\/td>\n<\/tr>\n<tr>\n<td>K\u00f6nigsoffizier<\/td>\n<td>Adolf und Renate Heinze<\/td>\n<\/tr>\n<tr>\n<td>K\u00f6nigsgruppe<\/td>\n<td>Blaue Jonges<\/td>\n<\/tr>\n<\/table>\n<p><a href=\"https:\/\/johannes-schuetzen.de\/?page_id=1193\" title=\"K\u00f6nigsh\u00e4user 1980 - 1989\">zur\u00fcck zur \u00dcbersicht<\/a><\/p>\n","protected":false},"excerpt":{"rendered":"<p>K\u00f6nigspaar Wilhelm \u2020 und Margot Butzbach Ministerpaare Dieter und Helga Breuer Adolf \u2020 und Inge Pannen K\u00f6nigsoffizier Adolf und Renate Heinze K\u00f6nigsgruppe Blaue Jonges zur\u00fcck zur \u00dcbersicht<\/p>\n","protected":false},"author":1,"featured_media":0,"parent":1193,"menu_order":0,"comment_status":"closed","ping_status":"closed","template":"onecolumn-page.php","meta":{"footnotes":""},"class_list":["post-361","page","type-page","status-publish","hentry"],"_links":{"self":[{"href":"https:\/\/johannes-schuetzen.de\/index.php?rest_route=\/wp\/v2\/pages\/361","targetHints":{"allow":["GET"]}}],"collection":[{"href":"https:\/\/johannes-schuetzen.de\/index.php?rest_route=\/wp\/v2\/pages"}],"about":[{"href":"https:\/\/johannes-schuetzen.de\/index.php?rest_route=\/wp\/v2\/types\/page"}],"author":[{"embeddable":true,"href":"https:\/\/johannes-schuetzen.de\/index.php?rest_route=\/wp\/v2\/users\/1"}],"replies":[{"embeddable":true,"href":"https:\/\/johannes-schuetzen.de\/index.php?rest_route=%2Fwp%2Fv2%2Fcomments&post=361"}],"version-history":[{"count":2,"href":"https:\/\/johannes-schuetzen.de\/index.php?rest_route=\/wp\/v2\/pages\/361\/revisions"}],"predecessor-version":[{"id":1221,"href":"https:\/\/johannes-schuetzen.de\/index.php?rest_route=\/wp\/v2\/pages\/361\/revisions\/1221"}],"up":[{"embeddable":true,"href":"https:\/\/johannes-schuetzen.de\/index.php?rest_route=\/wp\/v2\/pages\/1193"}],"wp:attachment":[{"href":"https:\/\/johannes-schuetzen.de\/index.php?rest_route=%2Fwp%2Fv2%2Fmedia&parent=361"}],"curies":[{"name":"wp","href":"https:\/\/api.w.org\/{rel}","templated":true}]}}