{"id":366,"date":"2013-08-31T16:20:31","date_gmt":"2013-08-31T14:20:31","guid":{"rendered":"http:\/\/www.johannes-schuetzen.de\/?page_id=366"},"modified":"2025-06-13T09:13:08","modified_gmt":"2025-06-13T07:13:08","slug":"koenigshaus-1985","status":"publish","type":"page","link":"https:\/\/johannes-schuetzen.de\/?page_id=366","title":{"rendered":"K\u00f6nigshaus 1985"},"content":{"rendered":"<p><img  title=\"\" decoding=\"async\" src=\"https:\/\/johannes-schuetzen.de\/wp-content\/uploads\/2014\/05\/Koenigshaus-1985.jpg\"  alt=\"Koenigshaus-1985 K\u00f6nigshaus 1985\"  \/><\/p>\n<table>\n<tbody>\n<tr>\n<td>K\u00f6nigspaar<\/td>\n<td>Manfred \u2020 und Rosie Lier<\/td>\n<\/tr>\n<tr>\n<td>Ministerpaare<\/td>\n<td>Mathias und Adeltraud \u2020 Doppstadt<\/td>\n<\/tr>\n<tr>\n<td><\/td>\n<td>Edmund \u2020 und K\u00e4the Lier<\/td>\n<\/tr>\n<tr>\n<td>K\u00f6nigsoffizier<\/td>\n<td>Peter \u2020 und Mathilde K\u00f6ttelwesch<\/td>\n<\/tr>\n<tr>\n<td>K\u00f6nigsgruppe<\/td>\n<td>Fahnengruppe<\/td>\n<\/tr>\n<\/tbody>\n<\/table>\n<p><a title=\"K\u00f6nigsh\u00e4user 1980 - 1989\" href=\"https:\/\/johannes-schuetzen.de\/?page_id=1193\">zur\u00fcck zur \u00dcbersicht<\/a><\/p>\n","protected":false},"excerpt":{"rendered":"<p>K\u00f6nigspaar Manfred \u2020 und Rosie Lier Ministerpaare Mathias und Adeltraud \u2020 Doppstadt Edmund \u2020 und K\u00e4the Lier K\u00f6nigsoffizier Peter \u2020 und Mathilde K\u00f6ttelwesch K\u00f6nigsgruppe Fahnengruppe zur\u00fcck zur \u00dcbersicht<\/p>\n","protected":false},"author":1,"featured_media":0,"parent":1193,"menu_order":0,"comment_status":"closed","ping_status":"closed","template":"","meta":{"footnotes":""},"class_list":["post-366","page","type-page","status-publish","hentry"],"_links":{"self":[{"href":"https:\/\/johannes-schuetzen.de\/index.php?rest_route=\/wp\/v2\/pages\/366","targetHints":{"allow":["GET"]}}],"collection":[{"href":"https:\/\/johannes-schuetzen.de\/index.php?rest_route=\/wp\/v2\/pages"}],"about":[{"href":"https:\/\/johannes-schuetzen.de\/index.php?rest_route=\/wp\/v2\/types\/page"}],"author":[{"embeddable":true,"href":"https:\/\/johannes-schuetzen.de\/index.php?rest_route=\/wp\/v2\/users\/1"}],"replies":[{"embeddable":true,"href":"https:\/\/johannes-schuetzen.de\/index.php?rest_route=%2Fwp%2Fv2%2Fcomments&post=366"}],"version-history":[{"count":7,"href":"https:\/\/johannes-schuetzen.de\/index.php?rest_route=\/wp\/v2\/pages\/366\/revisions"}],"predecessor-version":[{"id":2982,"href":"https:\/\/johannes-schuetzen.de\/index.php?rest_route=\/wp\/v2\/pages\/366\/revisions\/2982"}],"up":[{"embeddable":true,"href":"https:\/\/johannes-schuetzen.de\/index.php?rest_route=\/wp\/v2\/pages\/1193"}],"wp:attachment":[{"href":"https:\/\/johannes-schuetzen.de\/index.php?rest_route=%2Fwp%2Fv2%2Fmedia&parent=366"}],"curies":[{"name":"wp","href":"https:\/\/api.w.org\/{rel}","templated":true}]}}