{"id":368,"date":"2013-08-31T16:20:52","date_gmt":"2013-08-31T14:20:52","guid":{"rendered":"http:\/\/www.johannes-schuetzen.de\/?page_id=368"},"modified":"2016-04-19T15:35:15","modified_gmt":"2016-04-19T13:35:15","slug":"koenigshaus-1984","status":"publish","type":"page","link":"https:\/\/johannes-schuetzen.de\/?page_id=368","title":{"rendered":"K\u00f6nigshaus 1984"},"content":{"rendered":"<p><img  title=\"\" decoding=\"async\" src=\"https:\/\/johannes-schuetzen.de\/wp-content\/uploads\/2014\/05\/Koenigshaus-1984-Hardt.jpg\"  alt=\"Koenigshaus-1984-Hardt K\u00f6nigshaus 1984\"  \/><\/p>\n<table>\n<tr>\n<td>K\u00f6nigspaar<\/td>\n<td>Hans \u2020 und Wilma Hardt<\/td>\n<\/tr>\n<tr>\n<td>Ministerpaare<\/td>\n<td>Wilhelm \u2020 und Margot Butzbach<\/td>\n<\/tr>\n<tr>\n<td><\/td>\n<td>Hans und Hilde Steeg<\/td>\n<\/tr>\n<tr>\n<td>K\u00f6nigsgruppe<\/td>\n<td>Blaue Jonges<\/td>\n<\/tr>\n<\/table>\n<p>Jakob Snellen verstarb nach Erringung der Kaiserw\u00fcrde noch vor dem Sch\u00fctzenfest 1984. An seiner Stelle \u00fcbernahm Hans Hardt die K\u00f6nigsw\u00fcrde.<br \/>\n<img  title=\"\" decoding=\"async\" src=\"https:\/\/johannes-schuetzen.de\/wp-content\/uploads\/2014\/05\/Koenigshaus-1984-Snellen.jpg\"  alt=\"Koenigshaus-1984-Snellen K\u00f6nigshaus 1984\"  \/><br \/>\n<a href=\"https:\/\/johannes-schuetzen.de\/?page_id=1193\" title=\"K\u00f6nigsh\u00e4user 1980 - 1989\">zur\u00fcck zur \u00dcbersicht<\/a><\/p>\n","protected":false},"excerpt":{"rendered":"<p>K\u00f6nigspaar Hans \u2020 und Wilma Hardt Ministerpaare Wilhelm \u2020 und Margot Butzbach Hans und Hilde Steeg K\u00f6nigsgruppe Blaue Jonges Jakob Snellen verstarb nach Erringung der Kaiserw\u00fcrde noch vor dem Sch\u00fctzenfest 1984. An seiner Stelle \u00fcbernahm Hans Hardt die K\u00f6nigsw\u00fcrde. zur\u00fcck zur \u00dcbersicht<\/p>\n","protected":false},"author":1,"featured_media":0,"parent":1193,"menu_order":0,"comment_status":"closed","ping_status":"closed","template":"onecolumn-page.php","meta":{"footnotes":""},"class_list":["post-368","page","type-page","status-publish","hentry"],"_links":{"self":[{"href":"https:\/\/johannes-schuetzen.de\/index.php?rest_route=\/wp\/v2\/pages\/368","targetHints":{"allow":["GET"]}}],"collection":[{"href":"https:\/\/johannes-schuetzen.de\/index.php?rest_route=\/wp\/v2\/pages"}],"about":[{"href":"https:\/\/johannes-schuetzen.de\/index.php?rest_route=\/wp\/v2\/types\/page"}],"author":[{"embeddable":true,"href":"https:\/\/johannes-schuetzen.de\/index.php?rest_route=\/wp\/v2\/users\/1"}],"replies":[{"embeddable":true,"href":"https:\/\/johannes-schuetzen.de\/index.php?rest_route=%2Fwp%2Fv2%2Fcomments&post=368"}],"version-history":[{"count":4,"href":"https:\/\/johannes-schuetzen.de\/index.php?rest_route=\/wp\/v2\/pages\/368\/revisions"}],"predecessor-version":[{"id":1218,"href":"https:\/\/johannes-schuetzen.de\/index.php?rest_route=\/wp\/v2\/pages\/368\/revisions\/1218"}],"up":[{"embeddable":true,"href":"https:\/\/johannes-schuetzen.de\/index.php?rest_route=\/wp\/v2\/pages\/1193"}],"wp:attachment":[{"href":"https:\/\/johannes-schuetzen.de\/index.php?rest_route=%2Fwp%2Fv2%2Fmedia&parent=368"}],"curies":[{"name":"wp","href":"https:\/\/api.w.org\/{rel}","templated":true}]}}