{"id":370,"date":"2013-08-31T16:21:13","date_gmt":"2013-08-31T14:21:13","guid":{"rendered":"http:\/\/www.johannes-schuetzen.de\/?page_id=370"},"modified":"2016-04-19T15:34:17","modified_gmt":"2016-04-19T13:34:17","slug":"koenigshaus-1983","status":"publish","type":"page","link":"https:\/\/johannes-schuetzen.de\/?page_id=370","title":{"rendered":"K\u00f6nigshaus 1983"},"content":{"rendered":"<p><img  title=\"\" decoding=\"async\" src=\"https:\/\/johannes-schuetzen.de\/wp-content\/uploads\/2014\/05\/Koenigshaus-1983.jpg\"  alt=\"Koenigshaus-1983 K\u00f6nigshaus 1983\"  \/><\/p>\n<table>\n<tr>\n<td>K\u00f6nigspaar<\/td>\n<td>Herbert und Brigitte Nodhart<\/td>\n<\/tr>\n<tr>\n<td>Ministerpaare<\/td>\n<td>Karl und Annegrete Melchers<\/td>\n<\/tr>\n<tr>\n<td><\/td>\n<td>Ernst und Ulla Belk<\/td>\n<\/tr>\n<tr>\n<td>K\u00f6nigsgruppe<\/td>\n<td>Obercl\u00f6rath<\/td>\n<\/tr>\n<\/table>\n<p><a href=\"https:\/\/johannes-schuetzen.de\/?page_id=1193\" title=\"K\u00f6nigsh\u00e4user 1980 - 1989\">zur\u00fcck zur \u00dcbersicht<\/a><\/p>\n","protected":false},"excerpt":{"rendered":"<p>K\u00f6nigspaar Herbert und Brigitte Nodhart Ministerpaare Karl und Annegrete Melchers Ernst und Ulla Belk K\u00f6nigsgruppe Obercl\u00f6rath zur\u00fcck zur \u00dcbersicht<\/p>\n","protected":false},"author":1,"featured_media":0,"parent":1193,"menu_order":0,"comment_status":"closed","ping_status":"closed","template":"onecolumn-page.php","meta":{"footnotes":""},"class_list":["post-370","page","type-page","status-publish","hentry"],"_links":{"self":[{"href":"https:\/\/johannes-schuetzen.de\/index.php?rest_route=\/wp\/v2\/pages\/370","targetHints":{"allow":["GET"]}}],"collection":[{"href":"https:\/\/johannes-schuetzen.de\/index.php?rest_route=\/wp\/v2\/pages"}],"about":[{"href":"https:\/\/johannes-schuetzen.de\/index.php?rest_route=\/wp\/v2\/types\/page"}],"author":[{"embeddable":true,"href":"https:\/\/johannes-schuetzen.de\/index.php?rest_route=\/wp\/v2\/users\/1"}],"replies":[{"embeddable":true,"href":"https:\/\/johannes-schuetzen.de\/index.php?rest_route=%2Fwp%2Fv2%2Fcomments&post=370"}],"version-history":[{"count":2,"href":"https:\/\/johannes-schuetzen.de\/index.php?rest_route=\/wp\/v2\/pages\/370\/revisions"}],"predecessor-version":[{"id":1217,"href":"https:\/\/johannes-schuetzen.de\/index.php?rest_route=\/wp\/v2\/pages\/370\/revisions\/1217"}],"up":[{"embeddable":true,"href":"https:\/\/johannes-schuetzen.de\/index.php?rest_route=\/wp\/v2\/pages\/1193"}],"wp:attachment":[{"href":"https:\/\/johannes-schuetzen.de\/index.php?rest_route=%2Fwp%2Fv2%2Fmedia&parent=370"}],"curies":[{"name":"wp","href":"https:\/\/api.w.org\/{rel}","templated":true}]}}