{"id":378,"date":"2013-08-31T16:24:11","date_gmt":"2013-08-31T14:24:11","guid":{"rendered":"http:\/\/www.johannes-schuetzen.de\/?page_id=378"},"modified":"2016-04-19T15:31:52","modified_gmt":"2016-04-19T13:31:52","slug":"koenigshaus-1980","status":"publish","type":"page","link":"https:\/\/johannes-schuetzen.de\/?page_id=378","title":{"rendered":"K\u00f6nigshaus 1980"},"content":{"rendered":"<p><img  title=\"\" decoding=\"async\" src=\"https:\/\/johannes-schuetzen.de\/wp-content\/uploads\/2014\/05\/Koenigshaus-1980.jpg\"  alt=\"Koenigshaus-1980 K\u00f6nigshaus 1980\"  \/><\/p>\n<table>\n<tr>\n<td>K\u00f6nigspaar<\/td>\n<td>Karl und Annegrete Melchers<\/td>\n<\/tr>\n<tr>\n<td>Ministerpaare<\/td>\n<td>Leo \u2020 und Carla Mertens<\/td>\n<\/tr>\n<tr>\n<td><\/td>\n<td>Udo \u2020 und Heidi Schn\u00f6ring<\/td>\n<\/tr>\n<tr>\n<td>K\u00f6nigsgruppe<\/td>\n<td>Obercl\u00f6rath<\/td>\n<\/tr>\n<\/table>\n<p><a href=\"https:\/\/johannes-schuetzen.de\/?page_id=1193\" title=\"K\u00f6nigsh\u00e4user 1980 - 1989\">zur\u00fcck zur \u00dcbersicht<\/a><\/p>\n","protected":false},"excerpt":{"rendered":"<p>K\u00f6nigspaar Karl und Annegrete Melchers Ministerpaare Leo \u2020 und Carla Mertens Udo \u2020 und Heidi Schn\u00f6ring K\u00f6nigsgruppe Obercl\u00f6rath zur\u00fcck zur \u00dcbersicht<\/p>\n","protected":false},"author":1,"featured_media":0,"parent":1193,"menu_order":0,"comment_status":"closed","ping_status":"closed","template":"onecolumn-page.php","meta":{"footnotes":""},"class_list":["post-378","page","type-page","status-publish","hentry"],"_links":{"self":[{"href":"https:\/\/johannes-schuetzen.de\/index.php?rest_route=\/wp\/v2\/pages\/378","targetHints":{"allow":["GET"]}}],"collection":[{"href":"https:\/\/johannes-schuetzen.de\/index.php?rest_route=\/wp\/v2\/pages"}],"about":[{"href":"https:\/\/johannes-schuetzen.de\/index.php?rest_route=\/wp\/v2\/types\/page"}],"author":[{"embeddable":true,"href":"https:\/\/johannes-schuetzen.de\/index.php?rest_route=\/wp\/v2\/users\/1"}],"replies":[{"embeddable":true,"href":"https:\/\/johannes-schuetzen.de\/index.php?rest_route=%2Fwp%2Fv2%2Fcomments&post=378"}],"version-history":[{"count":2,"href":"https:\/\/johannes-schuetzen.de\/index.php?rest_route=\/wp\/v2\/pages\/378\/revisions"}],"predecessor-version":[{"id":1214,"href":"https:\/\/johannes-schuetzen.de\/index.php?rest_route=\/wp\/v2\/pages\/378\/revisions\/1214"}],"up":[{"embeddable":true,"href":"https:\/\/johannes-schuetzen.de\/index.php?rest_route=\/wp\/v2\/pages\/1193"}],"wp:attachment":[{"href":"https:\/\/johannes-schuetzen.de\/index.php?rest_route=%2Fwp%2Fv2%2Fmedia&parent=378"}],"curies":[{"name":"wp","href":"https:\/\/api.w.org\/{rel}","templated":true}]}}