{"id":48,"date":"2013-08-28T13:49:05","date_gmt":"2013-08-28T11:49:05","guid":{"rendered":"http:\/\/xn--johannes-schtzen-uzb.de\/?page_id=48"},"modified":"2025-11-19T20:37:41","modified_gmt":"2025-11-19T19:37:41","slug":"vorstand","status":"publish","type":"page","link":"https:\/\/johannes-schuetzen.de\/?page_id=48","title":{"rendered":"Vorstand"},"content":{"rendered":"\r\n<h2 class=\"wp-block-heading\">\u00a0<\/h2>\r\n\r\n\r\n\r\n<figure class=\"wp-block-table\">\r\n<table>\r\n<tbody>\r\n<tr>\r\n<td><b>Gesch\u00e4ftsf\u00fchrender Vorstand<\/b><\/td>\r\n<td>vorstand @ johannes-schuetzen.de<\/td>\r\n<\/tr>\r\n<tr>\r\n<td>\u00a0<\/td>\r\n<td>(OHNE Leerzeichen)<\/td>\r\n<\/tr>\r\n<tr>\r\n<td><img  title=\"\" loading=\"lazy\" decoding=\"async\" width=\"150\" height=\"189\" class=\"wp-image-2845\" style=\"width: 150px;\" src=\"https:\/\/johannes-schuetzen.de\/wp-content\/uploads\/2024\/02\/Herold_2023-scaled.jpg\"  alt=\"Herold_2023-scaled Vorstand\"  srcset=\"https:\/\/johannes-schuetzen.de\/wp-content\/uploads\/2024\/02\/Herold_2023-scaled.jpg 2037w, https:\/\/johannes-schuetzen.de\/wp-content\/uploads\/2024\/02\/Herold_2023-438x550.jpg 438w, https:\/\/johannes-schuetzen.de\/wp-content\/uploads\/2024\/02\/Herold_2023-815x1024.jpg 815w, https:\/\/johannes-schuetzen.de\/wp-content\/uploads\/2024\/02\/Herold_2023-119x150.jpg 119w, https:\/\/johannes-schuetzen.de\/wp-content\/uploads\/2024\/02\/Herold_2023-768x965.jpg 768w, https:\/\/johannes-schuetzen.de\/wp-content\/uploads\/2024\/02\/Herold_2023-1222x1536.jpg 1222w, https:\/\/johannes-schuetzen.de\/wp-content\/uploads\/2024\/02\/Herold_2023-1630x2048.jpg 1630w\" sizes=\"auto, (max-width: 150px) 100vw, 150px\" \/><\/td>\r\n<td><b>Pr\u00e4sident<\/b><br \/>Marcus Herold<br \/>Jakob-Krebs-Str. 70a<br \/>47877 Willich<br \/>Tel: (0176) 64112964<\/td>\r\n<\/tr>\r\n<tr>\r\n<td>\u00a0<\/td>\r\n<td>\u00a0<\/td>\r\n<\/tr>\r\n<tr>\r\n<td>\u00a0<img  title=\"\" loading=\"lazy\" decoding=\"async\" width=\"150\" height=\"199\" class=\"wp-image-2779\" style=\"width: 150px;\" src=\"https:\/\/johannes-schuetzen.de\/wp-content\/uploads\/2023\/03\/0308EEEC-D925-41CD-9412-F7E9EC346BCC-scaled.jpeg\"  alt=\"0308EEEC-D925-41CD-9412-F7E9EC346BCC-scaled Vorstand\"  srcset=\"https:\/\/johannes-schuetzen.de\/wp-content\/uploads\/2023\/03\/0308EEEC-D925-41CD-9412-F7E9EC346BCC-scaled.jpeg 1927w, https:\/\/johannes-schuetzen.de\/wp-content\/uploads\/2023\/03\/0308EEEC-D925-41CD-9412-F7E9EC346BCC-414x550.jpeg 414w, https:\/\/johannes-schuetzen.de\/wp-content\/uploads\/2023\/03\/0308EEEC-D925-41CD-9412-F7E9EC346BCC-771x1024.jpeg 771w, https:\/\/johannes-schuetzen.de\/wp-content\/uploads\/2023\/03\/0308EEEC-D925-41CD-9412-F7E9EC346BCC-113x150.jpeg 113w, https:\/\/johannes-schuetzen.de\/wp-content\/uploads\/2023\/03\/0308EEEC-D925-41CD-9412-F7E9EC346BCC-768x1020.jpeg 768w, https:\/\/johannes-schuetzen.de\/wp-content\/uploads\/2023\/03\/0308EEEC-D925-41CD-9412-F7E9EC346BCC-1156x1536.jpeg 1156w, https:\/\/johannes-schuetzen.de\/wp-content\/uploads\/2023\/03\/0308EEEC-D925-41CD-9412-F7E9EC346BCC-1541x2048.jpeg 1541w\" sizes=\"auto, (max-width: 150px) 100vw, 150px\" \/><\/td>\r\n<td><b>Vizepr\u00e4sident<\/b><br \/>Andreas Tives<br \/>Mertensweg 12<br \/>47877 Willich<br \/>Tel. (0179) 908 18 68<\/td>\r\n<\/tr>\r\n<tr>\r\n<td>\u00a0<\/td>\r\n<td>\u00a0<\/td>\r\n<\/tr>\r\n<tr>\r\n<td><img  title=\"\" loading=\"lazy\" decoding=\"async\" width=\"150\" height=\"225\" class=\"wp-image-2850\" style=\"width: 150px;\" src=\"https:\/\/johannes-schuetzen.de\/wp-content\/uploads\/2024\/04\/IMG58723.jpeg\"  alt=\"IMG58723 Vorstand\"  srcset=\"https:\/\/johannes-schuetzen.de\/wp-content\/uploads\/2024\/04\/IMG58723.jpeg 1667w, https:\/\/johannes-schuetzen.de\/wp-content\/uploads\/2024\/04\/IMG58723-367x550.jpeg 367w, https:\/\/johannes-schuetzen.de\/wp-content\/uploads\/2024\/04\/IMG58723-683x1024.jpeg 683w, https:\/\/johannes-schuetzen.de\/wp-content\/uploads\/2024\/04\/IMG58723-100x150.jpeg 100w, https:\/\/johannes-schuetzen.de\/wp-content\/uploads\/2024\/04\/IMG58723-768x1152.jpeg 768w, https:\/\/johannes-schuetzen.de\/wp-content\/uploads\/2024\/04\/IMG58723-1024x1536.jpeg 1024w, https:\/\/johannes-schuetzen.de\/wp-content\/uploads\/2024\/04\/IMG58723-1366x2048.jpeg 1366w\" sizes=\"auto, (max-width: 150px) 100vw, 150px\" \/><\/td>\r\n<td><b>Gesch\u00e4ftsf\u00fchrer<\/b><br \/>Marco Gotzes<br \/>Jakob-Krebs-Stra\u00dfe 96<br \/>47877 Willich<br \/>Tel.: (0171) 9673248<\/td>\r\n<\/tr>\r\n<tr>\r\n<td>\u00a0<\/td>\r\n<td>\u00a0<\/td>\r\n<\/tr>\r\n<tr>\r\n<td><img  title=\"\" loading=\"lazy\" decoding=\"async\" class=\"alignnone size-full wp-image-939\" src=\"https:\/\/johannes-schuetzen.de\/wp-content\/uploads\/2014\/06\/noimage.jpg\"  alt=\"noimage Vorstand\"  width=\"150\" height=\"188\" \/><\/td>\r\n<td><b>Kassiererin<\/b><br \/>Melanie Sieben<\/td>\r\n<\/tr>\r\n<tr>\r\n<td>\u00a0<\/td>\r\n<td>\u00a0<\/td>\r\n<\/tr>\r\n<tr>\r\n<td><img  title=\"\" decoding=\"async\" src=\"https:\/\/johannes-schuetzen.de\/wp-content\/uploads\/2015\/11\/Vorstand-CMaritzen.jpg\"  alt=\"Vorstand-CMaritzen Vorstand\"  \/><\/td>\r\n<td><b>Schriftf\u00fchrer<\/b><br \/>Christian Maritzen<br \/>Stock 26<br \/>47918 T\u00f6nisvorst<br \/>Tel: (0173) 3470742<\/td>\r\n<\/tr>\r\n<tr>\r\n<td>\u00a0<\/td>\r\n<td>\u00a0<\/td>\r\n<\/tr>\r\n<tr>\r\n<td><b>Vorstand<\/b><\/td>\r\n<td>\u00a0<\/td>\r\n<\/tr>\r\n<tr>\r\n<td>\u00a0<\/td>\r\n<td>\u00a0<\/td>\r\n<\/tr>\r\n<tr>\r\n<td><b>Stellvertretender Kassierer<\/b><br \/>Nils Karsch<\/td>\r\n<td><b>Stellvertretender Schriftf\u00fchrer<\/b><br \/>Daniel B\u00f6hm<\/td>\r\n<\/tr>\r\n<tr>\r\n<td>\u00a0<\/td>\r\n<td>\u00a0<\/td>\r\n<\/tr>\r\n<tr>\r\n<td><b>Jungsch\u00fctzenmeisterin<\/b><br \/>Melanie Altmayer<\/td>\r\n<td><b>Schie\u00dfmeister<\/b><br \/>Markus Berger<\/td>\r\n<\/tr>\r\n<tr>\r\n<td>\u00a0<\/td>\r\n<td>\u00a0<\/td>\r\n<\/tr>\r\n<tr>\r\n<td><b>1. <\/b><strong><b>Beisitze<\/b>rin<\/strong><br \/>Agnes Mro\u00df<\/td>\r\n<td><b>2. Beisitzer<\/b><br \/>Marcus Karsch<\/td>\r\n<\/tr>\r\n<tr>\r\n<td>\u00a0<\/td>\r\n<td>\u00a0<\/td>\r\n<\/tr>\r\n<tr>\r\n<td><b>3. Beisitzer<\/b><br \/>Jan Peter K\u00f6ttelwesch<\/td>\r\n<td><b>Ehrenpr\u00e4sident<\/b><br \/>Karl-Heinz Thivessen<\/td>\r\n<\/tr>\r\n<tr>\r\n<td>\u00a0<\/td>\r\n<td>\u00a0<\/td>\r\n<\/tr>\r\n<\/tbody>\r\n<\/table>\r\n<\/figure>\r\n","protected":false},"excerpt":{"rendered":"<p>\u00a0 Gesch\u00e4ftsf\u00fchrender Vorstand vorstand @ johannes-schuetzen.de \u00a0 (OHNE Leerzeichen) Pr\u00e4sidentMarcus HeroldJakob-Krebs-Str. 70a47877 WillichTel: (0176) 64112964 \u00a0 \u00a0 \u00a0 Vizepr\u00e4sidentAndreas TivesMertensweg 1247877 WillichTel. (0179) 908 18 68 \u00a0 \u00a0 Gesch\u00e4ftsf\u00fchrerMarco GotzesJakob-Krebs-Stra\u00dfe 9647877 WillichTel.: (0171) 9673248 \u00a0 \u00a0 KassiererinMelanie Sieben \u00a0 \u00a0 Schriftf\u00fchrerChristian MaritzenStock 2647918 T\u00f6nisvorstTel: (0173) 3470742 \u00a0 \u00a0 Vorstand \u00a0 \u00a0 \u00a0 Stellvertretender KassiererNils Karsch<\/p><\/div>\n<div class=\"blog-btn\"><a href=\"https:\/\/johannes-schuetzen.de\/?page_id=48\" class=\"home-blog-btn\">Weiterlesen<\/a><\/p>\n","protected":false},"author":3,"featured_media":0,"parent":51,"menu_order":0,"comment_status":"closed","ping_status":"closed","template":"","meta":{"footnotes":""},"class_list":["post-48","page","type-page","status-publish","hentry"],"_links":{"self":[{"href":"https:\/\/johannes-schuetzen.de\/index.php?rest_route=\/wp\/v2\/pages\/48","targetHints":{"allow":["GET"]}}],"collection":[{"href":"https:\/\/johannes-schuetzen.de\/index.php?rest_route=\/wp\/v2\/pages"}],"about":[{"href":"https:\/\/johannes-schuetzen.de\/index.php?rest_route=\/wp\/v2\/types\/page"}],"author":[{"embeddable":true,"href":"https:\/\/johannes-schuetzen.de\/index.php?rest_route=\/wp\/v2\/users\/3"}],"replies":[{"embeddable":true,"href":"https:\/\/johannes-schuetzen.de\/index.php?rest_route=%2Fwp%2Fv2%2Fcomments&post=48"}],"version-history":[{"count":106,"href":"https:\/\/johannes-schuetzen.de\/index.php?rest_route=\/wp\/v2\/pages\/48\/revisions"}],"predecessor-version":[{"id":3032,"href":"https:\/\/johannes-schuetzen.de\/index.php?rest_route=\/wp\/v2\/pages\/48\/revisions\/3032"}],"up":[{"embeddable":true,"href":"https:\/\/johannes-schuetzen.de\/index.php?rest_route=\/wp\/v2\/pages\/51"}],"wp:attachment":[{"href":"https:\/\/johannes-schuetzen.de\/index.php?rest_route=%2Fwp%2Fv2%2Fmedia&parent=48"}],"curies":[{"name":"wp","href":"https:\/\/api.w.org\/{rel}","templated":true}]}}