{"id":502,"date":"2013-08-31T20:01:31","date_gmt":"2013-08-31T18:01:31","guid":{"rendered":"http:\/\/www.johannes-schuetzen.de\/?page_id=502"},"modified":"2025-06-01T11:59:29","modified_gmt":"2025-06-01T09:59:29","slug":"gruppen-k-z","status":"publish","type":"page","link":"https:\/\/johannes-schuetzen.de\/?page_id=502","title":{"rendered":"Gruppen J bis Z"},"content":{"rendered":"\n<h2 class=\"wp-block-heading\">Sch\u00fctzengruppen J bis Z<\/h2>\n\n\n\n<figure class=\"wp-block-table\"><table><tbody><tr><td><a title=\"J\u00e4gerzug Cl\u00f6rath\" href=\"https:\/\/johannes-schuetzen.de\/?page_id=92\">J\u00e4gerzug Cl\u00f6rath<\/a><\/td><td><a title=\"Jut Jelonge Juschfotte\" href=\"https:\/\/johannes-schuetzen.de\/?page_id=104\">Jut Jelonge Juschfotte<\/a><\/td><td><a title=\"Lustige Bengels\" href=\"https:\/\/johannes-schuetzen.de\/?page_id=118\">Lustige Bengels<\/a><\/td><\/tr><tr><td>Mediziner<\/td><td><a title=\"Musketiere 2013\" href=\"https:\/\/johannes-schuetzen.de\/?page_id=127\">Musketiere 2013<\/a><\/td><td><a title=\"Musketiere\" href=\"https:\/\/johannes-schuetzen.de\/?page_id=86\">Musketiere<\/a><\/td><\/tr><tr><td><a title=\"Obercl\u00f6rath\" href=\"https:\/\/johannes-schuetzen.de\/?page_id=100\">Obercl\u00f6rath<\/a><\/td><td><\/td><td><\/td><\/tr><\/tbody><\/table><\/figure>\n","protected":false},"excerpt":{"rendered":"<p>Sch\u00fctzengruppen J bis Z J\u00e4gerzug Cl\u00f6rath Jut Jelonge Juschfotte Lustige Bengels Mediziner Musketiere 2013 Musketiere Obercl\u00f6rath<\/p>\n","protected":false},"author":1,"featured_media":0,"parent":71,"menu_order":0,"comment_status":"closed","ping_status":"closed","template":"","meta":{"footnotes":""},"class_list":["post-502","page","type-page","status-publish","hentry"],"_links":{"self":[{"href":"https:\/\/johannes-schuetzen.de\/index.php?rest_route=\/wp\/v2\/pages\/502","targetHints":{"allow":["GET"]}}],"collection":[{"href":"https:\/\/johannes-schuetzen.de\/index.php?rest_route=\/wp\/v2\/pages"}],"about":[{"href":"https:\/\/johannes-schuetzen.de\/index.php?rest_route=\/wp\/v2\/types\/page"}],"author":[{"embeddable":true,"href":"https:\/\/johannes-schuetzen.de\/index.php?rest_route=\/wp\/v2\/users\/1"}],"replies":[{"embeddable":true,"href":"https:\/\/johannes-schuetzen.de\/index.php?rest_route=%2Fwp%2Fv2%2Fcomments&post=502"}],"version-history":[{"count":7,"href":"https:\/\/johannes-schuetzen.de\/index.php?rest_route=\/wp\/v2\/pages\/502\/revisions"}],"predecessor-version":[{"id":2978,"href":"https:\/\/johannes-schuetzen.de\/index.php?rest_route=\/wp\/v2\/pages\/502\/revisions\/2978"}],"up":[{"embeddable":true,"href":"https:\/\/johannes-schuetzen.de\/index.php?rest_route=\/wp\/v2\/pages\/71"}],"wp:attachment":[{"href":"https:\/\/johannes-schuetzen.de\/index.php?rest_route=%2Fwp%2Fv2%2Fmedia&parent=502"}],"curies":[{"name":"wp","href":"https:\/\/api.w.org\/{rel}","templated":true}]}}