{"id":51,"date":"2013-08-28T13:51:14","date_gmt":"2013-08-28T11:51:14","guid":{"rendered":"http:\/\/xn--johannes-schtzen-uzb.de\/?page_id=51"},"modified":"2021-10-26T22:15:23","modified_gmt":"2021-10-26T20:15:23","slug":"vereinsleben","status":"publish","type":"page","link":"https:\/\/johannes-schuetzen.de\/?page_id=51","title":{"rendered":"Verein"},"content":{"rendered":"\n<p>Neben den <a title=\"Termine\" href=\"https:\/\/johannes-schuetzen.de\/?page_id=716\">Terminen<\/a> der Gesellschaft finden sie hier Informationen rund um unsere <a title=\"Offiziere\" href=\"https:\/\/johannes-schuetzen.de\/?page_id=147\">Offiziere<\/a>, <a href=\"https:\/\/johannes-schuetzen.de\/?page_id=71\">Sch\u00fctzengruppen<\/a>, unsere <a title=\"Satzung\" href=\"https:\/\/johannes-schuetzen.de\/?page_id=152\">Satzung<\/a>, oder auch unsere <a title=\"Schie\u00dfsportabteilung\" href=\"https:\/\/johannes-schuetzen.de\/?page_id=68\">Schie\u00dfsportabteilung<\/a>.<\/p>\n\n\n\n<p>Dar\u00fcber hinaus einen kleinen Einblick in unsere <a title=\"Sch\u00fctzenjugend\" href=\"https:\/\/johannes-schuetzen.de\/?page_id=169\">Sch\u00fctzenjugend<\/a> und Informationen zu unserem <a title=\"Vorstand\" href=\"https:\/\/johannes-schuetzen.de\/?page_id=48\">Vorstand<\/a>.<\/p>\n","protected":false},"excerpt":{"rendered":"<p>Neben den Terminen der Gesellschaft finden sie hier Informationen rund um unsere Offiziere, Sch\u00fctzengruppen, unsere Satzung, oder auch unsere Schie\u00dfsportabteilung. Dar\u00fcber hinaus einen kleinen Einblick in unsere Sch\u00fctzenjugend und Informationen zu unserem Vorstand.<\/p>\n","protected":false},"author":1,"featured_media":0,"parent":0,"menu_order":0,"comment_status":"closed","ping_status":"closed","template":"","meta":{"footnotes":""},"class_list":["post-51","page","type-page","status-publish","hentry"],"_links":{"self":[{"href":"https:\/\/johannes-schuetzen.de\/index.php?rest_route=\/wp\/v2\/pages\/51","targetHints":{"allow":["GET"]}}],"collection":[{"href":"https:\/\/johannes-schuetzen.de\/index.php?rest_route=\/wp\/v2\/pages"}],"about":[{"href":"https:\/\/johannes-schuetzen.de\/index.php?rest_route=\/wp\/v2\/types\/page"}],"author":[{"embeddable":true,"href":"https:\/\/johannes-schuetzen.de\/index.php?rest_route=\/wp\/v2\/users\/1"}],"replies":[{"embeddable":true,"href":"https:\/\/johannes-schuetzen.de\/index.php?rest_route=%2Fwp%2Fv2%2Fcomments&post=51"}],"version-history":[{"count":5,"href":"https:\/\/johannes-schuetzen.de\/index.php?rest_route=\/wp\/v2\/pages\/51\/revisions"}],"predecessor-version":[{"id":2447,"href":"https:\/\/johannes-schuetzen.de\/index.php?rest_route=\/wp\/v2\/pages\/51\/revisions\/2447"}],"wp:attachment":[{"href":"https:\/\/johannes-schuetzen.de\/index.php?rest_route=%2Fwp%2Fv2%2Fmedia&parent=51"}],"curies":[{"name":"wp","href":"https:\/\/api.w.org\/{rel}","templated":true}]}}