{"id":68,"date":"2013-08-29T08:42:47","date_gmt":"2013-08-29T06:42:47","guid":{"rendered":"http:\/\/www.johannes-schuetzen.de\/?page_id=68"},"modified":"2013-08-29T08:42:47","modified_gmt":"2013-08-29T06:42:47","slug":"schiesssportabteilung","status":"publish","type":"page","link":"https:\/\/johannes-schuetzen.de\/?page_id=68","title":{"rendered":"Schie\u00dfsportabteilung"},"content":{"rendered":"<p>Hier in K\u00fcrze Informationen zum Schie\u00dfsport.<\/p>\n","protected":false},"excerpt":{"rendered":"<p>Hier in K\u00fcrze Informationen zum Schie\u00dfsport.<\/p>\n","protected":false},"author":1,"featured_media":0,"parent":51,"menu_order":0,"comment_status":"closed","ping_status":"closed","template":"onecolumn-page.php","meta":{"footnotes":""},"class_list":["post-68","page","type-page","status-publish","hentry"],"_links":{"self":[{"href":"https:\/\/johannes-schuetzen.de\/index.php?rest_route=\/wp\/v2\/pages\/68","targetHints":{"allow":["GET"]}}],"collection":[{"href":"https:\/\/johannes-schuetzen.de\/index.php?rest_route=\/wp\/v2\/pages"}],"about":[{"href":"https:\/\/johannes-schuetzen.de\/index.php?rest_route=\/wp\/v2\/types\/page"}],"author":[{"embeddable":true,"href":"https:\/\/johannes-schuetzen.de\/index.php?rest_route=\/wp\/v2\/users\/1"}],"replies":[{"embeddable":true,"href":"https:\/\/johannes-schuetzen.de\/index.php?rest_route=%2Fwp%2Fv2%2Fcomments&post=68"}],"version-history":[{"count":0,"href":"https:\/\/johannes-schuetzen.de\/index.php?rest_route=\/wp\/v2\/pages\/68\/revisions"}],"up":[{"embeddable":true,"href":"https:\/\/johannes-schuetzen.de\/index.php?rest_route=\/wp\/v2\/pages\/51"}],"wp:attachment":[{"href":"https:\/\/johannes-schuetzen.de\/index.php?rest_route=%2Fwp%2Fv2%2Fmedia&parent=68"}],"curies":[{"name":"wp","href":"https:\/\/api.w.org\/{rel}","templated":true}]}}