{"id":88,"date":"2013-08-29T09:07:11","date_gmt":"2013-08-29T07:07:11","guid":{"rendered":"http:\/\/www.johannes-schuetzen.de\/?page_id=88"},"modified":"2021-10-27T22:37:21","modified_gmt":"2021-10-27T20:37:21","slug":"musketiere-1997","status":"publish","type":"page","link":"https:\/\/johannes-schuetzen.de\/?page_id=88","title":{"rendered":"Cl\u00f6rather Damenensemble"},"content":{"rendered":"\n<div class=\"wp-block-image\"><figure class=\"aligncenter\"><img  title=\"\" decoding=\"async\" src=\"https:\/\/johannes-schuetzen.de\/wp-content\/uploads\/2016\/12\/Damenensemble.jpg\"  alt=\"Damenensemble Cl\u00f6rather Damenensemble\" \/><figcaption>v.l.: Sabrina Fabry, Andrea Frehn, Jasmin Altmayer, Laura Schmitz, Kathrin Thelen, Agnes Mro\u00df, Miriam Graffunder, Evelin Mro\u00df<\/figcaption><\/figure><\/div>\n\n\n\n<p>`Einer F\u00fcr Alle Und Alle F\u00fcr Einen\u00b4<\/p>\n\n\n\n<p>Es war einmal eine Hand voll junger M\u00e4dels, die den gro\u00dfen Schritt wagten in einem von M\u00e4nnern dominierten Sch\u00fctzenverein eine Gruppe zu gr\u00fcnden, deren Name<br>`Die Musketiere\u00b4 lautet.<br>Im Laufe der Zeit schlossen sich Ihnen immer mehr M\u00e4dchen an.<br>Aufgrund des hohen Wachstums wurde die Gruppe in drei kleinere Gruppen aufgeteilt.<br>So entstanden wir, die Mittleren Musketiere.<br>Wir sind heute eine 12 k\u00f6pfige Truppe von engagierten, feierfesten aber dennoch traditionsbewussten M\u00e4dchen, die wie der Leitspruch besagt, stets f\u00fcreinander einstehen.<br>Angef\u00fchrt werden wir von Agnes Mro\u00df und Sina Kaul, die stets f\u00fcr Recht und Organisation sorgen. Unsere Zugf\u00fchrerin Evelin Mro\u00df und unser Spie\u00df Katharina Marx k\u00fcmmern sich um Gleichschritt, adrettes Auftreten und Ordnung.<br>So tragen wir mit Stolz Jahr f\u00fcr Jahr unsere k\u00f6nigsblauen Uniformen und freuen uns auf die n\u00e4chsten Jahre Tradition und Teamwork innerhalb des Vereins.<\/p>\n","protected":false},"excerpt":{"rendered":"<p>`Einer F\u00fcr Alle Und Alle F\u00fcr Einen\u00b4 Es war einmal eine Hand voll junger M\u00e4dels, die den gro\u00dfen Schritt wagten in einem von M\u00e4nnern dominierten Sch\u00fctzenverein eine Gruppe zu gr\u00fcnden, deren Name`Die Musketiere\u00b4 lautet.Im Laufe der Zeit schlossen sich Ihnen immer mehr M\u00e4dchen an.Aufgrund des hohen Wachstums wurde die Gruppe in drei kleinere Gruppen aufgeteilt.So<\/p><\/div>\n<div class=\"blog-btn\"><a href=\"https:\/\/johannes-schuetzen.de\/?page_id=88\" class=\"home-blog-btn\">Weiterlesen<\/a><\/p>\n","protected":false},"author":1,"featured_media":0,"parent":502,"menu_order":0,"comment_status":"closed","ping_status":"closed","template":"","meta":{"footnotes":""},"class_list":["post-88","page","type-page","status-publish","hentry"],"_links":{"self":[{"href":"https:\/\/johannes-schuetzen.de\/index.php?rest_route=\/wp\/v2\/pages\/88","targetHints":{"allow":["GET"]}}],"collection":[{"href":"https:\/\/johannes-schuetzen.de\/index.php?rest_route=\/wp\/v2\/pages"}],"about":[{"href":"https:\/\/johannes-schuetzen.de\/index.php?rest_route=\/wp\/v2\/types\/page"}],"author":[{"embeddable":true,"href":"https:\/\/johannes-schuetzen.de\/index.php?rest_route=\/wp\/v2\/users\/1"}],"replies":[{"embeddable":true,"href":"https:\/\/johannes-schuetzen.de\/index.php?rest_route=%2Fwp%2Fv2%2Fcomments&post=88"}],"version-history":[{"count":5,"href":"https:\/\/johannes-schuetzen.de\/index.php?rest_route=\/wp\/v2\/pages\/88\/revisions"}],"predecessor-version":[{"id":2562,"href":"https:\/\/johannes-schuetzen.de\/index.php?rest_route=\/wp\/v2\/pages\/88\/revisions\/2562"}],"up":[{"embeddable":true,"href":"https:\/\/johannes-schuetzen.de\/index.php?rest_route=\/wp\/v2\/pages\/502"}],"wp:attachment":[{"href":"https:\/\/johannes-schuetzen.de\/index.php?rest_route=%2Fwp%2Fv2%2Fmedia&parent=88"}],"curies":[{"name":"wp","href":"https:\/\/api.w.org\/{rel}","templated":true}]}}