{"id":98,"date":"2013-08-29T09:09:32","date_gmt":"2013-08-29T07:09:32","guid":{"rendered":"http:\/\/www.johannes-schuetzen.de\/?page_id=98"},"modified":"2025-06-16T07:05:30","modified_gmt":"2025-06-16T05:05:30","slug":"de-kavaliere","status":"publish","type":"page","link":"https:\/\/johannes-schuetzen.de\/?page_id=98","title":{"rendered":"De Kavaliere"},"content":{"rendered":"<div class=\"wp-block-image\">\n<figure class=\"aligncenter size-large\"><img  title=\"\" loading=\"lazy\" decoding=\"async\" width=\"1024\" height=\"1021\" src=\"https:\/\/johannes-schuetzen.de\/wp-content\/uploads\/2025\/06\/De-Kavaliere-2025-1024x1021.jpg\"  alt=\"De-Kavaliere-2025-1024x1021 De Kavaliere\"  class=\"wp-image-2988\" srcset=\"https:\/\/johannes-schuetzen.de\/wp-content\/uploads\/2025\/06\/De-Kavaliere-2025-1024x1021.jpg 1024w, https:\/\/johannes-schuetzen.de\/wp-content\/uploads\/2025\/06\/De-Kavaliere-2025-550x548.jpg 550w, https:\/\/johannes-schuetzen.de\/wp-content\/uploads\/2025\/06\/De-Kavaliere-2025-150x150.jpg 150w, https:\/\/johannes-schuetzen.de\/wp-content\/uploads\/2025\/06\/De-Kavaliere-2025-768x766.jpg 768w, https:\/\/johannes-schuetzen.de\/wp-content\/uploads\/2025\/06\/De-Kavaliere-2025-1536x1531.jpg 1536w, https:\/\/johannes-schuetzen.de\/wp-content\/uploads\/2025\/06\/De-Kavaliere-2025-2048x2042.jpg 2048w\" sizes=\"auto, (max-width: 1024px) 100vw, 1024px\" \/><figcaption class=\"wp-element-caption\">v.l.: Thorsten Walther, Oliver Tritsch, Dennis Rohm, Michael Breuer, Ren\u00e9 Peters<\/figcaption><\/figure>\n<\/div>\n\n<div class=\"wp-block-image\">\n<figure class=\"alignleft\"><img  title=\"\" decoding=\"async\" src=\"http:\/\/www.johannes-schuetzen.de\/wp-content\/uploads\/2013\/09\/Wappen-De-Kavaliere.jpg\"  alt=\"Wappen-De-Kavaliere De Kavaliere\" \/><\/figure>\n<\/div>\n\n\n<p>Bei einem Besuch des Cl\u00f6rather-Sch\u00fctzenfestes erinnerten sich vier M\u00e4nner an ihre Zeit in der Sch\u00fctzenjugend. Darauf gr\u00fcndeten sie im Jahr 2000 die Sch\u00fctzengruppe \u201eDe`Kavaliere\u201c. In Anlehnung an historische Fotos w\u00e4hlten sie den schwarzen Anzug als Uniform, wie er um 1900 von der B\u00fcrgerschaft getragen wurde.<br>Schnell entwickelte sich ein fr\u00f6hliches Gruppenleben und die Zahl der Gruppenmitglieder wuchs. Neben monatlichen Treffen im Wachlokal, wurde der j\u00e4hrliche Vogelschuss zur Ermittlung des Gruppenk\u00f6nigs fester Bestandteil des Sch\u00fctzenjahres.<br>So sch\u00f6n die Heimat, doch interessant ist die Ferne. Daher scharren De`Kavaliere jeden Herbst mit den Hufen und reisen f\u00fcr einige Tage mit Bus, Bahn oder Flugzeug an ein fernes Ziel. \u00dcberw\u00e4ltigt von dem \u201ekulturellen Angebot\u201c und den \u201egebrauten K\u00f6stlichkeiten\u201c fremder V\u00f6lker, steuerten sie einige Ziele schon des \u00d6fteren an.<br>De`Kavaliere zeichnen sich nicht nur durch besondere Geselligkeit aus, sie engagieren sich auch gerne f\u00fcr den Fortbestand der Tradition. So stellten sie bereits verschiedene Mitglieder des gesch\u00e4ftsf\u00fchrenden und des erweiterten Vorstandes und haben gerne \u00fcber Jahre das Grillen der Sch\u00fctzengesellschaft am Schie\u00dfplatz \u00fcbernommen. Ein besonderer H\u00f6hepunkt f\u00fcr die Gruppe war das Jahr 2002, als sie das K\u00f6nigshaus der Gesellschaft stellten.<br>Das Jubil\u00e4umssch\u00fctzenfest starten De`Kavaliere mit ihrem traditionellen Sektfr\u00fchst\u00fcck und w\u00fcnschen dem amtierenden K\u00f6nigshaus und allen Sch\u00fctzen<\/p>\n\n\n\n<p class=\"has-text-align-center\"><strong>ne Superjeilezick!<\/strong><\/p>\n","protected":false},"excerpt":{"rendered":"<p>Bei einem Besuch des Cl\u00f6rather-Sch\u00fctzenfestes erinnerten sich vier M\u00e4nner an ihre Zeit in der Sch\u00fctzenjugend. Darauf gr\u00fcndeten sie im Jahr 2000 die Sch\u00fctzengruppe \u201eDe`Kavaliere\u201c. In Anlehnung an historische Fotos w\u00e4hlten sie den schwarzen Anzug als Uniform, wie er um 1900 von der B\u00fcrgerschaft getragen wurde.Schnell entwickelte sich ein fr\u00f6hliches Gruppenleben und die Zahl der Gruppenmitglieder<\/p><\/div>\n<div class=\"blog-btn\"><a href=\"https:\/\/johannes-schuetzen.de\/?page_id=98\" class=\"home-blog-btn\">Weiterlesen<\/a><\/p>\n","protected":false},"author":1,"featured_media":0,"parent":498,"menu_order":0,"comment_status":"closed","ping_status":"closed","template":"","meta":{"footnotes":""},"class_list":["post-98","page","type-page","status-publish","hentry"],"_links":{"self":[{"href":"https:\/\/johannes-schuetzen.de\/index.php?rest_route=\/wp\/v2\/pages\/98","targetHints":{"allow":["GET"]}}],"collection":[{"href":"https:\/\/johannes-schuetzen.de\/index.php?rest_route=\/wp\/v2\/pages"}],"about":[{"href":"https:\/\/johannes-schuetzen.de\/index.php?rest_route=\/wp\/v2\/types\/page"}],"author":[{"embeddable":true,"href":"https:\/\/johannes-schuetzen.de\/index.php?rest_route=\/wp\/v2\/users\/1"}],"replies":[{"embeddable":true,"href":"https:\/\/johannes-schuetzen.de\/index.php?rest_route=%2Fwp%2Fv2%2Fcomments&post=98"}],"version-history":[{"count":5,"href":"https:\/\/johannes-schuetzen.de\/index.php?rest_route=\/wp\/v2\/pages\/98\/revisions"}],"predecessor-version":[{"id":2990,"href":"https:\/\/johannes-schuetzen.de\/index.php?rest_route=\/wp\/v2\/pages\/98\/revisions\/2990"}],"up":[{"embeddable":true,"href":"https:\/\/johannes-schuetzen.de\/index.php?rest_route=\/wp\/v2\/pages\/498"}],"wp:attachment":[{"href":"https:\/\/johannes-schuetzen.de\/index.php?rest_route=%2Fwp%2Fv2%2Fmedia&parent=98"}],"curies":[{"name":"wp","href":"https:\/\/api.w.org\/{rel}","templated":true}]}}